{"id":3581,"date":"2025-10-09T00:00:00","date_gmt":"2025-10-08T22:00:00","guid":{"rendered":"https:\/\/yotavis.ch\/product\/sdg2122x\/"},"modified":"2026-04-24T13:27:26","modified_gmt":"2026-04-24T11:27:26","slug":"sdg2122x","status":"publish","type":"product","link":"https:\/\/yotavis.ch\/pl\/produkt\/sdg2122x\/","title":{"rendered":"SDG2122X"},"content":{"rendered":"<p>Siglent SDG2122X charakteryzuje si\u0119 maksymaln\u0105 cz\u0119stotliwo\u015bci\u0105 120 MHz i oferuje 2 kana\u0142y wyj\u015bciowe przebiegu. Obs\u0142uguje cz\u0119stotliwo\u015b\u0107 pr\u00f3bkowania 300 MS\/s i g\u0142\u0119boko\u015b\u0107 pami\u0119ci 8 Mpts, umo\u017cliwiaj\u0105c szczeg\u00f3\u0142owe generowanie i analiz\u0119 przebieg\u00f3w. Urz\u0105dzenie wykorzystuje technologi\u0119 EasyPulse i mo\u017ce generowa\u0107 przebiegi o d\u0142ugo\u015bci od 8 punkt\u00f3w do 8 milion\u00f3w punkt\u00f3w. Obs\u0142uguje zar\u00f3wno funkcje sweep, jak i burst, co zwi\u0119ksza jego wszechstronno\u015b\u0107 w generowaniu sygna\u0142\u00f3w. Minimalny czas przej\u015bcia wynosi 8,4 ns, a minimalna szeroko\u015b\u0107 impulsu 16,3 ns, co umo\u017cliwia precyzyjn\u0105 kontrol\u0119 nad czasem sygna\u0142u. Amplituda mo\u017ce si\u0119ga\u0107 nawet 10 V, zapewniaj\u0105c szeroki zakres poziom\u00f3w wyj\u015bciowych dla r\u00f3\u017cnych zastosowa\u0144. Model ten zosta\u0142 zaprojektowany do dostarczania dowolnych przebieg\u00f3w wyj\u015bciowych z wysok\u0105 rozdzielczo\u015bci\u0105 i elastyczno\u015bci\u0105.<\/p>","protected":false},"excerpt":{"rendered":"<p>120MHz; 2 kana\u0142y; 1.2GSa\/s; d\u0142ugo\u015b\u0107 fali: 8pts-8Mpts funkcja\/arbitralny przebieg wyj\u015bciowy; technologia EasyPulse<\/p>","protected":false},"featured_media":4921,"comment_status":"closed","ping_status":"closed","template":"","meta":{"_acf_changed":false,"slim_seo":{"title":"SDG2122X - YOTAVIS AG","description":"120MHz; 2 kana\u0142y; 1.2GSa\/s; d\u0142ugo\u015b\u0107 fali: 8pts-8Mpts funkcja\/arbitralny przebieg wyj\u015bciowy; technologia EasyPulse"}},"product_brand":[506],"product_cat":[1189,541,513],"product_tag":[],"class_list":{"0":"post-3581","1":"product","2":"type-product","3":"status-publish","4":"has-post-thumbnail","6":"product_brand-siglent","7":"product_cat-afg","8":"product_cat-awg","9":"product_cat-generator","10":"pa_amplitude-v-106","11":"pa_burst-yes","12":"pa_channels-350","13":"pa_frequency-mhz-120","14":"pa_memory-mpts-128","15":"pa_pulse-width-min-ns-16-3","16":"pa_sampling-rate-ms-s-127","17":"pa_sweep-yes","18":"pa_transition-time-min-ns-8-4","19":"pa_vertical-resolution-bits-125","21":"first","22":"instock","23":"taxable","24":"shipping-taxable","25":"purchasable","26":"product-type-simple"},"acf":[],"_links":{"self":[{"href":"https:\/\/yotavis.ch\/pl\/wp-json\/wp\/v2\/product\/3581","targetHints":{"allow":["GET"]}}],"collection":[{"href":"https:\/\/yotavis.ch\/pl\/wp-json\/wp\/v2\/product"}],"about":[{"href":"https:\/\/yotavis.ch\/pl\/wp-json\/wp\/v2\/types\/product"}],"replies":[{"embeddable":true,"href":"https:\/\/yotavis.ch\/pl\/wp-json\/wp\/v2\/comments?post=3581"}],"wp:featuredmedia":[{"embeddable":true,"href":"https:\/\/yotavis.ch\/pl\/wp-json\/wp\/v2\/media\/4921"}],"wp:attachment":[{"href":"https:\/\/yotavis.ch\/pl\/wp-json\/wp\/v2\/media?parent=3581"}],"wp:term":[{"taxonomy":"product_brand","embeddable":true,"href":"https:\/\/yotavis.ch\/pl\/wp-json\/wp\/v2\/product_brand?post=3581"},{"taxonomy":"product_cat","embeddable":true,"href":"https:\/\/yotavis.ch\/pl\/wp-json\/wp\/v2\/product_cat?post=3581"},{"taxonomy":"product_tag","embeddable":true,"href":"https:\/\/yotavis.ch\/pl\/wp-json\/wp\/v2\/product_tag?post=3581"}],"curies":[{"name":"wp","href":"https:\/\/api.w.org\/{rel}","templated":true}]}}