{"id":3582,"date":"2025-10-09T00:00:00","date_gmt":"2025-10-08T22:00:00","guid":{"rendered":"https:\/\/yotavis.ch\/product\/sdg6022x\/"},"modified":"2026-04-24T13:27:29","modified_gmt":"2026-04-24T11:27:29","slug":"sdg6022x","status":"publish","type":"product","link":"https:\/\/yotavis.ch\/pl\/produkt\/sdg6022x\/","title":{"rendered":"SDG6022X"},"content":{"rendered":"<p>SDG6022X firmy Siglent charakteryzuje si\u0119 maksymaln\u0105 cz\u0119stotliwo\u015bci\u0105 200 MHz i oferuje dwa kana\u0142y wyj\u015bciowe sygna\u0142u. Obs\u0142uguje cz\u0119stotliwo\u015b\u0107 pr\u00f3bkowania 2,4 GSa\/s i zapewnia rozdzielczo\u015b\u0107 pionow\u0105 16 bit\u00f3w. Urz\u0105dzenie oferuje funkcje i mo\u017cliwo\u015b\u0107 wyprowadzania przebieg\u00f3w arbitralnych o d\u0142ugo\u015bci od 2 do 20 milion\u00f3w punkt\u00f3w. Wykorzystuje technologi\u0119 EasyPulse i TrueArb w celu usprawnienia generowania przebieg\u00f3w. G\u0142\u0119boko\u015b\u0107 pami\u0119ci wynosi 20 milion\u00f3w punkt\u00f3w, a cz\u0119stotliwo\u015b\u0107 pr\u00f3bkowania okre\u015blono na 300 MS\/s. Dodatkowe funkcje obejmuj\u0105 tryby sweep i burst, minimalny czas przej\u015bcia wynosz\u0105cy 2 nanosekundy i minimaln\u0105 szeroko\u015b\u0107 impulsu wynosz\u0105c\u0105 3,4 nanosekundy. Amplituda mo\u017ce si\u0119ga\u0107 nawet 10 V.<\/p>","protected":false},"excerpt":{"rendered":"<p>200 MHz; 2 kana\u0142y; 2,4 GSa\/s; 16 bit\u00f3w; d\u0142ugo\u015b\u0107 fali Arb: 2 ~ 20 Mpts; wyj\u015bcie funkcji \/ fali arbitralnej; technologia EasyPulse i TrueArb;<\/p>","protected":false},"featured_media":4927,"comment_status":"closed","ping_status":"closed","template":"","meta":{"_acf_changed":false,"slim_seo":{"title":"SDG6022X - YOTAVIS AG","description":"200 MHz; 2 kana\u0142y; 2,4 GSa\/s; 16 bit\u00f3w; d\u0142ugo\u015b\u0107 fali Arb: 2 ~ 20 Mpts; wyj\u015bcie funkcji \/ fali arbitralnej; technologia EasyPulse i TrueArb;"}},"product_brand":[506],"product_cat":[1189,541,513],"product_tag":[],"class_list":{"0":"post-3582","1":"product","2":"type-product","3":"status-publish","4":"has-post-thumbnail","6":"product_brand-siglent","7":"product_cat-afg","8":"product_cat-awg","9":"product_cat-generator","10":"pa_amplitude-v-106","11":"pa_burst-yes","12":"pa_channels-350","13":"pa_frequency-mhz-132","14":"pa_memory-mpts-133","15":"pa_pulse-width-min-ns-3-4","16":"pa_sampling-rate-ms-s-127","17":"pa_sweep-yes","18":"pa_transition-time-min-ns-134","19":"pa_vertical-resolution-bits-125","21":"first","22":"instock","23":"taxable","24":"shipping-taxable","25":"purchasable","26":"product-type-simple"},"acf":[],"_links":{"self":[{"href":"https:\/\/yotavis.ch\/pl\/wp-json\/wp\/v2\/product\/3582","targetHints":{"allow":["GET"]}}],"collection":[{"href":"https:\/\/yotavis.ch\/pl\/wp-json\/wp\/v2\/product"}],"about":[{"href":"https:\/\/yotavis.ch\/pl\/wp-json\/wp\/v2\/types\/product"}],"replies":[{"embeddable":true,"href":"https:\/\/yotavis.ch\/pl\/wp-json\/wp\/v2\/comments?post=3582"}],"wp:featuredmedia":[{"embeddable":true,"href":"https:\/\/yotavis.ch\/pl\/wp-json\/wp\/v2\/media\/4927"}],"wp:attachment":[{"href":"https:\/\/yotavis.ch\/pl\/wp-json\/wp\/v2\/media?parent=3582"}],"wp:term":[{"taxonomy":"product_brand","embeddable":true,"href":"https:\/\/yotavis.ch\/pl\/wp-json\/wp\/v2\/product_brand?post=3582"},{"taxonomy":"product_cat","embeddable":true,"href":"https:\/\/yotavis.ch\/pl\/wp-json\/wp\/v2\/product_cat?post=3582"},{"taxonomy":"product_tag","embeddable":true,"href":"https:\/\/yotavis.ch\/pl\/wp-json\/wp\/v2\/product_tag?post=3582"}],"curies":[{"name":"wp","href":"https:\/\/api.w.org\/{rel}","templated":true}]}}