{"id":3583,"date":"2025-10-09T00:00:00","date_gmt":"2025-10-08T22:00:00","guid":{"rendered":"https:\/\/yotavis.ch\/product\/sdg6032x\/"},"modified":"2026-04-24T13:27:29","modified_gmt":"2026-04-24T11:27:29","slug":"sdg6032x","status":"publish","type":"product","link":"https:\/\/yotavis.ch\/pl\/produkt\/sdg6032x\/","title":{"rendered":"SDG6032X"},"content":{"rendered":"<p>SDG6032X firmy Siglent to generator przebieg\u00f3w funkcyjnych\/arbitralnych o maksymalnej cz\u0119stotliwo\u015bci 350 MHz i dw\u00f3ch kana\u0142ach wyj\u015bciowych. Obs\u0142uguje cz\u0119stotliwo\u015b\u0107 pr\u00f3bkowania 2,4 GSa\/s z rozdzielczo\u015bci\u0105 pionow\u0105 16 bit\u00f3w, umo\u017cliwiaj\u0105c generowanie szczeg\u00f3\u0142owych przebieg\u00f3w. Urz\u0105dzenie wykorzystuje technologie EasyPulse i TrueArb, zwi\u0119kszaj\u0105c mo\u017cliwo\u015bci generowania przebieg\u00f3w. Oferuje dowoln\u0105 d\u0142ugo\u015b\u0107 fali w zakresie od 2 do 20 milion\u00f3w punkt\u00f3w, zapewniaj\u0105c du\u017c\u0105 g\u0142\u0119boko\u015b\u0107 pami\u0119ci do tworzenia z\u0142o\u017conych sygna\u0142\u00f3w. Generator obs\u0142uguje tryby sweep i burst, z minimaln\u0105 szeroko\u015bci\u0105 impulsu wynosz\u0105c\u0105 3,3 nanosekundy i czasem przej\u015bcia wynosz\u0105cym zaledwie 1 nanosekund\u0119. Amplituda mo\u017ce si\u0119ga\u0107 nawet 10 V, a cz\u0119stotliwo\u015b\u0107 pr\u00f3bkowania okre\u015blono na 300 MS\/s. Dzi\u0119ki pojemno\u015bci pami\u0119ci wynosz\u0105cej 20 milion\u00f3w punkt\u00f3w, SDG6032X zosta\u0142 zaprojektowany do obs\u0142ugi szerokiego zakresu zada\u0144 generowania sygna\u0142\u00f3w wymagaj\u0105cych precyzji i elastyczno\u015bci.<\/p>","protected":false},"excerpt":{"rendered":"<p>350MHz; 2 kana\u0142y; 2,4GSa\/s; 16bit; d\u0142ugo\u015b\u0107 fali Arb: 2~20Mpts; funkcja\/arbitralny przebieg wyj\u015bciowy; technologia EasyPulse i TrueArb;<\/p>","protected":false},"featured_media":4939,"comment_status":"closed","ping_status":"closed","template":"","meta":{"_acf_changed":false,"slim_seo":{"title":"SDG6032X - YOTAVIS AG","description":"350MHz; 2 kana\u0142y; 2,4GSa\/s; 16bit; d\u0142ugo\u015b\u0107 fali Arb: 2~20Mpts; funkcja\/arbitralny przebieg wyj\u015bciowy; technologia EasyPulse i TrueArb;"}},"product_brand":[506],"product_cat":[1189,541,513],"product_tag":[],"class_list":{"0":"post-3583","1":"product","2":"type-product","3":"status-publish","4":"has-post-thumbnail","6":"product_brand-siglent","7":"product_cat-afg","8":"product_cat-awg","9":"product_cat-generator","10":"pa_amplitude-v-106","11":"pa_burst-yes","12":"pa_channels-350","13":"pa_frequency-mhz-136","14":"pa_memory-mpts-133","15":"pa_pulse-width-min-ns-3-3","16":"pa_sampling-rate-ms-s-127","17":"pa_sweep-yes","18":"pa_transition-time-min-ns-137","19":"pa_vertical-resolution-bits-125","21":"first","22":"instock","23":"taxable","24":"shipping-taxable","25":"purchasable","26":"product-type-simple"},"acf":[],"_links":{"self":[{"href":"https:\/\/yotavis.ch\/pl\/wp-json\/wp\/v2\/product\/3583","targetHints":{"allow":["GET"]}}],"collection":[{"href":"https:\/\/yotavis.ch\/pl\/wp-json\/wp\/v2\/product"}],"about":[{"href":"https:\/\/yotavis.ch\/pl\/wp-json\/wp\/v2\/types\/product"}],"replies":[{"embeddable":true,"href":"https:\/\/yotavis.ch\/pl\/wp-json\/wp\/v2\/comments?post=3583"}],"wp:featuredmedia":[{"embeddable":true,"href":"https:\/\/yotavis.ch\/pl\/wp-json\/wp\/v2\/media\/4939"}],"wp:attachment":[{"href":"https:\/\/yotavis.ch\/pl\/wp-json\/wp\/v2\/media?parent=3583"}],"wp:term":[{"taxonomy":"product_brand","embeddable":true,"href":"https:\/\/yotavis.ch\/pl\/wp-json\/wp\/v2\/product_brand?post=3583"},{"taxonomy":"product_cat","embeddable":true,"href":"https:\/\/yotavis.ch\/pl\/wp-json\/wp\/v2\/product_cat?post=3583"},{"taxonomy":"product_tag","embeddable":true,"href":"https:\/\/yotavis.ch\/pl\/wp-json\/wp\/v2\/product_tag?post=3583"}],"curies":[{"name":"wp","href":"https:\/\/api.w.org\/{rel}","templated":true}]}}