{"id":3584,"date":"2025-10-09T00:00:00","date_gmt":"2025-10-08T22:00:00","guid":{"rendered":"https:\/\/yotavis.ch\/product\/sdg6052x\/"},"modified":"2026-04-24T13:27:29","modified_gmt":"2026-04-24T11:27:29","slug":"sdg6052x","status":"publish","type":"product","link":"https:\/\/yotavis.ch\/pl\/produkt\/sdg6052x\/","title":{"rendered":"SDG6052X"},"content":{"rendered":"<p>SDG6052X firmy Siglent to generator przebieg\u00f3w funkcyjnych\/arbitralnych o cz\u0119stotliwo\u015bci 500 MHz z dwoma kana\u0142ami i cz\u0119stotliwo\u015bci\u0105 pr\u00f3bkowania 2,4 GSa\/s. Oferuje rozdzielczo\u015b\u0107 pionow\u0105 16 bit\u00f3w i obs\u0142uguje przebiegi o d\u0142ugo\u015bci od 2 do 20 milion\u00f3w punkt\u00f3w. Urz\u0105dzenie wykorzystuje technologie EasyPulse i TrueArb w celu zwi\u0119kszenia mo\u017cliwo\u015bci generowania przebieg\u00f3w. Ma maksymaln\u0105 amplitud\u0119 10 V i obs\u0142uguje funkcje sweep i burst. Cz\u0119stotliwo\u015b\u0107 pr\u00f3bkowania wynosi 300 MS\/s, a g\u0142\u0119boko\u015b\u0107 pami\u0119ci 20 Mpts. Minimalny czas przej\u015bcia wynosi 1 nanosekund\u0119, a minimalna szeroko\u015b\u0107 impulsu to 3,3 nanosekundy. Model ten zosta\u0142 zaprojektowany w celu zapewnienia precyzyjnych i elastycznych przebieg\u00f3w wyj\u015bciowych do r\u00f3\u017cnych zastosowa\u0144 testowych i pomiarowych.<\/p>","protected":false},"excerpt":{"rendered":"<p>500MHz; 2 kana\u0142y; 2.4GSa\/s; 16bit; d\u0142ugo\u015b\u0107 fali Arb: 2~20Mpts; wyj\u015bcie funkcji\/arbitralnej fali; technologia EasyPulse i TrueArb<\/p>","protected":false},"featured_media":4939,"comment_status":"closed","ping_status":"closed","template":"","meta":{"_acf_changed":false,"slim_seo":{"title":"SDG6052X - YOTAVIS AG","description":"500MHz; 2 kana\u0142y; 2.4GSa\/s; 16bit; d\u0142ugo\u015b\u0107 fali Arb: 2~20Mpts; wyj\u015bcie funkcji\/arbitralnej fali; technologia EasyPulse i TrueArb"}},"product_brand":[506],"product_cat":[1189,541,513],"product_tag":[],"class_list":{"0":"post-3584","1":"product","2":"type-product","3":"status-publish","4":"has-post-thumbnail","6":"product_brand-siglent","7":"product_cat-afg","8":"product_cat-awg","9":"product_cat-generator","10":"pa_amplitude-v-106","11":"pa_burst-yes","12":"pa_channels-350","13":"pa_frequency-mhz-139","14":"pa_memory-mpts-133","15":"pa_pulse-width-min-ns-3-3","16":"pa_sampling-rate-ms-s-127","17":"pa_sweep-yes","18":"pa_transition-time-min-ns-137","19":"pa_vertical-resolution-bits-125","21":"first","22":"instock","23":"taxable","24":"shipping-taxable","25":"purchasable","26":"product-type-simple"},"acf":[],"_links":{"self":[{"href":"https:\/\/yotavis.ch\/pl\/wp-json\/wp\/v2\/product\/3584","targetHints":{"allow":["GET"]}}],"collection":[{"href":"https:\/\/yotavis.ch\/pl\/wp-json\/wp\/v2\/product"}],"about":[{"href":"https:\/\/yotavis.ch\/pl\/wp-json\/wp\/v2\/types\/product"}],"replies":[{"embeddable":true,"href":"https:\/\/yotavis.ch\/pl\/wp-json\/wp\/v2\/comments?post=3584"}],"wp:featuredmedia":[{"embeddable":true,"href":"https:\/\/yotavis.ch\/pl\/wp-json\/wp\/v2\/media\/4939"}],"wp:attachment":[{"href":"https:\/\/yotavis.ch\/pl\/wp-json\/wp\/v2\/media?parent=3584"}],"wp:term":[{"taxonomy":"product_brand","embeddable":true,"href":"https:\/\/yotavis.ch\/pl\/wp-json\/wp\/v2\/product_brand?post=3584"},{"taxonomy":"product_cat","embeddable":true,"href":"https:\/\/yotavis.ch\/pl\/wp-json\/wp\/v2\/product_cat?post=3584"},{"taxonomy":"product_tag","embeddable":true,"href":"https:\/\/yotavis.ch\/pl\/wp-json\/wp\/v2\/product_tag?post=3584"}],"curies":[{"name":"wp","href":"https:\/\/api.w.org\/{rel}","templated":true}]}}