{"id":3585,"date":"2025-10-09T00:00:00","date_gmt":"2025-10-08T22:00:00","guid":{"rendered":"https:\/\/yotavis.ch\/product\/spd3303c\/"},"modified":"2026-04-24T13:27:30","modified_gmt":"2026-04-24T11:27:30","slug":"spd3303c","status":"publish","type":"product","link":"https:\/\/yotavis.ch\/pl\/produkt\/spd3303c\/","title":{"rendered":"SPD3303C"},"content":{"rendered":"<p>SPD3303C firmy Siglent posiada trzy niezale\u017cnie sterowane wyj\u015bcia, w tym dwa wyj\u015bcia o napi\u0119ciu znamionowym 30 V\/3 A ka\u017cde i jedno prze\u0142\u0105czane wyj\u015bcie oferuj\u0105ce 2,5 V, 3,3 V lub 5 V przy 3 A. Ten precyzyjny zasilacz jest programowalny, co pozwala na wszechstronne dzia\u0142anie w r\u00f3\u017cnych zastosowaniach. Zapewnia maksymaln\u0105 moc wyj\u015bciow\u0105 wynosz\u0105c\u0105 220 W, przy napi\u0119ciu do 32 V i ograniczeniu pr\u0105du do 3,2 A. Urz\u0105dzenie obs\u0142uguje funkcj\u0119 zdalnego sterowania, umo\u017cliwiaj\u0105c u\u017cytkownikom obs\u0142ug\u0119 na odleg\u0142o\u015b\u0107 dla wygody i wydajno\u015bci. Dzi\u0119ki trzem kana\u0142om wyj\u015bciowym, SPD3303C zosta\u0142 zaprojektowany tak, aby zapewni\u0107 niezawodne i elastyczne zarz\u0105dzanie energi\u0105. Jego konfiguracja obs\u0142uguje wiele ustawie\u0144 napi\u0119cia i pr\u0105du, dzi\u0119ki czemu nadaje si\u0119 do \u015brodowisk testowych i programistycznych, kt\u00f3re wymagaj\u0105 precyzyjnego dostarczania mocy. Po\u0142\u0105czenie programowalnych funkcji i niezale\u017cnych wyj\u015b\u0107 sprawia, \u017ce zasilacz ten mo\u017cna dostosowa\u0107 do z\u0142o\u017conych konfiguracji wymagaj\u0105cych r\u00f3\u017cnych \u017ar\u00f3de\u0142 zasilania.<\/p>","protected":false},"excerpt":{"rendered":"<p>Precyzyjna tr\u00f3jdro\u017cna moc wyj\u015bciowa z niezale\u017cnym sterowaniem: 30V\/3A X2, prze\u0142\u0105czane 2,5V\/3,3V\/5V\/3A X1; Programowalne<\/p>","protected":false},"featured_media":4940,"comment_status":"closed","ping_status":"closed","template":"","meta":{"_acf_changed":false,"slim_seo":{"title":"SPD3303C - YOTAVIS AG","description":"Precyzyjna tr\u00f3jdro\u017cna moc wyj\u015bciowa z niezale\u017cnym sterowaniem: 30V\/3A X2, prze\u0142\u0105czane 2,5V\/3,3V\/5V\/3A X1; Programowalne"}},"product_brand":[506],"product_cat":[516,515],"product_tag":[],"class_list":{"0":"post-3585","1":"product","2":"type-product","3":"status-publish","4":"has-post-thumbnail","6":"product_brand-siglent","7":"product_cat-dc-source-en","8":"product_cat-power-en","9":"pa_current-a-3-2","10":"pa_output-number-141","11":"pa_power-w-387","12":"pa_remote-control-yes","13":"pa_voltage-v-140","15":"first","16":"instock","17":"taxable","18":"shipping-taxable","19":"purchasable","20":"product-type-simple"},"acf":[],"_links":{"self":[{"href":"https:\/\/yotavis.ch\/pl\/wp-json\/wp\/v2\/product\/3585","targetHints":{"allow":["GET"]}}],"collection":[{"href":"https:\/\/yotavis.ch\/pl\/wp-json\/wp\/v2\/product"}],"about":[{"href":"https:\/\/yotavis.ch\/pl\/wp-json\/wp\/v2\/types\/product"}],"replies":[{"embeddable":true,"href":"https:\/\/yotavis.ch\/pl\/wp-json\/wp\/v2\/comments?post=3585"}],"wp:featuredmedia":[{"embeddable":true,"href":"https:\/\/yotavis.ch\/pl\/wp-json\/wp\/v2\/media\/4940"}],"wp:attachment":[{"href":"https:\/\/yotavis.ch\/pl\/wp-json\/wp\/v2\/media?parent=3585"}],"wp:term":[{"taxonomy":"product_brand","embeddable":true,"href":"https:\/\/yotavis.ch\/pl\/wp-json\/wp\/v2\/product_brand?post=3585"},{"taxonomy":"product_cat","embeddable":true,"href":"https:\/\/yotavis.ch\/pl\/wp-json\/wp\/v2\/product_cat?post=3585"},{"taxonomy":"product_tag","embeddable":true,"href":"https:\/\/yotavis.ch\/pl\/wp-json\/wp\/v2\/product_tag?post=3585"}],"curies":[{"name":"wp","href":"https:\/\/api.w.org\/{rel}","templated":true}]}}