{"id":3586,"date":"2025-10-09T00:00:00","date_gmt":"2025-10-08T22:00:00","guid":{"rendered":"https:\/\/yotavis.ch\/product\/spd3303x-e\/"},"modified":"2026-04-24T13:27:30","modified_gmt":"2026-04-24T11:27:30","slug":"spd3303x-e","status":"publish","type":"product","link":"https:\/\/yotavis.ch\/pl\/produkt\/spd3303x-e\/","title":{"rendered":"SPD3303X-E"},"content":{"rendered":"<p>SPD3303X-E firmy Siglent posiada trzy niezale\u017cnie sterowane wyj\u015bcia zasilania, w tym dwa wyj\u015bcia o napi\u0119ciu znamionowym 30 V \/ 3 A ka\u017cde i jedno prze\u0142\u0105czane wyj\u015bcie oferuj\u0105ce 2,5 V, 3,3 V lub 5 V przy 3 A. Urz\u0105dzenie to obs\u0142uguje programowaln\u0105 prac\u0119, umo\u017cliwiaj\u0105c precyzyjn\u0105 kontrol\u0119 nad dostarczaniem mocy. Jego maksymalne napi\u0119cie wynosi 32 V, a maksymalny pr\u0105d 3,2 A, a ca\u0142kowita moc 220 W. Zasilacz posiada trzy wyj\u015bcia, umo\u017cliwiaj\u0105c wszechstronne zastosowanie w r\u00f3\u017cnych aplikacjach. Obs\u0142ugiwana jest funkcja zdalnego sterowania, u\u0142atwiaj\u0105ca obs\u0142ug\u0119 na odleg\u0142o\u015b\u0107. Model ten zosta\u0142 zaprojektowany w celu zapewnienia niezawodnego i elastycznego zarz\u0105dzania energi\u0105 dzi\u0119ki wielu opcjom wyj\u015bciowym i programowalnym funkcjom.<\/p>","protected":false},"excerpt":{"rendered":"<p>Lan-Precyzyjna tr\u00f3jdro\u017cna moc wyj\u015bciowa z niezale\u017cnym sterowaniem: 30V\/3A X2, prze\u0142\u0105czane 2,5V\/3,3V\/5V\/3A X1; Programowalne<\/p>","protected":false},"featured_media":4950,"comment_status":"closed","ping_status":"closed","template":"","meta":{"_acf_changed":false,"slim_seo":{"title":"SPD3303X-E - YOTAVIS AG","description":"Lan-Precyzyjna tr\u00f3jdro\u017cna moc wyj\u015bciowa z niezale\u017cnym sterowaniem: 30V\/3A X2, prze\u0142\u0105czane 2,5V\/3,3V\/5V\/3A X1; Programowalne"}},"product_brand":[506],"product_cat":[516,515],"product_tag":[],"class_list":{"0":"post-3586","1":"product","2":"type-product","3":"status-publish","4":"has-post-thumbnail","6":"product_brand-siglent","7":"product_cat-dc-source-en","8":"product_cat-power-en","9":"pa_current-a-3-2","10":"pa_output-number-141","11":"pa_power-w-387","12":"pa_remote-control-yes","13":"pa_voltage-v-140","15":"first","16":"instock","17":"taxable","18":"shipping-taxable","19":"purchasable","20":"product-type-simple"},"acf":[],"_links":{"self":[{"href":"https:\/\/yotavis.ch\/pl\/wp-json\/wp\/v2\/product\/3586","targetHints":{"allow":["GET"]}}],"collection":[{"href":"https:\/\/yotavis.ch\/pl\/wp-json\/wp\/v2\/product"}],"about":[{"href":"https:\/\/yotavis.ch\/pl\/wp-json\/wp\/v2\/types\/product"}],"replies":[{"embeddable":true,"href":"https:\/\/yotavis.ch\/pl\/wp-json\/wp\/v2\/comments?post=3586"}],"wp:featuredmedia":[{"embeddable":true,"href":"https:\/\/yotavis.ch\/pl\/wp-json\/wp\/v2\/media\/4950"}],"wp:attachment":[{"href":"https:\/\/yotavis.ch\/pl\/wp-json\/wp\/v2\/media?parent=3586"}],"wp:term":[{"taxonomy":"product_brand","embeddable":true,"href":"https:\/\/yotavis.ch\/pl\/wp-json\/wp\/v2\/product_brand?post=3586"},{"taxonomy":"product_cat","embeddable":true,"href":"https:\/\/yotavis.ch\/pl\/wp-json\/wp\/v2\/product_cat?post=3586"},{"taxonomy":"product_tag","embeddable":true,"href":"https:\/\/yotavis.ch\/pl\/wp-json\/wp\/v2\/product_tag?post=3586"}],"curies":[{"name":"wp","href":"https:\/\/api.w.org\/{rel}","templated":true}]}}