{"id":3587,"date":"2025-10-09T00:00:00","date_gmt":"2025-10-08T22:00:00","guid":{"rendered":"https:\/\/yotavis.ch\/product\/spd3303x\/"},"modified":"2026-04-24T13:27:31","modified_gmt":"2026-04-24T11:27:31","slug":"spd3303x","status":"publish","type":"product","link":"https:\/\/yotavis.ch\/pl\/produkt\/spd3303x\/","title":{"rendered":"SPD3303X"},"content":{"rendered":"<p>SPD3303X firmy Siglent posiada trzy niezale\u017cnie sterowane wyj\u015bcia, w tym dwa wyj\u015bcia o napi\u0119ciu znamionowym 30V\/3A i jedno prze\u0142\u0105czane wyj\u015bcie oferuj\u0105ce 2,5V, 3,3V lub 5V przy 3A. Zasilacz jest programowalny, co pozwala na precyzyjn\u0105 kontrol\u0119 nad jego funkcjami. Zapewnia maksymaln\u0105 moc wyj\u015bciow\u0105 220 W i obs\u0142uguje napi\u0119cie do 32 V przy wydajno\u015bci pr\u0105dowej 3,2 A. Urz\u0105dzenie posiada mo\u017cliwo\u015b\u0107 zdalnego sterowania, umo\u017cliwiaj\u0105c prac\u0119 na odleg\u0142o\u015b\u0107. Dzi\u0119ki trzem kana\u0142om wyj\u015bciowym u\u017cytkownicy mog\u0105 zarz\u0105dza\u0107 wieloma wymaganiami dotycz\u0105cymi zasilania jednocze\u015bnie. Po\u0142\u0105czenie tych cech sprawia, \u017ce SPD3303X nadaje si\u0119 do zastosowa\u0144 wymagaj\u0105cych wszechstronnego i niezawodnego zarz\u0105dzania energi\u0105.<\/p>","protected":false},"excerpt":{"rendered":"<p>Lan-Precyzyjna tr\u00f3jdro\u017cna moc wyj\u015bciowa z niezale\u017cnym sterowaniem: 30V\/3A X2, prze\u0142\u0105czane 2,5V\/3,3V\/5V\/3A X1; Programowalne<\/p>","protected":false},"featured_media":4950,"comment_status":"closed","ping_status":"closed","template":"","meta":{"_acf_changed":false,"slim_seo":{"title":"SPD3303X - YOTAVIS AG","description":"Lan-Precyzyjna tr\u00f3jdro\u017cna moc wyj\u015bciowa z niezale\u017cnym sterowaniem: 30V\/3A X2, prze\u0142\u0105czane 2,5V\/3,3V\/5V\/3A X1; Programowalne"}},"product_brand":[506],"product_cat":[516,515],"product_tag":[],"class_list":{"0":"post-3587","1":"product","2":"type-product","3":"status-publish","4":"has-post-thumbnail","6":"product_brand-siglent","7":"product_cat-dc-source-en","8":"product_cat-power-en","9":"pa_current-a-3-2","10":"pa_output-number-141","11":"pa_power-w-387","12":"pa_remote-control-yes","13":"pa_voltage-v-140","15":"first","16":"instock","17":"taxable","18":"shipping-taxable","19":"purchasable","20":"product-type-simple"},"acf":[],"_links":{"self":[{"href":"https:\/\/yotavis.ch\/pl\/wp-json\/wp\/v2\/product\/3587","targetHints":{"allow":["GET"]}}],"collection":[{"href":"https:\/\/yotavis.ch\/pl\/wp-json\/wp\/v2\/product"}],"about":[{"href":"https:\/\/yotavis.ch\/pl\/wp-json\/wp\/v2\/types\/product"}],"replies":[{"embeddable":true,"href":"https:\/\/yotavis.ch\/pl\/wp-json\/wp\/v2\/comments?post=3587"}],"wp:featuredmedia":[{"embeddable":true,"href":"https:\/\/yotavis.ch\/pl\/wp-json\/wp\/v2\/media\/4950"}],"wp:attachment":[{"href":"https:\/\/yotavis.ch\/pl\/wp-json\/wp\/v2\/media?parent=3587"}],"wp:term":[{"taxonomy":"product_brand","embeddable":true,"href":"https:\/\/yotavis.ch\/pl\/wp-json\/wp\/v2\/product_brand?post=3587"},{"taxonomy":"product_cat","embeddable":true,"href":"https:\/\/yotavis.ch\/pl\/wp-json\/wp\/v2\/product_cat?post=3587"},{"taxonomy":"product_tag","embeddable":true,"href":"https:\/\/yotavis.ch\/pl\/wp-json\/wp\/v2\/product_tag?post=3587"}],"curies":[{"name":"wp","href":"https:\/\/api.w.org\/{rel}","templated":true}]}}