{"id":3589,"date":"2025-10-09T00:00:00","date_gmt":"2025-10-08T22:00:00","guid":{"rendered":"https:\/\/yotavis.ch\/product\/spd1305x\/"},"modified":"2026-04-24T13:27:31","modified_gmt":"2026-04-24T11:27:31","slug":"spd1305x","status":"publish","type":"product","link":"https:\/\/yotavis.ch\/pl\/produkt\/spd1305x\/","title":{"rendered":"SPD1305X"},"content":{"rendered":"<p>Uk\u0142ad SPD1305X firmy Siglent jest wyposa\u017cony w jedno\u015bcie\u017ckowe, precyzyjne, programowalne wyj\u015bcie napi\u0119ciowe o maksymalnym napi\u0119ciu 30 V i nat\u0119\u017ceniu 5 A, zapewniaj\u0105ce ca\u0142kowit\u0105 moc wyj\u015bciow\u0105 do 150 W. Oferuje 5-cyfrowy wy\u015bwietlacz napi\u0119cia i 4-cyfrowy wy\u015bwietlacz pr\u0105du, z minimalnymi poziomami rozdzielczo\u015bci wynosz\u0105cymi odpowiednio 1 mV i 1 mA. Urz\u0105dzenie obs\u0142uguje zar\u00f3wno dwuprzewodowy, jak i czteroprzewodowy tryb wyj\u015bciowy, co zwi\u0119ksza jego wszechstronno\u015b\u0107 w r\u00f3\u017cnych zastosowaniach. Jego moc znamionowa wynosi 128 W, napi\u0119cie znamionowe 16 V, a pr\u0105d znamionowy 8 A. SPD1305X zawiera jeden kana\u0142 wyj\u015bciowy i obs\u0142uguje funkcj\u0119 zdalnego sterowania, umo\u017cliwiaj\u0105c wygodn\u0105 obs\u0142ug\u0119 na odleg\u0142o\u015b\u0107. Ta kombinacja funkcji sprawia, \u017ce nadaje si\u0119 do precyzyjnego programowania napi\u0119cia i pr\u0105du w kontrolowanych \u015brodowiskach.<\/p>","protected":false},"excerpt":{"rendered":"<p>Jedno\u015bcie\u017ckowe programowalne wyj\u015bcie napi\u0119ciowe o wysokiej precyzji\uff1a30 V\/5 A\uff0cca\u0142kowita moc do 150 W\uff1b5-cyfrowy wy\u015bwietlacz napi\u0119cia, 4-cyfrowy wy\u015bwietlacz pr\u0105du, minimalna rozdzielczo\u015b\u0107: 1 mV\/1 mA \uff1b Tryb wyj\u015bcia dwuprzewodowy, 4-przewodowy<\/p>","protected":false},"featured_media":5011,"comment_status":"closed","ping_status":"closed","template":"","meta":{"_acf_changed":false,"slim_seo":{"title":"SPD1305X - YOTAVIS AG","description":"Single path high-precision programmable voltage output\uff1a30 V\/5 A\uff0ctotal power up to 150 W\uff1b5 digit Voltage, 4 digit Current Display, Minimum Resolution: 1 mV\/1 mA"}},"product_brand":[506],"product_cat":[516,515],"product_tag":[],"class_list":{"0":"post-3589","1":"product","2":"type-product","3":"status-publish","4":"has-post-thumbnail","6":"product_brand-siglent","7":"product_cat-dc-source-en","8":"product_cat-power-en","9":"pa_current-a-394","10":"pa_output-number-146","11":"pa_power-w-393","12":"pa_remote-control-yes","13":"pa_voltage-v-147","15":"first","16":"instock","17":"taxable","18":"shipping-taxable","19":"purchasable","20":"product-type-simple"},"acf":[],"_links":{"self":[{"href":"https:\/\/yotavis.ch\/pl\/wp-json\/wp\/v2\/product\/3589","targetHints":{"allow":["GET"]}}],"collection":[{"href":"https:\/\/yotavis.ch\/pl\/wp-json\/wp\/v2\/product"}],"about":[{"href":"https:\/\/yotavis.ch\/pl\/wp-json\/wp\/v2\/types\/product"}],"replies":[{"embeddable":true,"href":"https:\/\/yotavis.ch\/pl\/wp-json\/wp\/v2\/comments?post=3589"}],"wp:featuredmedia":[{"embeddable":true,"href":"https:\/\/yotavis.ch\/pl\/wp-json\/wp\/v2\/media\/5011"}],"wp:attachment":[{"href":"https:\/\/yotavis.ch\/pl\/wp-json\/wp\/v2\/media?parent=3589"}],"wp:term":[{"taxonomy":"product_brand","embeddable":true,"href":"https:\/\/yotavis.ch\/pl\/wp-json\/wp\/v2\/product_brand?post=3589"},{"taxonomy":"product_cat","embeddable":true,"href":"https:\/\/yotavis.ch\/pl\/wp-json\/wp\/v2\/product_cat?post=3589"},{"taxonomy":"product_tag","embeddable":true,"href":"https:\/\/yotavis.ch\/pl\/wp-json\/wp\/v2\/product_tag?post=3589"}],"curies":[{"name":"wp","href":"https:\/\/api.w.org\/{rel}","templated":true}]}}