{"id":3590,"date":"2025-10-09T00:00:00","date_gmt":"2025-10-08T22:00:00","guid":{"rendered":"https:\/\/yotavis.ch\/product\/spd4323x\/"},"modified":"2026-04-24T13:27:32","modified_gmt":"2026-04-24T11:27:32","slug":"spd4323x","status":"publish","type":"product","link":"https:\/\/yotavis.ch\/pl\/produkt\/spd4323x\/","title":{"rendered":"SPD4323X"},"content":{"rendered":"<p>SPD4323X firmy Siglent to 4-kana\u0142owy programowalny zasilacz liniowy DC o ca\u0142kowitej mocy wyj\u015bciowej 240W. Charakteryzuje si\u0119 rozdzielczo\u015bci\u0105 1mV i 1mA, umo\u017cliwiaj\u0105c precyzyjn\u0105 regulacj\u0119 napi\u0119cia i pr\u0105du. Maksymalne warto\u015bci znamionowe napi\u0119cia i pr\u0105du dla kana\u0142\u00f3w 1 i 4 wynosz\u0105 6 V i 3,2 A, podczas gdy kana\u0142y 2 i 3 mog\u0105 dostarcza\u0107 do 32 V i 3,2 A ka\u017cdy. Zasilacz obs\u0142uguje funkcj\u0119 zdalnego sterowania, umo\u017cliwiaj\u0105c prac\u0119 na odleg\u0142o\u015b\u0107. Ka\u017cdy kana\u0142 zosta\u0142 zaprojektowany tak, aby zapewni\u0107 stabiln\u0105 i dok\u0142adn\u0105 moc wyj\u015bciow\u0105, odpowiedni\u0105 do r\u00f3\u017cnych zastosowa\u0144 testowych i rozwojowych. Maksymalne napi\u0119cie urz\u0105dzenia wynosi 32 V, a maksymalny pr\u0105d to 3,2 A, sp\u00f3jny dla wszystkich kana\u0142\u00f3w. Dzi\u0119ki czterem wyj\u015bciom oferuje elastyczno\u015b\u0107 w zasilaniu wielu urz\u0105dze\u0144 lub obwod\u00f3w jednocze\u015bnie.<\/p>","protected":false},"excerpt":{"rendered":"<p>4 CH DC liniowy programowalny zasilacz; ca\u0142kowita moc wyj\u015bciowa 240W; rozdzielczo\u015b\u0107 1mV\/1mA; CH1,CH2,CH3,CH4 maks. napi\u0119cie\/pr\u0105d: 6V\/3.2A, 32V\/3.2A, 32V\/3.2A, 6V\/3.2A<\/p>","protected":false},"featured_media":5012,"comment_status":"closed","ping_status":"closed","template":"","meta":{"_acf_changed":false,"slim_seo":{"title":"SPD4323X - YOTAVIS AG","description":"4 CH DC linear programmable power supply; total output power 240W; resolution 1mV\/1mA; CH1,CH2,CH3,CH4 max. voltage\/current: 6V\/3.2A, 32V\/3.2A, 32V\/3.2A, 6V\/3.2"}},"product_brand":[506],"product_cat":[516,515],"product_tag":[],"class_list":{"0":"post-3590","1":"product","2":"type-product","3":"status-publish","4":"has-post-thumbnail","6":"product_brand-siglent","7":"product_cat-dc-source-en","8":"product_cat-power-en","9":"pa_current-a-3-2","10":"pa_output-number-148","11":"pa_power-w-395","12":"pa_remote-control-yes","13":"pa_voltage-v-140","15":"first","16":"instock","17":"taxable","18":"shipping-taxable","19":"purchasable","20":"product-type-simple"},"acf":[],"_links":{"self":[{"href":"https:\/\/yotavis.ch\/pl\/wp-json\/wp\/v2\/product\/3590","targetHints":{"allow":["GET"]}}],"collection":[{"href":"https:\/\/yotavis.ch\/pl\/wp-json\/wp\/v2\/product"}],"about":[{"href":"https:\/\/yotavis.ch\/pl\/wp-json\/wp\/v2\/types\/product"}],"replies":[{"embeddable":true,"href":"https:\/\/yotavis.ch\/pl\/wp-json\/wp\/v2\/comments?post=3590"}],"wp:featuredmedia":[{"embeddable":true,"href":"https:\/\/yotavis.ch\/pl\/wp-json\/wp\/v2\/media\/5012"}],"wp:attachment":[{"href":"https:\/\/yotavis.ch\/pl\/wp-json\/wp\/v2\/media?parent=3590"}],"wp:term":[{"taxonomy":"product_brand","embeddable":true,"href":"https:\/\/yotavis.ch\/pl\/wp-json\/wp\/v2\/product_brand?post=3590"},{"taxonomy":"product_cat","embeddable":true,"href":"https:\/\/yotavis.ch\/pl\/wp-json\/wp\/v2\/product_cat?post=3590"},{"taxonomy":"product_tag","embeddable":true,"href":"https:\/\/yotavis.ch\/pl\/wp-json\/wp\/v2\/product_tag?post=3590"}],"curies":[{"name":"wp","href":"https:\/\/api.w.org\/{rel}","templated":true}]}}