{"id":3591,"date":"2025-10-09T00:00:00","date_gmt":"2025-10-08T22:00:00","guid":{"rendered":"https:\/\/yotavis.ch\/product\/spd4121x\/"},"modified":"2026-04-24T13:27:32","modified_gmt":"2026-04-24T11:27:32","slug":"spd4121x","status":"publish","type":"product","link":"https:\/\/yotavis.ch\/pl\/produkt\/spd4121x\/","title":{"rendered":"SPD4121X"},"content":{"rendered":"<p>SPD4121X firmy Siglent to 4-kana\u0142owy programowalny zasilacz liniowy DC o ca\u0142kowitej mocy wyj\u015bciowej 285W. Charakteryzuje si\u0119 rozdzielczo\u015bci\u0105 1mV i 1mA, umo\u017cliwiaj\u0105c precyzyjn\u0105 regulacj\u0119 napi\u0119cia i pr\u0105du. Maksymalne warto\u015bci napi\u0119cia i pr\u0105du r\u00f3\u017cni\u0105 si\u0119 w zale\u017cno\u015bci od czterech kana\u0142\u00f3w: CH1 i CH4 mog\u0105 dostarcza\u0107 do 15V i 1,5A ka\u017cdy, podczas gdy CH2 i CH3 dostarczaj\u0105 do 12V i 10A ka\u017cdy. Konfiguracja ta obs\u0142uguje szeroki zakres aplikacji wymagaj\u0105cych r\u00f3\u017cnych poziom\u00f3w napi\u0119cia i pr\u0105du jednocze\u015bnie. Urz\u0105dzenie obs\u0142uguje funkcj\u0119 zdalnego sterowania, umo\u017cliwiaj\u0105c obs\u0142ug\u0119 z odleg\u0142o\u015bci dla wygody i integracji z zautomatyzowanymi systemami. Dzi\u0119ki maksymalnemu napi\u0119ciu 15 V i maksymalnemu pr\u0105dowi 10 A, zasilacz zosta\u0142 zaprojektowany do wydajnej obs\u0142ugi umiarkowanych wymaga\u0144 dotycz\u0105cych zasilania. Cztery kana\u0142y wyj\u015bciowe zapewniaj\u0105 elastyczno\u015b\u0107 w zasilaniu wielu urz\u0105dze\u0144 lub obwod\u00f3w niezale\u017cnie.<\/p>","protected":false},"excerpt":{"rendered":"<p>4 CH DC liniowy programowalny zasilacz; ca\u0142kowita moc wyj\u015bciowa 285W; rozdzielczo\u015b\u0107 1mV\/1mA; CH1,CH2,CH3,CH4 maks. napi\u0119cie\/pr\u0105d: 15V\/1.5A, 12V\/10A, 12V\/10A, 15V\/1.5A<\/p>","protected":false},"featured_media":5019,"comment_status":"closed","ping_status":"closed","template":"","meta":{"_acf_changed":false,"slim_seo":{"title":"SPD4121X - YOTAVIS AG","description":"4 CH DC linear programmable power supply; total output power 285W; resolution 1mV\/1mA; CH1,CH2,CH3,CH4 max. voltage\/current: 15V\/1.5A, 12V\/10A, 12V\/10A, 15V\/1.5"}},"product_brand":[506],"product_cat":[516,515],"product_tag":[],"class_list":{"0":"post-3591","1":"product","2":"type-product","3":"status-publish","4":"has-post-thumbnail","6":"product_brand-siglent","7":"product_cat-dc-source-en","8":"product_cat-power-en","9":"pa_current-a-397","10":"pa_output-number-148","11":"pa_power-w-396","12":"pa_remote-control-yes","13":"pa_voltage-v-149","15":"first","16":"instock","17":"taxable","18":"shipping-taxable","19":"purchasable","20":"product-type-simple"},"acf":[],"_links":{"self":[{"href":"https:\/\/yotavis.ch\/pl\/wp-json\/wp\/v2\/product\/3591","targetHints":{"allow":["GET"]}}],"collection":[{"href":"https:\/\/yotavis.ch\/pl\/wp-json\/wp\/v2\/product"}],"about":[{"href":"https:\/\/yotavis.ch\/pl\/wp-json\/wp\/v2\/types\/product"}],"replies":[{"embeddable":true,"href":"https:\/\/yotavis.ch\/pl\/wp-json\/wp\/v2\/comments?post=3591"}],"wp:featuredmedia":[{"embeddable":true,"href":"https:\/\/yotavis.ch\/pl\/wp-json\/wp\/v2\/media\/5019"}],"wp:attachment":[{"href":"https:\/\/yotavis.ch\/pl\/wp-json\/wp\/v2\/media?parent=3591"}],"wp:term":[{"taxonomy":"product_brand","embeddable":true,"href":"https:\/\/yotavis.ch\/pl\/wp-json\/wp\/v2\/product_brand?post=3591"},{"taxonomy":"product_cat","embeddable":true,"href":"https:\/\/yotavis.ch\/pl\/wp-json\/wp\/v2\/product_cat?post=3591"},{"taxonomy":"product_tag","embeddable":true,"href":"https:\/\/yotavis.ch\/pl\/wp-json\/wp\/v2\/product_tag?post=3591"}],"curies":[{"name":"wp","href":"https:\/\/api.w.org\/{rel}","templated":true}]}}