{"id":3592,"date":"2025-10-09T00:00:00","date_gmt":"2025-10-08T22:00:00","guid":{"rendered":"https:\/\/yotavis.ch\/product\/spd4306x\/"},"modified":"2026-04-24T13:27:32","modified_gmt":"2026-04-24T11:27:32","slug":"spd4306x","status":"publish","type":"product","link":"https:\/\/yotavis.ch\/pl\/produkt\/spd4306x\/","title":{"rendered":"SPD4306X"},"content":{"rendered":"<p>SPD4306X firmy Siglent to 4-kana\u0142owy programowalny zasilacz liniowy DC o ca\u0142kowitej mocy wyj\u015bciowej 400W. Charakteryzuje si\u0119 rozdzielczo\u015bci\u0105 1mV i 1mA, umo\u017cliwiaj\u0105c precyzyjn\u0105 kontrol\u0119 nad ustawieniami napi\u0119cia i pr\u0105du. Maksymalne warto\u015bci napi\u0119cia i pr\u0105du r\u00f3\u017cni\u0105 si\u0119 w zale\u017cno\u015bci od czterech kana\u0142\u00f3w: CH1 obs\u0142uguje do 15V i 1,5A, CH2 i CH3 zapewniaj\u0105 do 30V i 6A, podczas gdy CH4 oferuje do 15V i 1A. Urz\u0105dzenie obs\u0142uguje funkcj\u0119 zdalnego sterowania, umo\u017cliwiaj\u0105c prac\u0119 na odleg\u0142o\u015b\u0107. Dzi\u0119ki maksymalnemu napi\u0119ciu 30 V i maksymalnemu pr\u0105dowi 6 A nadaje si\u0119 do zastosowa\u0144 wymagaj\u0105cych wielu poziom\u00f3w napi\u0119cia i pr\u0105du. Zasilacz zosta\u0142 zaprojektowany tak, aby zapewni\u0107 stabilne i programowalne wyj\u015bcia w czterech kana\u0142ach, dzi\u0119ki czemu jest wszechstronny w r\u00f3\u017cnych scenariuszach testowania i rozwoju.<\/p>","protected":false},"excerpt":{"rendered":"<p>4 CH DC liniowy programowalny zasilacz; ca\u0142kowita moc wyj\u015bciowa 400W; rozdzielczo\u015b\u0107 1mV\/1mA; CH1,CH2,CH3,CH4 maks. napi\u0119cie\/pr\u0105d: 15V\/1.5A, 30V\/6A, 30V\/6A, 15V\/1A<\/p>","protected":false},"featured_media":5024,"comment_status":"closed","ping_status":"closed","template":"","meta":{"_acf_changed":false,"slim_seo":{"title":"SPD4306X - YOTAVIS AG","description":"4 CH DC liniowy programowalny zasilacz; ca\u0142kowita moc wyj\u015bciowa 400W; rozdzielczo\u015b\u0107 1mV\/1mA; CH1,CH2,CH3,CH4 maks. napi\u0119cie\/pr\u0105d: 15V\/1.5A, 30V\/6A, 30V\/6A, 15V\/1A"}},"product_brand":[506],"product_cat":[516,515],"product_tag":[],"class_list":{"0":"post-3592","1":"product","2":"type-product","3":"status-publish","4":"has-post-thumbnail","6":"product_brand-siglent","7":"product_cat-dc-source-en","8":"product_cat-power-en","9":"pa_current-a-399","10":"pa_output-number-148","11":"pa_power-w-398","12":"pa_remote-control-yes","13":"pa_voltage-v-145","15":"first","16":"instock","17":"taxable","18":"shipping-taxable","19":"purchasable","20":"product-type-simple"},"acf":[],"_links":{"self":[{"href":"https:\/\/yotavis.ch\/pl\/wp-json\/wp\/v2\/product\/3592","targetHints":{"allow":["GET"]}}],"collection":[{"href":"https:\/\/yotavis.ch\/pl\/wp-json\/wp\/v2\/product"}],"about":[{"href":"https:\/\/yotavis.ch\/pl\/wp-json\/wp\/v2\/types\/product"}],"replies":[{"embeddable":true,"href":"https:\/\/yotavis.ch\/pl\/wp-json\/wp\/v2\/comments?post=3592"}],"wp:featuredmedia":[{"embeddable":true,"href":"https:\/\/yotavis.ch\/pl\/wp-json\/wp\/v2\/media\/5024"}],"wp:attachment":[{"href":"https:\/\/yotavis.ch\/pl\/wp-json\/wp\/v2\/media?parent=3592"}],"wp:term":[{"taxonomy":"product_brand","embeddable":true,"href":"https:\/\/yotavis.ch\/pl\/wp-json\/wp\/v2\/product_brand?post=3592"},{"taxonomy":"product_cat","embeddable":true,"href":"https:\/\/yotavis.ch\/pl\/wp-json\/wp\/v2\/product_cat?post=3592"},{"taxonomy":"product_tag","embeddable":true,"href":"https:\/\/yotavis.ch\/pl\/wp-json\/wp\/v2\/product_tag?post=3592"}],"curies":[{"name":"wp","href":"https:\/\/api.w.org\/{rel}","templated":true}]}}