{"id":3593,"date":"2025-10-09T00:00:00","date_gmt":"2025-10-08T22:00:00","guid":{"rendered":"https:\/\/yotavis.ch\/product\/sps6225x\/"},"modified":"2026-04-24T13:27:33","modified_gmt":"2026-04-24T11:27:33","slug":"sps6225x","status":"publish","type":"product","link":"https:\/\/yotavis.ch\/pl\/produkt\/sps6225x\/","title":{"rendered":"SPS6225X"},"content":{"rendered":"<p>Siglent SPS6225X to jednokana\u0142owy zasilacz impulsowy zaprojektowany do dostarczania maksymalnej mocy wyj\u015bciowej 1500 wat\u00f3w. Pracuje przy napi\u0119ciu 200 V i mo\u017ce dostarcza\u0107 pr\u0105d o nat\u0119\u017ceniu do 25 amper\u00f3w. Urz\u0105dzenie ma obudow\u0119 1U, dzi\u0119ki czemu nadaje si\u0119 do monta\u017cu w szafie rack w r\u00f3\u017cnych konfiguracjach. Zasilacz posiada funkcj\u0119 zdalnego sterowania, umo\u017cliwiaj\u0105c wygodn\u0105 obs\u0142ug\u0119 na odleg\u0142o\u015b\u0107. Dzi\u0119ki jednemu kana\u0142owi wyj\u015bciowemu jest dostosowany do zastosowa\u0144 wymagaj\u0105cych stabilnego i niezawodnego \u017ar\u00f3d\u0142a zasilania. Konstrukcja k\u0142adzie nacisk na wydajno\u015b\u0107 i precyzj\u0119 dostarczania mocy, spe\u0142niaj\u0105c okre\u015blone parametry elektryczne. Po\u0142\u0105czenie warto\u015bci znamionowych napi\u0119cia, pr\u0105du i mocy sprawia, \u017ce nadaje si\u0119 on do wymagaj\u0105cych \u015brodowisk elektronicznych i przemys\u0142owych.<\/p>","protected":false},"excerpt":{"rendered":"<p>200V\/25A\/1500W, jednokana\u0142owy zasilacz impulsowy, 1U<\/p>","protected":false},"featured_media":5054,"comment_status":"closed","ping_status":"closed","template":"","meta":{"_acf_changed":false,"slim_seo":{"title":"SPS6225X - YOTAVIS AG","description":"200V\/25A\/1500W, jednokana\u0142owy zasilacz impulsowy, 1U"}},"product_brand":[506],"product_cat":[516,515],"product_tag":[],"class_list":{"0":"post-3593","1":"product","2":"type-product","3":"status-publish","4":"has-post-thumbnail","6":"product_brand-siglent","7":"product_cat-dc-source-en","8":"product_cat-power-en","9":"pa_current-a-401","10":"pa_output-number-146","11":"pa_power-w-400","12":"pa_remote-control-yes","13":"pa_voltage-v-150","15":"first","16":"instock","17":"taxable","18":"shipping-taxable","19":"purchasable","20":"product-type-simple"},"acf":[],"_links":{"self":[{"href":"https:\/\/yotavis.ch\/pl\/wp-json\/wp\/v2\/product\/3593","targetHints":{"allow":["GET"]}}],"collection":[{"href":"https:\/\/yotavis.ch\/pl\/wp-json\/wp\/v2\/product"}],"about":[{"href":"https:\/\/yotavis.ch\/pl\/wp-json\/wp\/v2\/types\/product"}],"replies":[{"embeddable":true,"href":"https:\/\/yotavis.ch\/pl\/wp-json\/wp\/v2\/comments?post=3593"}],"wp:featuredmedia":[{"embeddable":true,"href":"https:\/\/yotavis.ch\/pl\/wp-json\/wp\/v2\/media\/5054"}],"wp:attachment":[{"href":"https:\/\/yotavis.ch\/pl\/wp-json\/wp\/v2\/media?parent=3593"}],"wp:term":[{"taxonomy":"product_brand","embeddable":true,"href":"https:\/\/yotavis.ch\/pl\/wp-json\/wp\/v2\/product_brand?post=3593"},{"taxonomy":"product_cat","embeddable":true,"href":"https:\/\/yotavis.ch\/pl\/wp-json\/wp\/v2\/product_cat?post=3593"},{"taxonomy":"product_tag","embeddable":true,"href":"https:\/\/yotavis.ch\/pl\/wp-json\/wp\/v2\/product_tag?post=3593"}],"curies":[{"name":"wp","href":"https:\/\/api.w.org\/{rel}","templated":true}]}}