{"id":3594,"date":"2025-10-09T00:00:00","date_gmt":"2025-10-08T22:00:00","guid":{"rendered":"https:\/\/yotavis.ch\/product\/sps6150x\/"},"modified":"2026-04-24T13:27:33","modified_gmt":"2026-04-24T11:27:33","slug":"sps6150x","status":"publish","type":"product","link":"https:\/\/yotavis.ch\/pl\/produkt\/sps6150x\/","title":{"rendered":"SPS6150X"},"content":{"rendered":"<p>Siglent SPS6150X to jednokana\u0142owy zasilacz impulsowy o mocy wyj\u015bciowej 1500 wat\u00f3w. Pracuje przy napi\u0119ciu 100 V i mo\u017ce dostarcza\u0107 pr\u0105d o nat\u0119\u017ceniu do 50 amper\u00f3w. Urz\u0105dzenie ma obudow\u0119 1U, dzi\u0119ki czemu nadaje si\u0119 do monta\u017cu w szafie rack w r\u00f3\u017cnych konfiguracjach. Zasilacz posiada mo\u017cliwo\u015b\u0107 zdalnego sterowania, co pozwala na wygodn\u0105 obs\u0142ug\u0119 i integracj\u0119 z zautomatyzowanymi systemami. Dzi\u0119ki pojedynczemu kana\u0142owi wyj\u015bciowemu zosta\u0142 zaprojektowany w celu zapewnienia stabilnego i niezawodnego zasilania w zastosowaniach wymagaj\u0105cych precyzyjnej kontroli napi\u0119cia i pr\u0105du. Po\u0142\u0105czenie jego mocy znamionowej i funkcji zdalnego sterowania sprawia, \u017ce mo\u017cna go dostosowa\u0107 do u\u017cytku w r\u00f3\u017cnych \u015brodowiskach, w kt\u00f3rych niezb\u0119dne jest kontrolowane dostarczanie mocy.<\/p>","protected":false},"excerpt":{"rendered":"<p>100V\/50A\/1500W, jednokana\u0142owy zasilacz impulsowy, 1U<\/p>","protected":false},"featured_media":5055,"comment_status":"closed","ping_status":"closed","template":"","meta":{"_acf_changed":false,"slim_seo":{"title":"SPS6150X - YOTAVIS AG","description":"100V\/50A\/1500W, jednokana\u0142owy zasilacz impulsowy, 1U"}},"product_brand":[506],"product_cat":[516,515],"product_tag":[],"class_list":{"0":"post-3594","1":"product","2":"type-product","3":"status-publish","4":"has-post-thumbnail","6":"product_brand-siglent","7":"product_cat-dc-source-en","8":"product_cat-power-en","9":"pa_current-a-402","10":"pa_output-number-146","11":"pa_power-w-400","12":"pa_remote-control-yes","13":"pa_voltage-v-151","15":"first","16":"instock","17":"taxable","18":"shipping-taxable","19":"purchasable","20":"product-type-simple"},"acf":[],"_links":{"self":[{"href":"https:\/\/yotavis.ch\/pl\/wp-json\/wp\/v2\/product\/3594","targetHints":{"allow":["GET"]}}],"collection":[{"href":"https:\/\/yotavis.ch\/pl\/wp-json\/wp\/v2\/product"}],"about":[{"href":"https:\/\/yotavis.ch\/pl\/wp-json\/wp\/v2\/types\/product"}],"replies":[{"embeddable":true,"href":"https:\/\/yotavis.ch\/pl\/wp-json\/wp\/v2\/comments?post=3594"}],"wp:featuredmedia":[{"embeddable":true,"href":"https:\/\/yotavis.ch\/pl\/wp-json\/wp\/v2\/media\/5055"}],"wp:attachment":[{"href":"https:\/\/yotavis.ch\/pl\/wp-json\/wp\/v2\/media?parent=3594"}],"wp:term":[{"taxonomy":"product_brand","embeddable":true,"href":"https:\/\/yotavis.ch\/pl\/wp-json\/wp\/v2\/product_brand?post=3594"},{"taxonomy":"product_cat","embeddable":true,"href":"https:\/\/yotavis.ch\/pl\/wp-json\/wp\/v2\/product_cat?post=3594"},{"taxonomy":"product_tag","embeddable":true,"href":"https:\/\/yotavis.ch\/pl\/wp-json\/wp\/v2\/product_tag?post=3594"}],"curies":[{"name":"wp","href":"https:\/\/api.w.org\/{rel}","templated":true}]}}