{"id":3597,"date":"2025-10-09T00:00:00","date_gmt":"2025-10-08T22:00:00","guid":{"rendered":"https:\/\/yotavis.ch\/product\/sps5043x\/"},"modified":"2026-04-24T13:27:34","modified_gmt":"2026-04-24T11:27:34","slug":"sps5043x","status":"publish","type":"product","link":"https:\/\/yotavis.ch\/pl\/produkt\/sps5043x\/","title":{"rendered":"SPS5043X"},"content":{"rendered":"<p>Siglent SPS5043X to jednokana\u0142owy zasilacz impulsowy zaprojektowany do dostarczania maksymalnej mocy wyj\u015bciowej 1080 wat\u00f3w. Pracuje przy napi\u0119ciu 40 V i mo\u017ce dostarcza\u0107 pr\u0105d o nat\u0119\u017ceniu do 90 amper\u00f3w. Model ten posiada jeden kana\u0142 wyj\u015bciowy i obs\u0142uguje funkcj\u0119 zdalnego sterowania, umo\u017cliwiaj\u0105c wygodn\u0105 obs\u0142ug\u0119 na odleg\u0142o\u015b\u0107. Zasilacz zosta\u0142 zaprojektowany do obs\u0142ugi wysokich wymaga\u0144 pr\u0105dowych i napi\u0119ciowych, dzi\u0119ki czemu nadaje si\u0119 do r\u00f3\u017cnych zastosowa\u0144 wymagaj\u0105cych stabilnego i niezawodnego dostarczania energii. Jego konstrukcja koncentruje si\u0119 na wydajno\u015bci i precyzji w zarz\u0105dzaniu energi\u0105. W\u0142\u0105czenie zdalnego sterowania zwi\u0119ksza jego u\u017cyteczno\u015b\u0107 w zautomatyzowanych lub z\u0142o\u017conych konfiguracjach, w kt\u00f3rych bezpo\u015bredni dost\u0119p mo\u017ce by\u0107 ograniczony. Og\u00f3lnie rzecz bior\u0105c, SPS5043X \u0142\u0105czy w sobie wysok\u0105 moc z przyjaznymi dla u\u017cytkownika opcjami sterowania.<\/p>","protected":false},"excerpt":{"rendered":"<p>40V\/90A\/1080W\uff0cJednokana\u0142owy zasilacz impulsowy<\/p>","protected":false},"featured_media":5052,"comment_status":"closed","ping_status":"closed","template":"","meta":{"_acf_changed":false,"slim_seo":{"title":"SPS5043X - YOTAVIS AG","description":"40V\/90A\/1080W\uff0cJednokana\u0142owy zasilacz impulsowy"}},"product_brand":[506],"product_cat":[516,515],"product_tag":[],"class_list":{"0":"post-3597","1":"product","2":"type-product","3":"status-publish","4":"has-post-thumbnail","6":"product_brand-siglent","7":"product_cat-dc-source-en","8":"product_cat-power-en","9":"pa_current-a-408","10":"pa_output-number-146","11":"pa_power-w-407","12":"pa_remote-control-yes","13":"pa_voltage-v-152","15":"first","16":"instock","17":"taxable","18":"shipping-taxable","19":"purchasable","20":"product-type-simple"},"acf":[],"_links":{"self":[{"href":"https:\/\/yotavis.ch\/pl\/wp-json\/wp\/v2\/product\/3597","targetHints":{"allow":["GET"]}}],"collection":[{"href":"https:\/\/yotavis.ch\/pl\/wp-json\/wp\/v2\/product"}],"about":[{"href":"https:\/\/yotavis.ch\/pl\/wp-json\/wp\/v2\/types\/product"}],"replies":[{"embeddable":true,"href":"https:\/\/yotavis.ch\/pl\/wp-json\/wp\/v2\/comments?post=3597"}],"wp:featuredmedia":[{"embeddable":true,"href":"https:\/\/yotavis.ch\/pl\/wp-json\/wp\/v2\/media\/5052"}],"wp:attachment":[{"href":"https:\/\/yotavis.ch\/pl\/wp-json\/wp\/v2\/media?parent=3597"}],"wp:term":[{"taxonomy":"product_brand","embeddable":true,"href":"https:\/\/yotavis.ch\/pl\/wp-json\/wp\/v2\/product_brand?post=3597"},{"taxonomy":"product_cat","embeddable":true,"href":"https:\/\/yotavis.ch\/pl\/wp-json\/wp\/v2\/product_cat?post=3597"},{"taxonomy":"product_tag","embeddable":true,"href":"https:\/\/yotavis.ch\/pl\/wp-json\/wp\/v2\/product_tag?post=3597"}],"curies":[{"name":"wp","href":"https:\/\/api.w.org\/{rel}","templated":true}]}}