{"id":3598,"date":"2025-10-09T00:00:00","date_gmt":"2025-10-08T22:00:00","guid":{"rendered":"https:\/\/yotavis.ch\/product\/sps5044x\/"},"modified":"2026-04-24T13:27:35","modified_gmt":"2026-04-24T11:27:35","slug":"sps5044x","status":"publish","type":"product","link":"https:\/\/yotavis.ch\/pl\/produkt\/sps5044x\/","title":{"rendered":"SPS5044X"},"content":{"rendered":"<p>Siglent SPS5044X to dwukana\u0142owy zasilacz impulsowy zaprojektowany do dostarczania maksymalnej mocy wyj\u015bciowej 720 W, z ka\u017cdym kana\u0142em zdolnym do dostarczania do 40 V i 30 A. Ta konfiguracja pozwala na dwa niezale\u017cne wyj\u015bcia, ka\u017cde o mocy 360 W, dzi\u0119ki czemu nadaje si\u0119 do zastosowa\u0144 wymagaj\u0105cych jednoczesnego dostarczania mocy do wielu urz\u0105dze\u0144. Urz\u0105dzenie obs\u0142uguje funkcj\u0119 zdalnego sterowania, umo\u017cliwiaj\u0105c u\u017cytkownikom obs\u0142ug\u0119 i monitorowanie zasilacza na odleg\u0142o\u015b\u0107, co mo\u017ce by\u0107 szczeg\u00f3lnie przydatne w zautomatyzowanych \u015brodowiskach testowych lub konfiguracjach, w kt\u00f3rych bezpo\u015bredni dost\u0119p jest ograniczony. Konstrukcja zasilacza koncentruje si\u0119 na zapewnieniu stabilnego i niezawodnego napi\u0119cia i pr\u0105du wyj\u015bciowego, zapewniaj\u0105c sta\u0142\u0105 wydajno\u015b\u0107 w ca\u0142ym zakresie roboczym. Dzi\u0119ki dwukana\u0142owemu wyj\u015bciu i mo\u017cliwo\u015bci zdalnego sterowania, SPS5044X oferuje elastyczno\u015b\u0107 dla r\u00f3\u017cnych potrzeb zasilania w warunkach laboratoryjnych, przemys\u0142owych lub rozwojowych.<\/p>","protected":false},"excerpt":{"rendered":"<p>40V\/30A\/360W*2\uff0c dwukana\u0142owy zasilacz impulsowy<\/p>","protected":false},"featured_media":5059,"comment_status":"closed","ping_status":"closed","template":"","meta":{"_acf_changed":false,"slim_seo":{"title":"SPS5044X - YOTAVIS AG","description":"40V\/30A\/360W*2\uff0c dwukana\u0142owy zasilacz impulsowy"}},"product_brand":[506],"product_cat":[516,515],"product_tag":[],"class_list":{"0":"post-3598","1":"product","2":"type-product","3":"status-publish","4":"has-post-thumbnail","6":"product_brand-siglent","7":"product_cat-dc-source-en","8":"product_cat-power-en","9":"pa_current-a-404","10":"pa_output-number-153","11":"pa_power-w-405","12":"pa_remote-control-yes","13":"pa_voltage-v-152","15":"first","16":"instock","17":"taxable","18":"shipping-taxable","19":"purchasable","20":"product-type-simple"},"acf":[],"_links":{"self":[{"href":"https:\/\/yotavis.ch\/pl\/wp-json\/wp\/v2\/product\/3598","targetHints":{"allow":["GET"]}}],"collection":[{"href":"https:\/\/yotavis.ch\/pl\/wp-json\/wp\/v2\/product"}],"about":[{"href":"https:\/\/yotavis.ch\/pl\/wp-json\/wp\/v2\/types\/product"}],"replies":[{"embeddable":true,"href":"https:\/\/yotavis.ch\/pl\/wp-json\/wp\/v2\/comments?post=3598"}],"wp:featuredmedia":[{"embeddable":true,"href":"https:\/\/yotavis.ch\/pl\/wp-json\/wp\/v2\/media\/5059"}],"wp:attachment":[{"href":"https:\/\/yotavis.ch\/pl\/wp-json\/wp\/v2\/media?parent=3598"}],"wp:term":[{"taxonomy":"product_brand","embeddable":true,"href":"https:\/\/yotavis.ch\/pl\/wp-json\/wp\/v2\/product_brand?post=3598"},{"taxonomy":"product_cat","embeddable":true,"href":"https:\/\/yotavis.ch\/pl\/wp-json\/wp\/v2\/product_cat?post=3598"},{"taxonomy":"product_tag","embeddable":true,"href":"https:\/\/yotavis.ch\/pl\/wp-json\/wp\/v2\/product_tag?post=3598"}],"curies":[{"name":"wp","href":"https:\/\/api.w.org\/{rel}","templated":true}]}}