{"id":3600,"date":"2025-10-09T00:00:00","date_gmt":"2025-10-08T22:00:00","guid":{"rendered":"https:\/\/yotavis.ch\/product\/sps5051x\/"},"modified":"2026-04-24T13:27:35","modified_gmt":"2026-04-24T11:27:35","slug":"sps5051x","status":"publish","type":"product","link":"https:\/\/yotavis.ch\/pl\/produkt\/sps5051x\/","title":{"rendered":"SPS5051X"},"content":{"rendered":"<p>Siglent SPS5051X to jednokana\u0142owy zasilacz impulsowy zaprojektowany do dostarczania maksymalnego napi\u0119cia wyj\u015bciowego 50 V i pr\u0105du do 10 A, zapewniaj\u0105cy ca\u0142kowit\u0105 moc wyj\u015bciow\u0105 180 W. Posiada jeden kana\u0142 wyj\u015bciowy i obs\u0142uguje funkcj\u0119 zdalnego sterowania, umo\u017cliwiaj\u0105c wygodn\u0105 obs\u0142ug\u0119 na odleg\u0142o\u015b\u0107. Zasilacz ten nadaje si\u0119 do zastosowa\u0144 wymagaj\u0105cych stabilnych i regulowanych ustawie\u0144 napi\u0119cia i pr\u0105du w okre\u015blonym zakresie. Konstrukcja urz\u0105dzenia koncentruje si\u0119 na dostarczaniu sta\u0142ej mocy wyj\u015bciowej z elastyczno\u015bci\u0105 zdalnego zarz\u0105dzania. Jego specyfikacje wskazuj\u0105 na solidn\u0105 zdolno\u015b\u0107 do obs\u0142ugi umiarkowanych wymaga\u0144 zasilania w r\u00f3\u017cnych scenariuszach testowania i rozwoju elektroniki. Po\u0142\u0105czenie napi\u0119cia, pr\u0105du i mocy znamionowej sprawia, \u017ce jest to wszechstronne narz\u0119dzie do zastosowa\u0144 laboratoryjnych i przemys\u0142owych.<\/p>","protected":false},"excerpt":{"rendered":"<p>50V\/10A\/180W\uff0cJednokana\u0142owy zasilacz impulsowy<\/p>","protected":false},"featured_media":5064,"comment_status":"closed","ping_status":"closed","template":"","meta":{"_acf_changed":false,"slim_seo":{"title":"SPS5051X - YOTAVIS AG","description":"50V\/10A\/180W\uff0cJednokana\u0142owy zasilacz impulsowy"}},"product_brand":[506],"product_cat":[516,515],"product_tag":[],"class_list":{"0":"post-3600","1":"product","2":"type-product","3":"status-publish","4":"has-post-thumbnail","6":"product_brand-siglent","7":"product_cat-dc-source-en","8":"product_cat-power-en","9":"pa_current-a-397","10":"pa_output-number-146","11":"pa_power-w-409","12":"pa_remote-control-yes","13":"pa_voltage-v-154","15":"first","16":"instock","17":"taxable","18":"shipping-taxable","19":"purchasable","20":"product-type-simple"},"acf":[],"_links":{"self":[{"href":"https:\/\/yotavis.ch\/pl\/wp-json\/wp\/v2\/product\/3600","targetHints":{"allow":["GET"]}}],"collection":[{"href":"https:\/\/yotavis.ch\/pl\/wp-json\/wp\/v2\/product"}],"about":[{"href":"https:\/\/yotavis.ch\/pl\/wp-json\/wp\/v2\/types\/product"}],"replies":[{"embeddable":true,"href":"https:\/\/yotavis.ch\/pl\/wp-json\/wp\/v2\/comments?post=3600"}],"wp:featuredmedia":[{"embeddable":true,"href":"https:\/\/yotavis.ch\/pl\/wp-json\/wp\/v2\/media\/5064"}],"wp:attachment":[{"href":"https:\/\/yotavis.ch\/pl\/wp-json\/wp\/v2\/media?parent=3600"}],"wp:term":[{"taxonomy":"product_brand","embeddable":true,"href":"https:\/\/yotavis.ch\/pl\/wp-json\/wp\/v2\/product_brand?post=3600"},{"taxonomy":"product_cat","embeddable":true,"href":"https:\/\/yotavis.ch\/pl\/wp-json\/wp\/v2\/product_cat?post=3600"},{"taxonomy":"product_tag","embeddable":true,"href":"https:\/\/yotavis.ch\/pl\/wp-json\/wp\/v2\/product_tag?post=3600"}],"curies":[{"name":"wp","href":"https:\/\/api.w.org\/{rel}","templated":true}]}}