{"id":3602,"date":"2025-10-09T00:00:00","date_gmt":"2025-10-08T22:00:00","guid":{"rendered":"https:\/\/yotavis.ch\/product\/sps5082x\/"},"modified":"2026-04-24T13:27:38","modified_gmt":"2026-04-24T11:27:38","slug":"sps5082x","status":"publish","type":"product","link":"https:\/\/yotavis.ch\/pl\/produkt\/sps5082x\/","title":{"rendered":"SPS5082X"},"content":{"rendered":"<p>Siglent SPS5082X to jednokana\u0142owy zasilacz impulsowy zaprojektowany do dostarczania maksymalnej mocy wyj\u015bciowej 720 wat\u00f3w. Pracuje przy napi\u0119ciu 80 V i mo\u017ce dostarcza\u0107 pr\u0105d o nat\u0119\u017ceniu do 30 amper\u00f3w. Zasilacz posiada jeden kana\u0142 wyj\u015bciowy, dzi\u0119ki czemu nadaje si\u0119 do zastosowa\u0144 wymagaj\u0105cych pojedynczego, stabilnego \u017ar\u00f3d\u0142a zasilania. Posiada funkcj\u0119 zdalnego sterowania, umo\u017cliwiaj\u0105c u\u017cytkownikom obs\u0142ug\u0119 urz\u0105dzenia na odleg\u0142o\u015b\u0107, co zwi\u0119ksza wygod\u0119 i elastyczno\u015b\u0107. Konstrukcja koncentruje si\u0119 na dostarczaniu sta\u0142ej mocy w okre\u015blonych granicach napi\u0119cia i pr\u0105du. SPS5082X zosta\u0142 zaprojektowany tak, aby sprosta\u0107 wymaganiom r\u00f3\u017cnych \u015brodowisk testowania i rozwoju elektroniki, w kt\u00f3rych precyzyjne dostarczanie mocy jest niezb\u0119dne. Jego specyfikacje podkre\u015blaj\u0105 jego zdolno\u015b\u0107 do obs\u0142ugi znacznych obci\u0105\u017ce\u0144 mocy przy jednoczesnym zachowaniu kontroli poprzez zdaln\u0105 obs\u0142ug\u0119.<\/p>","protected":false},"excerpt":{"rendered":"<p>80V\/30A\/720W\uff0cJednokana\u0142owy zasilacz impulsowy<\/p>","protected":false},"featured_media":5069,"comment_status":"closed","ping_status":"closed","template":"","meta":{"_acf_changed":false,"slim_seo":{"title":"SPS5082X - YOTAVIS AG","description":"80V\/30A\/720W\uff0cJednokana\u0142owy zasilacz impulsowy"}},"product_brand":[506],"product_cat":[516,515],"product_tag":[],"class_list":{"0":"post-3602","1":"product","2":"type-product","3":"status-publish","4":"has-post-thumbnail","6":"product_brand-siglent","7":"product_cat-dc-source-en","8":"product_cat-power-en","9":"pa_current-a-404","10":"pa_output-number-146","11":"pa_power-w-405","12":"pa_remote-control-yes","13":"pa_voltage-v-155","15":"first","16":"instock","17":"taxable","18":"shipping-taxable","19":"purchasable","20":"product-type-simple"},"acf":[],"_links":{"self":[{"href":"https:\/\/yotavis.ch\/pl\/wp-json\/wp\/v2\/product\/3602","targetHints":{"allow":["GET"]}}],"collection":[{"href":"https:\/\/yotavis.ch\/pl\/wp-json\/wp\/v2\/product"}],"about":[{"href":"https:\/\/yotavis.ch\/pl\/wp-json\/wp\/v2\/types\/product"}],"replies":[{"embeddable":true,"href":"https:\/\/yotavis.ch\/pl\/wp-json\/wp\/v2\/comments?post=3602"}],"wp:featuredmedia":[{"embeddable":true,"href":"https:\/\/yotavis.ch\/pl\/wp-json\/wp\/v2\/media\/5069"}],"wp:attachment":[{"href":"https:\/\/yotavis.ch\/pl\/wp-json\/wp\/v2\/media?parent=3602"}],"wp:term":[{"taxonomy":"product_brand","embeddable":true,"href":"https:\/\/yotavis.ch\/pl\/wp-json\/wp\/v2\/product_brand?post=3602"},{"taxonomy":"product_cat","embeddable":true,"href":"https:\/\/yotavis.ch\/pl\/wp-json\/wp\/v2\/product_cat?post=3602"},{"taxonomy":"product_tag","embeddable":true,"href":"https:\/\/yotavis.ch\/pl\/wp-json\/wp\/v2\/product_tag?post=3602"}],"curies":[{"name":"wp","href":"https:\/\/api.w.org\/{rel}","templated":true}]}}