{"id":3603,"date":"2025-10-09T00:00:00","date_gmt":"2025-10-08T22:00:00","guid":{"rendered":"https:\/\/yotavis.ch\/product\/sps5083x\/"},"modified":"2026-04-24T13:27:38","modified_gmt":"2026-04-24T11:27:38","slug":"sps5083x","status":"publish","type":"product","link":"https:\/\/yotavis.ch\/pl\/produkt\/sps5083x\/","title":{"rendered":"SPS5083X"},"content":{"rendered":"<p>Siglent SPS5083X to jednokana\u0142owy zasilacz impulsowy zaprojektowany do dostarczania maksymalnej mocy wyj\u015bciowej 1080 wat\u00f3w. Pracuje przy napi\u0119ciu 80 V i mo\u017ce dostarcza\u0107 pr\u0105d o nat\u0119\u017ceniu do 45 amper\u00f3w. Zasilacz posiada jeden kana\u0142 wyj\u015bciowy i obs\u0142uguje funkcj\u0119 zdalnego sterowania, umo\u017cliwiaj\u0105c wygodn\u0105 obs\u0142ug\u0119 na odleg\u0142o\u015b\u0107. Urz\u0105dzenie zosta\u0142o zaprojektowane tak, aby sprosta\u0107 wysokim wymaganiom zasilania dzi\u0119ki solidnym specyfikacjom napi\u0119cia i pr\u0105du. Jego konstrukcja koncentruje si\u0119 na zapewnieniu stabilnego i niezawodnego dostarczania mocy do r\u00f3\u017cnych zastosowa\u0144. W\u0142\u0105czenie zdalnego sterowania zwi\u0119ksza jego u\u017cyteczno\u015b\u0107 w zautomatyzowanych lub trudno dost\u0119pnych konfiguracjach. Og\u00f3lnie rzecz bior\u0105c, SPS5083X \u0142\u0105czy w sobie wysokie napi\u0119cie, wydajno\u015b\u0107 pr\u0105dow\u0105 i mo\u017cliwo\u015bci zdalnego sterowania w konfiguracji jednokana\u0142owej.<\/p>","protected":false},"excerpt":{"rendered":"<p>80V\/45A\/1080W\uff0cJednokana\u0142owy zasilacz impulsowy<\/p>","protected":false},"featured_media":5073,"comment_status":"closed","ping_status":"closed","template":"","meta":{"_acf_changed":false,"slim_seo":{"title":"SPS5083X - YOTAVIS AG","description":"80V\/45A\/1080W\uff0cJednokana\u0142owy zasilacz impulsowy"}},"product_brand":[506],"product_cat":[516,515],"product_tag":[],"class_list":{"0":"post-3603","1":"product","2":"type-product","3":"status-publish","4":"has-post-thumbnail","6":"product_brand-siglent","7":"product_cat-dc-source-en","8":"product_cat-power-en","9":"pa_current-a-411","10":"pa_output-number-146","11":"pa_power-w-407","12":"pa_remote-control-yes","13":"pa_voltage-v-155","15":"first","16":"instock","17":"taxable","18":"shipping-taxable","19":"purchasable","20":"product-type-simple"},"acf":[],"_links":{"self":[{"href":"https:\/\/yotavis.ch\/pl\/wp-json\/wp\/v2\/product\/3603","targetHints":{"allow":["GET"]}}],"collection":[{"href":"https:\/\/yotavis.ch\/pl\/wp-json\/wp\/v2\/product"}],"about":[{"href":"https:\/\/yotavis.ch\/pl\/wp-json\/wp\/v2\/types\/product"}],"replies":[{"embeddable":true,"href":"https:\/\/yotavis.ch\/pl\/wp-json\/wp\/v2\/comments?post=3603"}],"wp:featuredmedia":[{"embeddable":true,"href":"https:\/\/yotavis.ch\/pl\/wp-json\/wp\/v2\/media\/5073"}],"wp:attachment":[{"href":"https:\/\/yotavis.ch\/pl\/wp-json\/wp\/v2\/media?parent=3603"}],"wp:term":[{"taxonomy":"product_brand","embeddable":true,"href":"https:\/\/yotavis.ch\/pl\/wp-json\/wp\/v2\/product_brand?post=3603"},{"taxonomy":"product_cat","embeddable":true,"href":"https:\/\/yotavis.ch\/pl\/wp-json\/wp\/v2\/product_cat?post=3603"},{"taxonomy":"product_tag","embeddable":true,"href":"https:\/\/yotavis.ch\/pl\/wp-json\/wp\/v2\/product_tag?post=3603"}],"curies":[{"name":"wp","href":"https:\/\/api.w.org\/{rel}","templated":true}]}}