{"id":3604,"date":"2025-10-09T00:00:00","date_gmt":"2025-10-08T22:00:00","guid":{"rendered":"https:\/\/yotavis.ch\/product\/sps5084x\/"},"modified":"2026-04-24T13:27:39","modified_gmt":"2026-04-24T11:27:39","slug":"sps5084x","status":"publish","type":"product","link":"https:\/\/yotavis.ch\/pl\/produkt\/sps5084x\/","title":{"rendered":"SPS5084X"},"content":{"rendered":"<p>Siglent SPS5084X to dwukana\u0142owy zasilacz impulsowy zaprojektowany do dostarczania ca\u0142kowitej mocy wyj\u015bciowej 720 W, przy czym ka\u017cdy kana\u0142 mo\u017ce dostarczy\u0107 360 W. Pracuje przy maksymalnym napi\u0119ciu 80 V i maksymalnym pr\u0105dzie 15 A na kana\u0142. Zasilacz obs\u0142uguje funkcj\u0119 zdalnego sterowania, umo\u017cliwiaj\u0105c wygodn\u0105 obs\u0142ug\u0119 i integracj\u0119 z zautomatyzowanymi systemami. Podw\u00f3jne kana\u0142y wyj\u015bciowe umo\u017cliwiaj\u0105 jednoczesne dostarczanie zasilania do wielu urz\u0105dze\u0144 lub obwod\u00f3w, dzi\u0119ki czemu nadaje si\u0119 do r\u00f3\u017cnych zastosowa\u0144 wymagaj\u0105cych stabilnych i regulowanych \u017ar\u00f3de\u0142 zasilania. Konstrukcja koncentruje si\u0119 na wydajno\u015bci i niezawodno\u015bci, zapewniaj\u0105c sta\u0142\u0105 wydajno\u015b\u0107 w r\u00f3\u017cnych warunkach obci\u0105\u017cenia. Specyfikacje uk\u0142adu podkre\u015blaj\u0105 jego zdolno\u015b\u0107 do obs\u0142ugi znacznego zapotrzebowania na moc przy jednoczesnym zachowaniu precyzyjnej kontroli napi\u0119cia i pr\u0105du. SPS5084X zosta\u0142 zaprojektowany z my\u015bl\u0105 o potrzebach u\u017cytkownik\u00f3w wymagaj\u0105cych solidnych i elastycznych rozwi\u0105za\u0144 zasilaj\u0105cych.<\/p>","protected":false},"excerpt":{"rendered":"<p>80V\/15A\/360W*2\uff0c dwukana\u0142owy zasilacz impulsowy<\/p>","protected":false},"featured_media":5075,"comment_status":"closed","ping_status":"closed","template":"","meta":{"_acf_changed":false,"slim_seo":{"title":"SPS5084X - YOTAVIS AG","description":"80V\/15A\/360W*2\uff0c dwukana\u0142owy zasilacz impulsowy"}},"product_brand":[506],"product_cat":[516,515],"product_tag":[],"class_list":{"0":"post-3604","1":"product","2":"type-product","3":"status-publish","4":"has-post-thumbnail","6":"product_brand-siglent","7":"product_cat-dc-source-en","8":"product_cat-power-en","9":"pa_current-a-410","10":"pa_output-number-153","11":"pa_power-w-405","12":"pa_remote-control-yes","13":"pa_voltage-v-155","15":"first","16":"instock","17":"taxable","18":"shipping-taxable","19":"purchasable","20":"product-type-simple"},"acf":[],"_links":{"self":[{"href":"https:\/\/yotavis.ch\/pl\/wp-json\/wp\/v2\/product\/3604","targetHints":{"allow":["GET"]}}],"collection":[{"href":"https:\/\/yotavis.ch\/pl\/wp-json\/wp\/v2\/product"}],"about":[{"href":"https:\/\/yotavis.ch\/pl\/wp-json\/wp\/v2\/types\/product"}],"replies":[{"embeddable":true,"href":"https:\/\/yotavis.ch\/pl\/wp-json\/wp\/v2\/comments?post=3604"}],"wp:featuredmedia":[{"embeddable":true,"href":"https:\/\/yotavis.ch\/pl\/wp-json\/wp\/v2\/media\/5075"}],"wp:attachment":[{"href":"https:\/\/yotavis.ch\/pl\/wp-json\/wp\/v2\/media?parent=3604"}],"wp:term":[{"taxonomy":"product_brand","embeddable":true,"href":"https:\/\/yotavis.ch\/pl\/wp-json\/wp\/v2\/product_brand?post=3604"},{"taxonomy":"product_cat","embeddable":true,"href":"https:\/\/yotavis.ch\/pl\/wp-json\/wp\/v2\/product_cat?post=3604"},{"taxonomy":"product_tag","embeddable":true,"href":"https:\/\/yotavis.ch\/pl\/wp-json\/wp\/v2\/product_tag?post=3604"}],"curies":[{"name":"wp","href":"https:\/\/api.w.org\/{rel}","templated":true}]}}