{"id":3605,"date":"2025-10-09T00:00:00","date_gmt":"2025-10-08T22:00:00","guid":{"rendered":"https:\/\/yotavis.ch\/product\/sps5085x\/"},"modified":"2026-04-24T13:27:39","modified_gmt":"2026-04-24T11:27:39","slug":"sps5085x","status":"publish","type":"product","link":"https:\/\/yotavis.ch\/pl\/produkt\/sps5085x\/","title":{"rendered":"SPS5085X"},"content":{"rendered":"<p>Siglent SPS5085X to trzykana\u0142owy zasilacz impulsowy zaprojektowany do dostarczania ca\u0142kowitej mocy wyj\u015bciowej 1080 wat\u00f3w. Ka\u017cdy kana\u0142 zapewnia maksymalne napi\u0119cie 80 V i pr\u0105d 15 A, przy indywidualnej mocy 360 W. Taka konfiguracja pozwala na jednoczesn\u0105 prac\u0119 na wszystkich trzech kana\u0142ach, dzi\u0119ki czemu nadaje si\u0119 do zastosowa\u0144 wymagaj\u0105cych wielu wyj\u015b\u0107 mocy. Urz\u0105dzenie obs\u0142uguje funkcj\u0119 zdalnego sterowania, umo\u017cliwiaj\u0105c u\u017cytkownikom zarz\u0105dzanie i dostosowywanie ustawie\u0144 na odleg\u0142o\u015b\u0107. Jego konstrukcja koncentruje si\u0119 na zapewnieniu stabilnego i niezawodnego dostarczania mocy dzi\u0119ki technologii trybu prze\u0142\u0105czania. Zasilacz zosta\u0142 zaprojektowany do wydajnej obs\u0142ugi wysokich wymaga\u0144 pr\u0105dowych i napi\u0119ciowych. Model ten jest idealny do \u015brodowisk, w kt\u00f3rych precyzyjna i sta\u0142a moc wyj\u015bciowa jest niezb\u0119dna do cel\u00f3w testowych lub operacyjnych.<\/p>","protected":false},"excerpt":{"rendered":"<p>80V\/15A\/360W*3, trzykana\u0142owy zasilacz impulsowy<\/p>","protected":false},"featured_media":5076,"comment_status":"closed","ping_status":"closed","template":"","meta":{"_acf_changed":false,"slim_seo":{"title":"SPS5085X - YOTAVIS AG","description":"80V\/15A\/360W*3, trzykana\u0142owy zasilacz impulsowy"}},"product_brand":[506],"product_cat":[516,515],"product_tag":[],"class_list":{"0":"post-3605","1":"product","2":"type-product","3":"status-publish","4":"has-post-thumbnail","6":"product_brand-siglent","7":"product_cat-dc-source-en","8":"product_cat-power-en","9":"pa_current-a-410","10":"pa_output-number-141","11":"pa_power-w-407","12":"pa_remote-control-yes","13":"pa_voltage-v-155","15":"first","16":"instock","17":"taxable","18":"shipping-taxable","19":"purchasable","20":"product-type-simple"},"acf":[],"_links":{"self":[{"href":"https:\/\/yotavis.ch\/pl\/wp-json\/wp\/v2\/product\/3605","targetHints":{"allow":["GET"]}}],"collection":[{"href":"https:\/\/yotavis.ch\/pl\/wp-json\/wp\/v2\/product"}],"about":[{"href":"https:\/\/yotavis.ch\/pl\/wp-json\/wp\/v2\/types\/product"}],"replies":[{"embeddable":true,"href":"https:\/\/yotavis.ch\/pl\/wp-json\/wp\/v2\/comments?post=3605"}],"wp:featuredmedia":[{"embeddable":true,"href":"https:\/\/yotavis.ch\/pl\/wp-json\/wp\/v2\/media\/5076"}],"wp:attachment":[{"href":"https:\/\/yotavis.ch\/pl\/wp-json\/wp\/v2\/media?parent=3605"}],"wp:term":[{"taxonomy":"product_brand","embeddable":true,"href":"https:\/\/yotavis.ch\/pl\/wp-json\/wp\/v2\/product_brand?post=3605"},{"taxonomy":"product_cat","embeddable":true,"href":"https:\/\/yotavis.ch\/pl\/wp-json\/wp\/v2\/product_cat?post=3605"},{"taxonomy":"product_tag","embeddable":true,"href":"https:\/\/yotavis.ch\/pl\/wp-json\/wp\/v2\/product_tag?post=3605"}],"curies":[{"name":"wp","href":"https:\/\/api.w.org\/{rel}","templated":true}]}}