{"id":3606,"date":"2025-10-09T00:00:00","date_gmt":"2025-10-08T22:00:00","guid":{"rendered":"https:\/\/yotavis.ch\/product\/sps5161x\/"},"modified":"2026-04-24T13:27:39","modified_gmt":"2026-04-24T11:27:39","slug":"sps5161x","status":"publish","type":"product","link":"https:\/\/yotavis.ch\/pl\/produkt\/sps5161x\/","title":{"rendered":"SPS5161X"},"content":{"rendered":"<p>Siglent SPS5161X to jednokana\u0142owy zasilacz impulsowy zaprojektowany do dostarczania maksymalnej mocy wyj\u015bciowej 360 wat\u00f3w. Pracuje przy napi\u0119ciu 160 V i mo\u017ce dostarcza\u0107 pr\u0105d o nat\u0119\u017ceniu do 7,5 ampera. Zasilacz posiada mo\u017cliwo\u015b\u0107 zdalnego sterowania, co pozwala na wygodn\u0105 obs\u0142ug\u0119 na odleg\u0142o\u015b\u0107. Dzi\u0119ki pojedynczemu kana\u0142owi wyj\u015bciowemu nadaje si\u0119 do zastosowa\u0144 wymagaj\u0105cych stabilnego i niezawodnego \u017ar\u00f3d\u0142a zasilania. Urz\u0105dzenie zosta\u0142o zaprojektowane tak, aby skutecznie obs\u0142ugiwa\u0107 okre\u015blone parametry napi\u0119cia i pr\u0105du, zapewniaj\u0105c sta\u0142\u0105 wydajno\u015b\u0107. Jego konstrukcja koncentruje si\u0119 na precyzyjnym zarz\u0105dzaniu energi\u0105 w ramach okre\u015blonych limit\u00f3w elektrycznych. Po\u0142\u0105czenie tych specyfikacji sprawia, \u017ce SPS5161X jest wszechstronnym komponentem do r\u00f3\u017cnych konfiguracji elektronicznych.<\/p>","protected":false},"excerpt":{"rendered":"<p>160V\/7.5A\/360W\uff0cJednokana\u0142owy zasilacz impulsowy<\/p>","protected":false},"featured_media":5078,"comment_status":"closed","ping_status":"closed","template":"","meta":{"_acf_changed":false,"slim_seo":{"title":"SPS5161X - YOTAVIS AG","description":"160V\/7.5A\/360W\uff0cJednokana\u0142owy zasilacz impulsowy"}},"product_brand":[506],"product_cat":[516,515],"product_tag":[],"class_list":{"0":"post-3606","1":"product","2":"type-product","3":"status-publish","4":"has-post-thumbnail","6":"product_brand-siglent","7":"product_cat-dc-source-en","8":"product_cat-power-en","9":"pa_current-a-7-5","10":"pa_output-number-146","11":"pa_power-w-403","12":"pa_remote-control-yes","13":"pa_voltage-v-156","15":"first","16":"instock","17":"taxable","18":"shipping-taxable","19":"purchasable","20":"product-type-simple"},"acf":[],"_links":{"self":[{"href":"https:\/\/yotavis.ch\/pl\/wp-json\/wp\/v2\/product\/3606","targetHints":{"allow":["GET"]}}],"collection":[{"href":"https:\/\/yotavis.ch\/pl\/wp-json\/wp\/v2\/product"}],"about":[{"href":"https:\/\/yotavis.ch\/pl\/wp-json\/wp\/v2\/types\/product"}],"replies":[{"embeddable":true,"href":"https:\/\/yotavis.ch\/pl\/wp-json\/wp\/v2\/comments?post=3606"}],"wp:featuredmedia":[{"embeddable":true,"href":"https:\/\/yotavis.ch\/pl\/wp-json\/wp\/v2\/media\/5078"}],"wp:attachment":[{"href":"https:\/\/yotavis.ch\/pl\/wp-json\/wp\/v2\/media?parent=3606"}],"wp:term":[{"taxonomy":"product_brand","embeddable":true,"href":"https:\/\/yotavis.ch\/pl\/wp-json\/wp\/v2\/product_brand?post=3606"},{"taxonomy":"product_cat","embeddable":true,"href":"https:\/\/yotavis.ch\/pl\/wp-json\/wp\/v2\/product_cat?post=3606"},{"taxonomy":"product_tag","embeddable":true,"href":"https:\/\/yotavis.ch\/pl\/wp-json\/wp\/v2\/product_tag?post=3606"}],"curies":[{"name":"wp","href":"https:\/\/api.w.org\/{rel}","templated":true}]}}