{"id":3607,"date":"2025-10-09T00:00:00","date_gmt":"2025-10-08T22:00:00","guid":{"rendered":"https:\/\/yotavis.ch\/product\/sps5162x\/"},"modified":"2026-04-24T13:27:40","modified_gmt":"2026-04-24T11:27:40","slug":"sps5162x","status":"publish","type":"product","link":"https:\/\/yotavis.ch\/pl\/produkt\/sps5162x\/","title":{"rendered":"SPS5162X"},"content":{"rendered":"<p>Siglent SPS5162X to jednokana\u0142owy zasilacz impulsowy zaprojektowany do dostarczania maksymalnej mocy wyj\u015bciowej 720 wat\u00f3w. Pracuje przy napi\u0119ciu 160 V i mo\u017ce dostarcza\u0107 pr\u0105d o nat\u0119\u017ceniu do 15 amper\u00f3w. Zasilacz posiada jeden kana\u0142 wyj\u015bciowy, dzi\u0119ki czemu nadaje si\u0119 do zastosowa\u0144 wymagaj\u0105cych pojedynczego, stabilnego \u017ar\u00f3d\u0142a zasilania. Urz\u0105dzenie obs\u0142uguje funkcj\u0119 zdalnego sterowania, umo\u017cliwiaj\u0105c u\u017cytkownikom obs\u0142ug\u0119 na odleg\u0142o\u015b\u0107 dla wygody i elastyczno\u015bci. Jego konstrukcja koncentruje si\u0119 na dostarczaniu sta\u0142ej mocy w okre\u015blonych granicach napi\u0119cia i pr\u0105du. SPS5162X zosta\u0142 zaprojektowany tak, aby sprosta\u0107 wymaganiom r\u00f3\u017cnych elektronicznych \u015brodowisk testowych i rozwojowych, w kt\u00f3rych precyzyjne dostarczanie mocy jest niezb\u0119dne.<\/p>","protected":false},"excerpt":{"rendered":"<p>160V\/15A\/720W\uff0cJednokana\u0142owy zasilacz impulsowy<\/p>","protected":false},"featured_media":5079,"comment_status":"closed","ping_status":"closed","template":"","meta":{"_acf_changed":false,"slim_seo":{"title":"SPS5162X - YOTAVIS AG","description":"160V\/15A\/720W\uff0cJednokana\u0142owy zasilacz impulsowy"}},"product_brand":[506],"product_cat":[516,515],"product_tag":[],"class_list":{"0":"post-3607","1":"product","2":"type-product","3":"status-publish","4":"has-post-thumbnail","6":"product_brand-siglent","7":"product_cat-dc-source-en","8":"product_cat-power-en","9":"pa_current-a-410","10":"pa_output-number-146","11":"pa_power-w-405","12":"pa_remote-control-yes","13":"pa_voltage-v-156","15":"first","16":"instock","17":"taxable","18":"shipping-taxable","19":"purchasable","20":"product-type-simple"},"acf":[],"_links":{"self":[{"href":"https:\/\/yotavis.ch\/pl\/wp-json\/wp\/v2\/product\/3607","targetHints":{"allow":["GET"]}}],"collection":[{"href":"https:\/\/yotavis.ch\/pl\/wp-json\/wp\/v2\/product"}],"about":[{"href":"https:\/\/yotavis.ch\/pl\/wp-json\/wp\/v2\/types\/product"}],"replies":[{"embeddable":true,"href":"https:\/\/yotavis.ch\/pl\/wp-json\/wp\/v2\/comments?post=3607"}],"wp:featuredmedia":[{"embeddable":true,"href":"https:\/\/yotavis.ch\/pl\/wp-json\/wp\/v2\/media\/5079"}],"wp:attachment":[{"href":"https:\/\/yotavis.ch\/pl\/wp-json\/wp\/v2\/media?parent=3607"}],"wp:term":[{"taxonomy":"product_brand","embeddable":true,"href":"https:\/\/yotavis.ch\/pl\/wp-json\/wp\/v2\/product_brand?post=3607"},{"taxonomy":"product_cat","embeddable":true,"href":"https:\/\/yotavis.ch\/pl\/wp-json\/wp\/v2\/product_cat?post=3607"},{"taxonomy":"product_tag","embeddable":true,"href":"https:\/\/yotavis.ch\/pl\/wp-json\/wp\/v2\/product_tag?post=3607"}],"curies":[{"name":"wp","href":"https:\/\/api.w.org\/{rel}","templated":true}]}}