{"id":3608,"date":"2025-10-09T00:00:00","date_gmt":"2025-10-08T22:00:00","guid":{"rendered":"https:\/\/yotavis.ch\/product\/sps5163x\/"},"modified":"2026-04-24T13:27:40","modified_gmt":"2026-04-24T11:27:40","slug":"sps5163x","status":"publish","type":"product","link":"https:\/\/yotavis.ch\/pl\/produkt\/sps5163x\/","title":{"rendered":"SPS5163X"},"content":{"rendered":"<p>Siglent SPS5163X to jednokana\u0142owy zasilacz impulsowy zaprojektowany do dostarczania maksymalnej mocy wyj\u015bciowej 1080 wat\u00f3w. Pracuje przy napi\u0119ciu 160 V i mo\u017ce dostarcza\u0107 pr\u0105d o nat\u0119\u017ceniu do 22,5 A. Zasilacz posiada jeden kana\u0142 wyj\u015bciowy, dzi\u0119ki czemu nadaje si\u0119 do zastosowa\u0144 wymagaj\u0105cych pojedynczego, stabilnego \u017ar\u00f3d\u0142a zasilania. Posiada funkcj\u0119 zdalnego sterowania, umo\u017cliwiaj\u0105c u\u017cytkownikom obs\u0142ug\u0119 urz\u0105dzenia na odleg\u0142o\u015b\u0107, co zwi\u0119ksza wygod\u0119 i elastyczno\u015b\u0107. Konstrukcja koncentruje si\u0119 na dostarczaniu sta\u0142ej i niezawodnej mocy w ramach okre\u015blonych parametr\u00f3w elektrycznych. Urz\u0105dzenie zosta\u0142o zaprojektowane tak, aby sprosta\u0107 wymaganiom r\u00f3\u017cnych elektronicznych \u015brodowisk testowych i rozwojowych, w kt\u00f3rych precyzyjne dostarczanie mocy jest niezb\u0119dne. Jego specyfikacje podkre\u015blaj\u0105 jego zdolno\u015b\u0107 do obs\u0142ugi znacznych obci\u0105\u017ce\u0144 mocy przy zachowaniu kontroli i wydajno\u015bci.<\/p>","protected":false},"excerpt":{"rendered":"<p>160V\/22.5A\/1080W\uff0cJednokana\u0142owy zasilacz impulsowy<\/p>","protected":false},"featured_media":5080,"comment_status":"closed","ping_status":"closed","template":"","meta":{"_acf_changed":false,"slim_seo":{"title":"SPS5163X - YOTAVIS AG","description":"160V\/22.5A\/1080W\uff0cJednokana\u0142owy zasilacz impulsowy"}},"product_brand":[506],"product_cat":[516,515],"product_tag":[],"class_list":{"0":"post-3608","1":"product","2":"type-product","3":"status-publish","4":"has-post-thumbnail","6":"product_brand-siglent","7":"product_cat-dc-source-en","8":"product_cat-power-en","9":"pa_current-a-22-5","10":"pa_output-number-146","11":"pa_power-w-407","12":"pa_remote-control-yes","13":"pa_voltage-v-156","15":"first","16":"instock","17":"taxable","18":"shipping-taxable","19":"purchasable","20":"product-type-simple"},"acf":[],"_links":{"self":[{"href":"https:\/\/yotavis.ch\/pl\/wp-json\/wp\/v2\/product\/3608","targetHints":{"allow":["GET"]}}],"collection":[{"href":"https:\/\/yotavis.ch\/pl\/wp-json\/wp\/v2\/product"}],"about":[{"href":"https:\/\/yotavis.ch\/pl\/wp-json\/wp\/v2\/types\/product"}],"replies":[{"embeddable":true,"href":"https:\/\/yotavis.ch\/pl\/wp-json\/wp\/v2\/comments?post=3608"}],"wp:featuredmedia":[{"embeddable":true,"href":"https:\/\/yotavis.ch\/pl\/wp-json\/wp\/v2\/media\/5080"}],"wp:attachment":[{"href":"https:\/\/yotavis.ch\/pl\/wp-json\/wp\/v2\/media?parent=3608"}],"wp:term":[{"taxonomy":"product_brand","embeddable":true,"href":"https:\/\/yotavis.ch\/pl\/wp-json\/wp\/v2\/product_brand?post=3608"},{"taxonomy":"product_cat","embeddable":true,"href":"https:\/\/yotavis.ch\/pl\/wp-json\/wp\/v2\/product_cat?post=3608"},{"taxonomy":"product_tag","embeddable":true,"href":"https:\/\/yotavis.ch\/pl\/wp-json\/wp\/v2\/product_tag?post=3608"}],"curies":[{"name":"wp","href":"https:\/\/api.w.org\/{rel}","templated":true}]}}