{"id":3610,"date":"2025-10-09T00:00:00","date_gmt":"2025-10-08T22:00:00","guid":{"rendered":"https:\/\/yotavis.ch\/product\/sps5165x\/"},"modified":"2026-04-24T13:27:41","modified_gmt":"2026-04-24T11:27:41","slug":"sps5165x","status":"publish","type":"product","link":"https:\/\/yotavis.ch\/pl\/produkt\/sps5165x\/","title":{"rendered":"SPS5165X"},"content":{"rendered":"<p>Siglent SPS5165X to trzykana\u0142owy zasilacz impulsowy o \u0142\u0105cznej mocy wyj\u015bciowej 1080 wat\u00f3w. Ka\u017cdy kana\u0142 zapewnia napi\u0119cie 160 V i pr\u0105d 7,5 A, dostarczaj\u0105c 360 W na kana\u0142. Zasilacz obs\u0142uguje funkcj\u0119 zdalnego sterowania, umo\u017cliwiaj\u0105c wygodn\u0105 obs\u0142ug\u0119 na odleg\u0142o\u015b\u0107. Zaprojektowany do obs\u0142ugi wielu wyj\u015b\u0107 jednocze\u015bnie, nadaje si\u0119 do zastosowa\u0144 wymagaj\u0105cych stabilnej i niezawodnej dystrybucji mocy na trzech oddzielnych kana\u0142ach. Specyfikacje urz\u0105dzenia podkre\u015blaj\u0105 jego zdolno\u015b\u0107 do dostarczania sta\u0142ych poziom\u00f3w napi\u0119cia i pr\u0105du, zapewniaj\u0105c wydajn\u0105 prac\u0119. Jego konfiguracja jako zasilacza impulsowego wskazuje, \u017ce wykorzystuje on prze\u0142\u0105czanie wysokiej cz\u0119stotliwo\u015bci do regulacji napi\u0119cia i pr\u0105du wyj\u015bciowego. Po\u0142\u0105czenie tych cech sprawia, \u017ce SPS5165X jest wszechstronnym narz\u0119dziem do r\u00f3\u017cnych zastosowa\u0144 elektronicznych i przemys\u0142owych.<\/p>","protected":false},"excerpt":{"rendered":"<p>160V\/7.5A\/360W*3\uff0c trzykana\u0142owy zasilacz impulsowy<\/p>","protected":false},"featured_media":5083,"comment_status":"closed","ping_status":"closed","template":"","meta":{"_acf_changed":false,"slim_seo":{"title":"SPS5165X - YOTAVIS AG","description":"160V\/7.5A\/360W*3\uff0c trzykana\u0142owy zasilacz impulsowy"}},"product_brand":[506],"product_cat":[516,515],"product_tag":[],"class_list":{"0":"post-3610","1":"product","2":"type-product","3":"status-publish","4":"has-post-thumbnail","6":"product_brand-siglent","7":"product_cat-dc-source-en","8":"product_cat-power-en","9":"pa_current-a-7-5","10":"pa_output-number-141","11":"pa_power-w-407","12":"pa_remote-control-yes","13":"pa_voltage-v-156","15":"first","16":"instock","17":"taxable","18":"shipping-taxable","19":"purchasable","20":"product-type-simple"},"acf":[],"_links":{"self":[{"href":"https:\/\/yotavis.ch\/pl\/wp-json\/wp\/v2\/product\/3610","targetHints":{"allow":["GET"]}}],"collection":[{"href":"https:\/\/yotavis.ch\/pl\/wp-json\/wp\/v2\/product"}],"about":[{"href":"https:\/\/yotavis.ch\/pl\/wp-json\/wp\/v2\/types\/product"}],"replies":[{"embeddable":true,"href":"https:\/\/yotavis.ch\/pl\/wp-json\/wp\/v2\/comments?post=3610"}],"wp:featuredmedia":[{"embeddable":true,"href":"https:\/\/yotavis.ch\/pl\/wp-json\/wp\/v2\/media\/5083"}],"wp:attachment":[{"href":"https:\/\/yotavis.ch\/pl\/wp-json\/wp\/v2\/media?parent=3610"}],"wp:term":[{"taxonomy":"product_brand","embeddable":true,"href":"https:\/\/yotavis.ch\/pl\/wp-json\/wp\/v2\/product_brand?post=3610"},{"taxonomy":"product_cat","embeddable":true,"href":"https:\/\/yotavis.ch\/pl\/wp-json\/wp\/v2\/product_cat?post=3610"},{"taxonomy":"product_tag","embeddable":true,"href":"https:\/\/yotavis.ch\/pl\/wp-json\/wp\/v2\/product_tag?post=3610"}],"curies":[{"name":"wp","href":"https:\/\/api.w.org\/{rel}","templated":true}]}}