{"id":3611,"date":"2025-10-09T00:00:00","date_gmt":"2025-10-08T22:00:00","guid":{"rendered":"https:\/\/yotavis.ch\/product\/sdl1020x-e\/"},"modified":"2026-04-24T13:27:41","modified_gmt":"2026-04-24T11:27:41","slug":"sdl1020x-e","status":"publish","type":"product","link":"https:\/\/yotavis.ch\/pl\/produkt\/sdl1020x-e\/","title":{"rendered":"SDL1020X-E"},"content":{"rendered":"<p>SDL1020X-E od Siglent zapewnia moc wyj\u015bciow\u0105 200W przy maksymalnym napi\u0119ciu 150V i wydajno\u015bci pr\u0105dowej 30A. Posiada tryb dynamiczny CC dzia\u0142aj\u0105cy z cz\u0119stotliwo\u015bci\u0105 25 kHz i obs\u0142uguje zakres czasu narastania pr\u0105du od 0,001 do 2,5 A na mikrosekund\u0119. Urz\u0105dzenie jest wyposa\u017cone w 3,5-calowy wy\u015bwietlacz TFT-LCD i oferuje wiele opcji \u0142\u0105czno\u015bci, takich jak interfejsy RS232, USB, LAN i GPIB. Posiada pojedynczy kana\u0142 wyj\u015bciowy i obs\u0142uguje funkcj\u0119 zdalnego sterowania, umo\u017cliwiaj\u0105c elastyczn\u0105 prac\u0119. Rozdzielczo\u015b\u0107 pomiarowa jest ustawiona na 1mV na 1mA, zapewniaj\u0105c precyzyjn\u0105 kontrol\u0119 i monitorowanie parametr\u00f3w elektrycznych. Model ten zosta\u0142 zaprojektowany w celu zaspokojenia r\u00f3\u017cnych potrzeb testowych i pomiarowych dzi\u0119ki po\u0142\u0105czeniu mocy, szybko\u015bci i wszechstronno\u015bci interfejsu.<\/p>","protected":false},"excerpt":{"rendered":"<p>200W\uff1bDC150V\/30A\uff0cCC Dynamic Mode 25KHz \uff1bcurrent rise time range 0.001-2.5A\/us; 1mV\/1mA;3.5&#8242; TFT-LCD; RS232\/USB\/LAN\/GPIB<\/p>","protected":false},"featured_media":5084,"comment_status":"closed","ping_status":"closed","template":"","meta":{"_acf_changed":false,"slim_seo":{"title":"SDL1020X-E - YOTAVIS AG","description":"200W\uff1bDC150V\/30A\uff0cCC Dynamic Mode 25KHz \uff1b zakres czasu narastania pr\u0105du 0.001-2.5A\/us; 1mV\/1mA; 3.5' TFT-LCD; RS232\/USB\/LAN\/GPIB"}},"product_brand":[506],"product_cat":[517,515],"product_tag":[],"class_list":{"0":"post-3611","1":"product","2":"type-product","3":"status-publish","4":"has-post-thumbnail","6":"product_brand-siglent","7":"product_cat-dc-load-en","8":"product_cat-power-en","9":"pa_current-a-404","10":"pa_output-number-146","11":"pa_power-w-414","12":"pa_remote-control-yes","13":"pa_voltage-v-150","15":"first","16":"instock","17":"taxable","18":"shipping-taxable","19":"purchasable","20":"product-type-simple"},"acf":[],"_links":{"self":[{"href":"https:\/\/yotavis.ch\/pl\/wp-json\/wp\/v2\/product\/3611","targetHints":{"allow":["GET"]}}],"collection":[{"href":"https:\/\/yotavis.ch\/pl\/wp-json\/wp\/v2\/product"}],"about":[{"href":"https:\/\/yotavis.ch\/pl\/wp-json\/wp\/v2\/types\/product"}],"replies":[{"embeddable":true,"href":"https:\/\/yotavis.ch\/pl\/wp-json\/wp\/v2\/comments?post=3611"}],"wp:featuredmedia":[{"embeddable":true,"href":"https:\/\/yotavis.ch\/pl\/wp-json\/wp\/v2\/media\/5084"}],"wp:attachment":[{"href":"https:\/\/yotavis.ch\/pl\/wp-json\/wp\/v2\/media?parent=3611"}],"wp:term":[{"taxonomy":"product_brand","embeddable":true,"href":"https:\/\/yotavis.ch\/pl\/wp-json\/wp\/v2\/product_brand?post=3611"},{"taxonomy":"product_cat","embeddable":true,"href":"https:\/\/yotavis.ch\/pl\/wp-json\/wp\/v2\/product_cat?post=3611"},{"taxonomy":"product_tag","embeddable":true,"href":"https:\/\/yotavis.ch\/pl\/wp-json\/wp\/v2\/product_tag?post=3611"}],"curies":[{"name":"wp","href":"https:\/\/api.w.org\/{rel}","templated":true}]}}