{"id":3614,"date":"2025-10-09T00:00:00","date_gmt":"2025-10-08T22:00:00","guid":{"rendered":"https:\/\/yotavis.ch\/product\/sdl1030x\/"},"modified":"2026-04-24T13:27:42","modified_gmt":"2026-04-24T11:27:42","slug":"sdl1030x","status":"publish","type":"product","link":"https:\/\/yotavis.ch\/pl\/produkt\/sdl1030x\/","title":{"rendered":"SDL1030X"},"content":{"rendered":"<p>SDL1030X od Siglent zapewnia moc wyj\u015bciow\u0105 300W przy maksymalnym napi\u0119ciu 150V i wydajno\u015bci pr\u0105dowej 30A. Posiada tryb dynamiczny CC dzia\u0142aj\u0105cy z cz\u0119stotliwo\u015bci\u0105 25 kHz i obs\u0142uguje zakres czasu narastania pr\u0105du od 0,001 do 2,5 A na mikrosekund\u0119. Urz\u0105dzenie zapewnia precyzyjn\u0105 rozdzielczo\u015b\u0107 pomiaru z krokiem 0,1 mV i 0,1 mA. Jest wyposa\u017cony w 3,5-calowy wy\u015bwietlacz TFT-LCD zapewniaj\u0105cy wyra\u017an\u0105 wizualizacj\u0119 danych i ustawie\u0144. Opcje \u0142\u0105czno\u015bci obejmuj\u0105 interfejsy RS232, USB, LAN i GPIB, co pozwala na wszechstronne zdalne sterowanie i integracj\u0119 z r\u00f3\u017cnymi systemami. SDL1030X posiada pojedynczy kana\u0142 wyj\u015bciowy i obs\u0142uguje funkcj\u0119 zdalnego sterowania, zwi\u0119kszaj\u0105c jego u\u017cyteczno\u015b\u0107 w r\u00f3\u017cnych aplikacjach.<\/p>","protected":false},"excerpt":{"rendered":"<p>300W\uff1bDC150V\/30A\uff0cCC Dynamic Mode 25KHz \uff1bcurrent rise time range 0.001-2.5A\/us; 0.1mV\/0.1mA;3.5&#8242; TFT-LCD; RS232\/USB\/LAN\/GPIB<\/p>","protected":false},"featured_media":5098,"comment_status":"closed","ping_status":"closed","template":"","meta":{"_acf_changed":false,"slim_seo":{"title":"SDL1030X - YOTAVIS AG","description":"300W\uff1bDC150V\/30A\uff0cCC Dynamic Mode 25KHz \uff1b zakres czasu narastania pr\u0105du 0.001-2.5A\/us; 0.1mV\/0.1mA; 3.5' TFT-LCD; RS232\/USB\/LAN\/GPIB"}},"product_brand":[506],"product_cat":[517,515],"product_tag":[],"class_list":{"0":"post-3614","1":"product","2":"type-product","3":"status-publish","4":"has-post-thumbnail","6":"product_brand-siglent","7":"product_cat-dc-load-en","8":"product_cat-power-en","9":"pa_current-a-404","10":"pa_output-number-146","11":"pa_power-w-416","12":"pa_remote-control-yes","13":"pa_voltage-v-150","15":"first","16":"instock","17":"taxable","18":"shipping-taxable","19":"purchasable","20":"product-type-simple"},"acf":[],"_links":{"self":[{"href":"https:\/\/yotavis.ch\/pl\/wp-json\/wp\/v2\/product\/3614","targetHints":{"allow":["GET"]}}],"collection":[{"href":"https:\/\/yotavis.ch\/pl\/wp-json\/wp\/v2\/product"}],"about":[{"href":"https:\/\/yotavis.ch\/pl\/wp-json\/wp\/v2\/types\/product"}],"replies":[{"embeddable":true,"href":"https:\/\/yotavis.ch\/pl\/wp-json\/wp\/v2\/comments?post=3614"}],"wp:featuredmedia":[{"embeddable":true,"href":"https:\/\/yotavis.ch\/pl\/wp-json\/wp\/v2\/media\/5098"}],"wp:attachment":[{"href":"https:\/\/yotavis.ch\/pl\/wp-json\/wp\/v2\/media?parent=3614"}],"wp:term":[{"taxonomy":"product_brand","embeddable":true,"href":"https:\/\/yotavis.ch\/pl\/wp-json\/wp\/v2\/product_brand?post=3614"},{"taxonomy":"product_cat","embeddable":true,"href":"https:\/\/yotavis.ch\/pl\/wp-json\/wp\/v2\/product_cat?post=3614"},{"taxonomy":"product_tag","embeddable":true,"href":"https:\/\/yotavis.ch\/pl\/wp-json\/wp\/v2\/product_tag?post=3614"}],"curies":[{"name":"wp","href":"https:\/\/api.w.org\/{rel}","templated":true}]}}