{"id":3615,"date":"2025-10-09T00:00:00","date_gmt":"2025-10-08T22:00:00","guid":{"rendered":"https:\/\/yotavis.ch\/product\/sdm3045x\/"},"modified":"2026-04-24T13:27:43","modified_gmt":"2026-04-24T11:27:43","slug":"sdm3045x","status":"publish","type":"product","link":"https:\/\/yotavis.ch\/pl\/produkt\/sdm3045x\/","title":{"rendered":"SDM3045X"},"content":{"rendered":"<p>SDM3045X firmy Siglent posiada 4\u00bd-cyfrowy wy\u015bwietlacz i oferuje pr\u0119dko\u015b\u0107 pomiaru 150 odczyt\u00f3w na sekund\u0119. Wyposa\u017cony jest w kolorowy ekran TFT-LCD o przek\u0105tnej 4,3 cala i rozdzielczo\u015bci 480 na 272 piksele, zapewniaj\u0105cy wyra\u017any i szczeg\u00f3\u0142owy obraz. Urz\u0105dzenie obs\u0142uguje pomiary True RMS zar\u00f3wno dla napi\u0119cia AC, jak i pr\u0105du AC, zapewniaj\u0105c dok\u0142adne odczyty w zmiennych warunkach sygna\u0142u. Maksymalne napi\u0119cie DC, jakie mo\u017ce obs\u0142u\u017cy\u0107, wynosi 1000 V, podczas gdy maksymalne napi\u0119cie AC wynosi 750 V. W przypadku pomiar\u00f3w pr\u0105du, maksymalne nat\u0119\u017cenie pr\u0105du sta\u0142ego wynosi 7 amper\u00f3w. Dodatkowo SDM3045X mo\u017ce mierzy\u0107 rezystancj\u0119 do 100 megaom\u00f3w. W zestawie znajduje si\u0119 funkcja True RMS, kt\u00f3ra jest niezb\u0119dna do precyzyjnych pomiar\u00f3w AC. Ta kombinacja funkcji sprawia, \u017ce SDM3045X nadaje si\u0119 do szeregu zada\u0144 zwi\u0105zanych z pomiarami elektrycznymi.<\/p>","protected":false},"excerpt":{"rendered":"<p>4\u00bd cyfry; pr\u0119dko\u015b\u0107 pomiaru 150rdgs\/s; kolorowy wy\u015bwietlacz TFT-LCD o przek\u0105tnej 4,3 cala (480*272); pomiary napi\u0119cia AC i pr\u0105du AC True RMS<\/p>","protected":false},"featured_media":5106,"comment_status":"closed","ping_status":"closed","template":"","meta":{"_acf_changed":false,"slim_seo":{"title":"SDM3045X - YOTAVIS AG","description":"4\u00bd cyfry; pr\u0119dko\u015b\u0107 pomiaru 150rdgs\/s; kolorowy wy\u015bwietlacz TFT-LCD o przek\u0105tnej 4,3 cala (480*272); pomiary napi\u0119cia AC i pr\u0105du AC True RMS"}},"product_brand":[506],"product_cat":[519,518],"product_tag":[],"class_list":{"0":"post-3615","1":"product","2":"type-product","3":"status-publish","4":"has-post-thumbnail","6":"product_brand-siglent","7":"product_cat-desktop-meters-en","8":"product_cat-meters","9":"pa_digits-4-5","10":"pa_imax-dc-a-160","11":"pa_resistance-max-m-162","12":"pa_true-rms-yes","13":"pa_vmax-ac-v-161","14":"pa_vmax-dc-v-159","16":"first","17":"instock","18":"taxable","19":"shipping-taxable","20":"purchasable","21":"product-type-simple"},"acf":[],"_links":{"self":[{"href":"https:\/\/yotavis.ch\/pl\/wp-json\/wp\/v2\/product\/3615","targetHints":{"allow":["GET"]}}],"collection":[{"href":"https:\/\/yotavis.ch\/pl\/wp-json\/wp\/v2\/product"}],"about":[{"href":"https:\/\/yotavis.ch\/pl\/wp-json\/wp\/v2\/types\/product"}],"replies":[{"embeddable":true,"href":"https:\/\/yotavis.ch\/pl\/wp-json\/wp\/v2\/comments?post=3615"}],"wp:featuredmedia":[{"embeddable":true,"href":"https:\/\/yotavis.ch\/pl\/wp-json\/wp\/v2\/media\/5106"}],"wp:attachment":[{"href":"https:\/\/yotavis.ch\/pl\/wp-json\/wp\/v2\/media?parent=3615"}],"wp:term":[{"taxonomy":"product_brand","embeddable":true,"href":"https:\/\/yotavis.ch\/pl\/wp-json\/wp\/v2\/product_brand?post=3615"},{"taxonomy":"product_cat","embeddable":true,"href":"https:\/\/yotavis.ch\/pl\/wp-json\/wp\/v2\/product_cat?post=3615"},{"taxonomy":"product_tag","embeddable":true,"href":"https:\/\/yotavis.ch\/pl\/wp-json\/wp\/v2\/product_tag?post=3615"}],"curies":[{"name":"wp","href":"https:\/\/api.w.org\/{rel}","templated":true}]}}