{"id":3617,"date":"2025-10-09T00:00:00","date_gmt":"2025-10-08T22:00:00","guid":{"rendered":"https:\/\/yotavis.ch\/product\/sdm3055-sc\/"},"modified":"2026-04-24T13:27:43","modified_gmt":"2026-04-24T11:27:43","slug":"sdm3055-sc","status":"publish","type":"product","link":"https:\/\/yotavis.ch\/pl\/produkt\/sdm3055-sc\/","title":{"rendered":"SDM3055-SC"},"content":{"rendered":"<p>SDM3055-SC firmy Siglent posiada 5,5-cyfrowy wy\u015bwietlacz i obs\u0142uguje maksymalne napi\u0119cie DC 1000 V wraz z maksymalnym pr\u0105dem DC 7 amper\u00f3w. Jest w stanie obs\u0142u\u017cy\u0107 do 750 V AC i oferuje zakres pomiaru rezystancji do 100 megaom\u00f3w. Model ten posiada funkcj\u0119 pomiaru True RMS, zapewniaj\u0105c dok\u0142adne odczyty sygna\u0142\u00f3w AC. Urz\u0105dzenie jest wyposa\u017cone w kart\u0119 skanera (SC1016), kt\u00f3ra pozwala na skanowanie z pr\u0119dko\u015bci\u0105 50 kana\u0142\u00f3w na sekund\u0119, u\u0142atwiaj\u0105c wydajne pomiary wielokana\u0142owe. Specyfikacje te sprawiaj\u0105, \u017ce SDM3055-SC nadaje si\u0119 do r\u00f3\u017cnych zastosowa\u0144 zwi\u0105zanych z testowaniem i pomiarami elektrycznymi, w kt\u00f3rych wymagane s\u0105 wysokie mo\u017cliwo\u015bci napi\u0119ciowe i pr\u0105dowe oraz precyzyjne pomiary rezystancji i RMS.<\/p>","protected":false},"excerpt":{"rendered":"<p>SDM3055+Karta skanera \uff08SC1016\uff09<\/p>","protected":false},"featured_media":5115,"comment_status":"closed","ping_status":"closed","template":"","meta":{"_acf_changed":false,"slim_seo":{"title":"SDM3055-SC - YOTAVIS AG","description":"SDM3055+Karta skanera \uff08SC1016\uff09"}},"product_brand":[506],"product_cat":[1191,519,518],"product_tag":[],"class_list":{"0":"post-3617","1":"product","2":"type-product","3":"status-publish","4":"has-post-thumbnail","6":"product_brand-siglent","7":"product_cat-datalogger","8":"product_cat-desktop-meters-en","9":"product_cat-meters","10":"pa_channels-419","11":"pa_digits-5-5","12":"pa_imax-dc-a-160","13":"pa_resistance-max-m-162","14":"pa_scan-speed-ch-s-420","15":"pa_true-rms-yes","16":"pa_vmax-ac-v-161","17":"pa_vmax-dc-v-159","19":"first","20":"instock","21":"taxable","22":"shipping-taxable","23":"purchasable","24":"product-type-simple"},"acf":[],"_links":{"self":[{"href":"https:\/\/yotavis.ch\/pl\/wp-json\/wp\/v2\/product\/3617","targetHints":{"allow":["GET"]}}],"collection":[{"href":"https:\/\/yotavis.ch\/pl\/wp-json\/wp\/v2\/product"}],"about":[{"href":"https:\/\/yotavis.ch\/pl\/wp-json\/wp\/v2\/types\/product"}],"replies":[{"embeddable":true,"href":"https:\/\/yotavis.ch\/pl\/wp-json\/wp\/v2\/comments?post=3617"}],"wp:featuredmedia":[{"embeddable":true,"href":"https:\/\/yotavis.ch\/pl\/wp-json\/wp\/v2\/media\/5115"}],"wp:attachment":[{"href":"https:\/\/yotavis.ch\/pl\/wp-json\/wp\/v2\/media?parent=3617"}],"wp:term":[{"taxonomy":"product_brand","embeddable":true,"href":"https:\/\/yotavis.ch\/pl\/wp-json\/wp\/v2\/product_brand?post=3617"},{"taxonomy":"product_cat","embeddable":true,"href":"https:\/\/yotavis.ch\/pl\/wp-json\/wp\/v2\/product_cat?post=3617"},{"taxonomy":"product_tag","embeddable":true,"href":"https:\/\/yotavis.ch\/pl\/wp-json\/wp\/v2\/product_tag?post=3617"}],"curies":[{"name":"wp","href":"https:\/\/api.w.org\/{rel}","templated":true}]}}