{"id":3618,"date":"2025-10-09T00:00:00","date_gmt":"2025-10-08T22:00:00","guid":{"rendered":"https:\/\/yotavis.ch\/product\/sdm3065x\/"},"modified":"2026-04-24T13:27:43","modified_gmt":"2026-04-24T11:27:43","slug":"sdm3065x","status":"publish","type":"product","link":"https:\/\/yotavis.ch\/pl\/produkt\/sdm3065x\/","title":{"rendered":"SDM3065X"},"content":{"rendered":"<p>SDM3065X firmy Siglent ma rozdzielczo\u015b\u0107 6\u00bd cyfry i oferuje pr\u0119dko\u015b\u0107 pr\u00f3bkowania 10 000 odczyt\u00f3w na sekund\u0119. Wyposa\u017cony jest w kolorowy ekran TFT-LCD o przek\u0105tnej 4,3 cala i rozdzielczo\u015bci 480 na 272 piksele, zapewniaj\u0105cy wyra\u017any i szczeg\u00f3\u0142owy obraz. Urz\u0105dzenie obs\u0142uguje pomiary True RMS zar\u00f3wno dla napi\u0119cia AC, jak i pr\u0105du AC, zapewniaj\u0105c dok\u0142adne odczyty w r\u00f3\u017cnych zastosowaniach elektrycznych. Przyrz\u0105d obs\u0142uguje interfejs GPIB i jest kompatybilny z kart\u0105 skanera, umo\u017cliwiaj\u0105c rozszerzon\u0105 \u0142\u0105czno\u015b\u0107 i funkcjonalno\u015b\u0107. Maksymalne napi\u0119cie DC wynosi 1000 V, a maksymalne nat\u0119\u017cenie pr\u0105du DC 7 amper\u00f3w. W przypadku pomiar\u00f3w pr\u0105du przemiennego maksymalne napi\u0119cie wynosi 750 V. Urz\u0105dzenie mo\u017ce mierzy\u0107 rezystancj\u0119 do 100 megaom\u00f3w. Dost\u0119pne s\u0105 funkcje True RMS, zwi\u0119kszaj\u0105ce precyzj\u0119 pomiar\u00f3w AC. SDM3065X zosta\u0142 zaprojektowany, aby zaspokoi\u0107 potrzeby u\u017cytkownik\u00f3w wymagaj\u0105cych wysokiej rozdzielczo\u015bci i szybkiej akwizycji danych w testach elektrycznych i zadaniach pomiarowych.<\/p>","protected":false},"excerpt":{"rendered":"<p>6\u00bd cyfry; pr\u0119dko\u015b\u0107 pr\u00f3bkowania 10000 rb\/s; kolorowy wy\u015bwietlacz TFT-LCD o przek\u0105tnej 4,3 cala (480 * 272); pomiary napi\u0119cia AC i pr\u0105du AC True RMS; obs\u0142uga interfejsu GPIB, karta skanera<\/p>","protected":false},"featured_media":5117,"comment_status":"closed","ping_status":"closed","template":"","meta":{"_acf_changed":false,"slim_seo":{"title":"SDM3065X - YOTAVIS AG","description":"6\u00bd-digit; 10000rdgs\/s sampling speed; 4.3 inch (480 * 272) true color TFT-LCD screen display; True RMS AC voltage and AC current measurements; supports GPIB int"}},"product_brand":[506],"product_cat":[519,518],"product_tag":[],"class_list":{"0":"post-3618","1":"product","2":"type-product","3":"status-publish","4":"has-post-thumbnail","6":"product_brand-siglent","7":"product_cat-desktop-meters-en","8":"product_cat-meters","9":"pa_digits-6-5","10":"pa_imax-dc-a-160","11":"pa_resistance-max-m-162","12":"pa_true-rms-yes","13":"pa_vmax-ac-v-161","14":"pa_vmax-dc-v-159","16":"first","17":"instock","18":"taxable","19":"shipping-taxable","20":"purchasable","21":"product-type-simple"},"acf":[],"_links":{"self":[{"href":"https:\/\/yotavis.ch\/pl\/wp-json\/wp\/v2\/product\/3618","targetHints":{"allow":["GET"]}}],"collection":[{"href":"https:\/\/yotavis.ch\/pl\/wp-json\/wp\/v2\/product"}],"about":[{"href":"https:\/\/yotavis.ch\/pl\/wp-json\/wp\/v2\/types\/product"}],"replies":[{"embeddable":true,"href":"https:\/\/yotavis.ch\/pl\/wp-json\/wp\/v2\/comments?post=3618"}],"wp:featuredmedia":[{"embeddable":true,"href":"https:\/\/yotavis.ch\/pl\/wp-json\/wp\/v2\/media\/5117"}],"wp:attachment":[{"href":"https:\/\/yotavis.ch\/pl\/wp-json\/wp\/v2\/media?parent=3618"}],"wp:term":[{"taxonomy":"product_brand","embeddable":true,"href":"https:\/\/yotavis.ch\/pl\/wp-json\/wp\/v2\/product_brand?post=3618"},{"taxonomy":"product_cat","embeddable":true,"href":"https:\/\/yotavis.ch\/pl\/wp-json\/wp\/v2\/product_cat?post=3618"},{"taxonomy":"product_tag","embeddable":true,"href":"https:\/\/yotavis.ch\/pl\/wp-json\/wp\/v2\/product_tag?post=3618"}],"curies":[{"name":"wp","href":"https:\/\/api.w.org\/{rel}","templated":true}]}}