{"id":3619,"date":"2025-10-09T00:00:00","date_gmt":"2025-10-08T22:00:00","guid":{"rendered":"https:\/\/yotavis.ch\/product\/sdm3065x-sc\/"},"modified":"2026-04-24T13:27:44","modified_gmt":"2026-04-24T11:27:44","slug":"sdm3065x-sc","status":"publish","type":"product","link":"https:\/\/yotavis.ch\/pl\/produkt\/sdm3065x-sc\/","title":{"rendered":"SDM3065X-SC"},"content":{"rendered":"<p>SDM3065X-SC firmy Siglent charakteryzuje si\u0119 rozdzielczo\u015bci\u0105 6,5 cyfry, zapewniaj\u0105c precyzyjne mo\u017cliwo\u015bci pomiarowe. Obs\u0142uguje maksymalne napi\u0119cie DC 1000 V i maksymalny pr\u0105d DC 7 A, co pozwala na obs\u0142ug\u0119 szerokiego zakresu scenariuszy test\u00f3w elektrycznych. W przypadku pomiar\u00f3w pr\u0105du przemiennego mo\u017ce on obs\u0142ugiwa\u0107 napi\u0119cie do 750 V. Urz\u0105dzenie posiada funkcj\u0119 pomiaru rezystancji o maksymalnej warto\u015bci 100 megaom\u00f3w. Jest wyposa\u017cony w funkcj\u0119 True RMS, zapewniaj\u0105c\u0105 dok\u0142adne odczyty sygna\u0142\u00f3w AC niezale\u017cnie od kszta\u0142tu fali. Karta skanera SC1016 zintegrowana z SDM3065X-SC oferuje pr\u0119dko\u015b\u0107 skanowania 50 kana\u0142\u00f3w na sekund\u0119, u\u0142atwiaj\u0105c wydajne testowanie wielokana\u0142owe. Ta kombinacja funkcji sprawia, \u017ce SDM3065X-SC nadaje si\u0119 do szczeg\u00f3\u0142owych i zr\u00f3\u017cnicowanych zada\u0144 pomiar\u00f3w elektrycznych.<\/p>","protected":false},"excerpt":{"rendered":"<p>SDM3065X+Karta skanera \uff08SC1016\uff09<\/p>","protected":false},"featured_media":5119,"comment_status":"closed","ping_status":"closed","template":"","meta":{"_acf_changed":false,"slim_seo":{"title":"SDM3065X-SC - YOTAVIS AG","description":"SDM3065X+Karta skanera \uff08SC1016\uff09"}},"product_brand":[506],"product_cat":[1191,519,518],"product_tag":[],"class_list":{"0":"post-3619","1":"product","2":"type-product","3":"status-publish","4":"has-post-thumbnail","6":"product_brand-siglent","7":"product_cat-datalogger","8":"product_cat-desktop-meters-en","9":"product_cat-meters","10":"pa_channels-419","11":"pa_digits-6-5","12":"pa_imax-dc-a-160","13":"pa_resistance-max-m-162","14":"pa_scan-speed-ch-s-420","15":"pa_true-rms-yes","16":"pa_vmax-ac-v-161","17":"pa_vmax-dc-v-159","19":"first","20":"instock","21":"taxable","22":"shipping-taxable","23":"purchasable","24":"product-type-simple"},"acf":[],"_links":{"self":[{"href":"https:\/\/yotavis.ch\/pl\/wp-json\/wp\/v2\/product\/3619","targetHints":{"allow":["GET"]}}],"collection":[{"href":"https:\/\/yotavis.ch\/pl\/wp-json\/wp\/v2\/product"}],"about":[{"href":"https:\/\/yotavis.ch\/pl\/wp-json\/wp\/v2\/types\/product"}],"replies":[{"embeddable":true,"href":"https:\/\/yotavis.ch\/pl\/wp-json\/wp\/v2\/comments?post=3619"}],"wp:featuredmedia":[{"embeddable":true,"href":"https:\/\/yotavis.ch\/pl\/wp-json\/wp\/v2\/media\/5119"}],"wp:attachment":[{"href":"https:\/\/yotavis.ch\/pl\/wp-json\/wp\/v2\/media?parent=3619"}],"wp:term":[{"taxonomy":"product_brand","embeddable":true,"href":"https:\/\/yotavis.ch\/pl\/wp-json\/wp\/v2\/product_brand?post=3619"},{"taxonomy":"product_cat","embeddable":true,"href":"https:\/\/yotavis.ch\/pl\/wp-json\/wp\/v2\/product_cat?post=3619"},{"taxonomy":"product_tag","embeddable":true,"href":"https:\/\/yotavis.ch\/pl\/wp-json\/wp\/v2\/product_tag?post=3619"}],"curies":[{"name":"wp","href":"https:\/\/api.w.org\/{rel}","templated":true}]}}