{"id":3621,"date":"2025-10-09T00:00:00","date_gmt":"2025-10-08T22:00:00","guid":{"rendered":"https:\/\/yotavis.ch\/product\/sdm4055a-sc\/"},"modified":"2026-04-24T13:27:46","modified_gmt":"2026-04-24T11:27:46","slug":"sdm4055a-sc","status":"publish","type":"product","link":"https:\/\/yotavis.ch\/pl\/produkt\/sdm4055a-sc\/","title":{"rendered":"SDM4055A-SC"},"content":{"rendered":"<p>SDM4055A-SC to produkt firmy Siglent, kt\u00f3ry zawiera SDM4055 wraz z kart\u0105 skanera (SC1016). Posiada 5,5-cyfrowy wy\u015bwietlacz, zapewniaj\u0105cy precyzyjne mo\u017cliwo\u015bci pomiarowe. Urz\u0105dzenie obs\u0142uguje maksymalne napi\u0119cie DC 1000 V i maksymalny pr\u0105d DC 7 A, dzi\u0119ki czemu mo\u017ce obs\u0142ugiwa\u0107 aplikacje wysokonapi\u0119ciowe i wysokopr\u0105dowe. W przypadku pomiar\u00f3w pr\u0105du przemiennego mo\u017ce on obs\u0142ugiwa\u0107 napi\u0119cie do 750 V. Mo\u017cliwo\u015bci pomiaru rezystancji si\u0119gaj\u0105 100 megaom\u00f3w. Model ten posiada funkcj\u0119 True RMS, zapewniaj\u0105c\u0105 dok\u0142adne odczyty sygna\u0142\u00f3w AC niezale\u017cnie od kszta\u0142tu fali. Karta skanera umo\u017cliwia skanowanie z pr\u0119dko\u015bci\u0105 50 kana\u0142\u00f3w na sekund\u0119, u\u0142atwiaj\u0105c wydajne pomiary wielokana\u0142owe.<\/p>","protected":false},"excerpt":{"rendered":"<p>SDM4055+Karta skanera \uff08SC1016\uff09<\/p>","protected":false},"featured_media":5128,"comment_status":"closed","ping_status":"closed","template":"","meta":{"_acf_changed":false,"slim_seo":{"title":"SDM4055A-SC - YOTAVIS AG","description":"SDM4055+Karta skanera \uff08SC1016\uff09"}},"product_brand":[506],"product_cat":[1191,519,518],"product_tag":[],"class_list":{"0":"post-3621","1":"product","2":"type-product","3":"status-publish","4":"has-post-thumbnail","6":"product_brand-siglent","7":"product_cat-datalogger","8":"product_cat-desktop-meters-en","9":"product_cat-meters","10":"pa_channels-419","11":"pa_digits-5-5","12":"pa_imax-dc-a-160","13":"pa_resistance-max-m-162","14":"pa_scan-speed-ch-s-420","15":"pa_true-rms-yes","16":"pa_vmax-ac-v-161","17":"pa_vmax-dc-v-159","19":"first","20":"instock","21":"taxable","22":"shipping-taxable","23":"purchasable","24":"product-type-simple"},"acf":[],"_links":{"self":[{"href":"https:\/\/yotavis.ch\/pl\/wp-json\/wp\/v2\/product\/3621","targetHints":{"allow":["GET"]}}],"collection":[{"href":"https:\/\/yotavis.ch\/pl\/wp-json\/wp\/v2\/product"}],"about":[{"href":"https:\/\/yotavis.ch\/pl\/wp-json\/wp\/v2\/types\/product"}],"replies":[{"embeddable":true,"href":"https:\/\/yotavis.ch\/pl\/wp-json\/wp\/v2\/comments?post=3621"}],"wp:featuredmedia":[{"embeddable":true,"href":"https:\/\/yotavis.ch\/pl\/wp-json\/wp\/v2\/media\/5128"}],"wp:attachment":[{"href":"https:\/\/yotavis.ch\/pl\/wp-json\/wp\/v2\/media?parent=3621"}],"wp:term":[{"taxonomy":"product_brand","embeddable":true,"href":"https:\/\/yotavis.ch\/pl\/wp-json\/wp\/v2\/product_brand?post=3621"},{"taxonomy":"product_cat","embeddable":true,"href":"https:\/\/yotavis.ch\/pl\/wp-json\/wp\/v2\/product_cat?post=3621"},{"taxonomy":"product_tag","embeddable":true,"href":"https:\/\/yotavis.ch\/pl\/wp-json\/wp\/v2\/product_tag?post=3621"}],"curies":[{"name":"wp","href":"https:\/\/api.w.org\/{rel}","templated":true}]}}