{"id":3622,"date":"2025-10-09T00:00:00","date_gmt":"2025-10-08T22:00:00","guid":{"rendered":"https:\/\/yotavis.ch\/product\/sdm4065a\/"},"modified":"2026-04-24T13:27:47","modified_gmt":"2026-04-24T11:27:47","slug":"sdm4065a","status":"publish","type":"product","link":"https:\/\/yotavis.ch\/pl\/produkt\/sdm4065a\/","title":{"rendered":"SDM4065A"},"content":{"rendered":"<p>SDM4065A firmy Siglent charakteryzuje si\u0119 rozdzielczo\u015bci\u0105 6\u00bd cyfry i oferuje pr\u0119dko\u015b\u0107 pr\u00f3bkowania 50 000 odczyt\u00f3w na sekund\u0119. Jest wyposa\u017cony w 5-calowy kolorowy ekran TFT-LCD o rozdzielczo\u015bci 800 na 480 pikseli, zapewniaj\u0105cy wyra\u017ane i szczeg\u00f3\u0142owe wy\u015bwietlanie pomiar\u00f3w. Urz\u0105dzenie obs\u0142uguje pomiary True RMS zar\u00f3wno dla napi\u0119cia AC, jak i pr\u0105du AC, zapewniaj\u0105c dok\u0142adne odczyty w r\u00f3\u017cnych \u015brodowiskach elektrycznych. Maksymalne napi\u0119cie DC, jakie mo\u017ce obs\u0142u\u017cy\u0107 to 1000 V, podczas gdy maksymalne napi\u0119cie AC wynosi 750 V. Mo\u017ce mierzy\u0107 pr\u0105dy DC do 7 amper\u00f3w i ma maksymaln\u0105 zdolno\u015b\u0107 pomiaru rezystancji 100 megaom\u00f3w. Funkcja True RMS zapewnia precyzyjne pomiary AC w r\u00f3\u017cnych zastosowaniach.<\/p>","protected":false},"excerpt":{"rendered":"<p>6\u00bd cyfry; pr\u0119dko\u015b\u0107 pr\u00f3bkowania 50000rdgs\/s; 5-calowy (800*480) kolorowy wy\u015bwietlacz TFT-LCD; pomiary napi\u0119cia i pr\u0105du AC True RMS<\/p>","protected":false},"featured_media":5140,"comment_status":"closed","ping_status":"closed","template":"","meta":{"_acf_changed":false,"slim_seo":{"title":"SDM4065A - YOTAVIS AG","description":"6\u00bd cyfry; pr\u0119dko\u015b\u0107 pr\u00f3bkowania 50000rdgs\/s; 5-calowy (800*480) kolorowy wy\u015bwietlacz TFT-LCD; pomiary napi\u0119cia i pr\u0105du AC True RMS"}},"product_brand":[506],"product_cat":[519,518],"product_tag":[],"class_list":{"0":"post-3622","1":"product","2":"type-product","3":"status-publish","4":"has-post-thumbnail","6":"product_brand-siglent","7":"product_cat-desktop-meters-en","8":"product_cat-meters","9":"pa_digits-6-5","10":"pa_imax-dc-a-160","11":"pa_resistance-max-m-162","12":"pa_true-rms-yes","13":"pa_vmax-ac-v-161","14":"pa_vmax-dc-v-159","16":"first","17":"instock","18":"taxable","19":"shipping-taxable","20":"purchasable","21":"product-type-simple"},"acf":[],"_links":{"self":[{"href":"https:\/\/yotavis.ch\/pl\/wp-json\/wp\/v2\/product\/3622","targetHints":{"allow":["GET"]}}],"collection":[{"href":"https:\/\/yotavis.ch\/pl\/wp-json\/wp\/v2\/product"}],"about":[{"href":"https:\/\/yotavis.ch\/pl\/wp-json\/wp\/v2\/types\/product"}],"replies":[{"embeddable":true,"href":"https:\/\/yotavis.ch\/pl\/wp-json\/wp\/v2\/comments?post=3622"}],"wp:featuredmedia":[{"embeddable":true,"href":"https:\/\/yotavis.ch\/pl\/wp-json\/wp\/v2\/media\/5140"}],"wp:attachment":[{"href":"https:\/\/yotavis.ch\/pl\/wp-json\/wp\/v2\/media?parent=3622"}],"wp:term":[{"taxonomy":"product_brand","embeddable":true,"href":"https:\/\/yotavis.ch\/pl\/wp-json\/wp\/v2\/product_brand?post=3622"},{"taxonomy":"product_cat","embeddable":true,"href":"https:\/\/yotavis.ch\/pl\/wp-json\/wp\/v2\/product_cat?post=3622"},{"taxonomy":"product_tag","embeddable":true,"href":"https:\/\/yotavis.ch\/pl\/wp-json\/wp\/v2\/product_tag?post=3622"}],"curies":[{"name":"wp","href":"https:\/\/api.w.org\/{rel}","templated":true}]}}