{"id":3624,"date":"2025-10-09T00:00:00","date_gmt":"2025-10-08T22:00:00","guid":{"rendered":"https:\/\/yotavis.ch\/product\/ssg3021x\/"},"modified":"2026-04-24T13:27:48","modified_gmt":"2026-04-24T11:27:48","slug":"ssg3021x","status":"publish","type":"product","link":"https:\/\/yotavis.ch\/pl\/produkt\/ssg3021x\/","title":{"rendered":"SSG3021X"},"content":{"rendered":"<p>Siglent SSG3021X dzia\u0142a na cz\u0119stotliwo\u015bci oko\u0142o 2,1 GHz z rozdzielczo\u015bci\u0105 cz\u0119stotliwo\u015bci 0,01 Hz. Charakteryzuje si\u0119 poziomem szumu fazowego -110 dBc\/Hz przy 1 GHz z przesuni\u0119ciem 20 kHz, zapewniaj\u0105c precyzyjne generowanie sygna\u0142u. Urz\u0105dzenie obs\u0142uguje zakres amplitudy od -110 dBm do +13 dBm, z maksymaln\u0105 amplitud\u0105 20 dBm. Jest ono wyposa\u017cone w 5-calowy ekran dotykowy TFT, zapewniaj\u0105cy interaktywny interfejs do sterowania przez u\u017cytkownika. Produkt zosta\u0142 zaprojektowany tak, aby zapewni\u0107 niezawodne dzia\u0142anie w zakresie okre\u015blonych parametr\u00f3w cz\u0119stotliwo\u015bci i amplitudy. Jego szczeg\u00f3\u0142owe specyfikacje podkre\u015blaj\u0105 jego zdolno\u015b\u0107 do dok\u0142adnego generowania cz\u0119stotliwo\u015bci i amplitudy, odpowiednich do r\u00f3\u017cnych zastosowa\u0144 zwi\u0105zanych z generowaniem sygna\u0142\u00f3w. Po\u0142\u0105czenie wysokiej rozdzielczo\u015bci cz\u0119stotliwo\u015bciowej i niskiego szumu fazowego przyczynia si\u0119 do jego skuteczno\u015bci w precyzyjnym testowaniu sygna\u0142u i zadaniach pomiarowych.<\/p>","protected":false},"excerpt":{"rendered":"<p>9 K ~ 2,1 GHz; -110 dBm ~ +13 dBm; rozdzielczo\u015b\u0107 cz\u0119stotliwo\u015bci 0,01 Hz\uff0c-110 dBc\/Hz @1 Ghz, offset 20 kHz; 5-calowy ekran dotykowy TFT<\/p>","protected":false},"featured_media":5153,"comment_status":"closed","ping_status":"closed","template":"","meta":{"_acf_changed":false,"slim_seo":{"title":"SSG3021X - YOTAVIS AG","description":"9 K ~ 2,1 GHz; -110 dBm ~ +13 dBm; rozdzielczo\u015b\u0107 cz\u0119stotliwo\u015bci 0,01 Hz\uff0c-110 dBc\/Hz @1 Ghz, offset 20 kHz; 5-calowy ekran dotykowy TFT"}},"product_brand":[506],"product_cat":[513,521],"product_tag":[],"class_list":{"0":"post-3624","1":"product","2":"type-product","3":"status-publish","4":"has-post-thumbnail","6":"product_brand-siglent","7":"product_cat-generator","8":"product_cat-rf-generator","9":"pa_amplitude-dbm-170","10":"pa_channels-384","11":"pa_frequency-mhz-169","13":"first","14":"instock","15":"taxable","16":"shipping-taxable","17":"purchasable","18":"product-type-simple"},"acf":[],"_links":{"self":[{"href":"https:\/\/yotavis.ch\/pl\/wp-json\/wp\/v2\/product\/3624","targetHints":{"allow":["GET"]}}],"collection":[{"href":"https:\/\/yotavis.ch\/pl\/wp-json\/wp\/v2\/product"}],"about":[{"href":"https:\/\/yotavis.ch\/pl\/wp-json\/wp\/v2\/types\/product"}],"replies":[{"embeddable":true,"href":"https:\/\/yotavis.ch\/pl\/wp-json\/wp\/v2\/comments?post=3624"}],"wp:featuredmedia":[{"embeddable":true,"href":"https:\/\/yotavis.ch\/pl\/wp-json\/wp\/v2\/media\/5153"}],"wp:attachment":[{"href":"https:\/\/yotavis.ch\/pl\/wp-json\/wp\/v2\/media?parent=3624"}],"wp:term":[{"taxonomy":"product_brand","embeddable":true,"href":"https:\/\/yotavis.ch\/pl\/wp-json\/wp\/v2\/product_brand?post=3624"},{"taxonomy":"product_cat","embeddable":true,"href":"https:\/\/yotavis.ch\/pl\/wp-json\/wp\/v2\/product_cat?post=3624"},{"taxonomy":"product_tag","embeddable":true,"href":"https:\/\/yotavis.ch\/pl\/wp-json\/wp\/v2\/product_tag?post=3624"}],"curies":[{"name":"wp","href":"https:\/\/api.w.org\/{rel}","templated":true}]}}