{"id":3626,"date":"2025-10-09T00:00:00","date_gmt":"2025-10-08T22:00:00","guid":{"rendered":"https:\/\/yotavis.ch\/product\/ssg3032x\/"},"modified":"2026-04-24T13:27:48","modified_gmt":"2026-04-24T11:27:48","slug":"ssg3032x","status":"publish","type":"product","link":"https:\/\/yotavis.ch\/pl\/produkt\/ssg3032x\/","title":{"rendered":"SSG3032X"},"content":{"rendered":"<p>Siglent SSG3032X pracuje z maksymaln\u0105 cz\u0119stotliwo\u015bci\u0105 3,2 GHz i charakteryzuje si\u0119 rozdzielczo\u015bci\u0105 cz\u0119stotliwo\u015bci 0,01 Hz. Oferuje szum fazowy na poziomie -110 dBc\/Hz przy 1 GHz z przesuni\u0119ciem 20 kHz, zapewniaj\u0105c precyzyjne generowanie sygna\u0142u. Urz\u0105dzenie obs\u0142uguje zakres amplitudy od -110 dBm do +13 dBm, z maksymaln\u0105 amplitud\u0105 20 dBm. Jest ono wyposa\u017cone w 5-calowy ekran dotykowy TFT, zapewniaj\u0105cy intuicyjny interfejs do interakcji z u\u017cytkownikiem. Zakres cz\u0119stotliwo\u015bci zaczyna si\u0119 od 9 kHz, co pozwala na szerokie spektrum zastosowa\u0144 w zakresie generowania sygna\u0142\u00f3w. SSG3032X zosta\u0142 zaprojektowany do dostarczania dok\u0142adnych i stabilnych sygna\u0142\u00f3w wyj\u015bciowych w ca\u0142ym pa\u015bmie operacyjnym.<\/p>","protected":false},"excerpt":{"rendered":"<p>9 K ~ 3,2 GHz; -110 dBm ~ +13 dBm; rozdzielczo\u015b\u0107 cz\u0119stotliwo\u015bci 0,01 Hz\uff0c-110 dBc\/Hz @1 Ghz, offset 20 kHz; 5-calowy ekran dotykowy TFT<\/p>","protected":false},"featured_media":5156,"comment_status":"closed","ping_status":"closed","template":"","meta":{"_acf_changed":false,"slim_seo":{"title":"SSG3032X - YOTAVIS AG","description":"9 K ~ 3,2 GHz; -110 dBm ~ +13 dBm; rozdzielczo\u015b\u0107 cz\u0119stotliwo\u015bci 0,01 Hz\uff0c-110 dBc\/Hz @1 Ghz, offset 20 kHz; 5-calowy ekran dotykowy TFT"}},"product_brand":[506],"product_cat":[513,521],"product_tag":[],"class_list":{"0":"post-3626","1":"product","2":"type-product","3":"status-publish","4":"has-post-thumbnail","6":"product_brand-siglent","7":"product_cat-generator","8":"product_cat-rf-generator","9":"pa_amplitude-dbm-170","10":"pa_channels-384","11":"pa_frequency-mhz-173","13":"first","14":"instock","15":"taxable","16":"shipping-taxable","17":"purchasable","18":"product-type-simple"},"acf":[],"_links":{"self":[{"href":"https:\/\/yotavis.ch\/pl\/wp-json\/wp\/v2\/product\/3626","targetHints":{"allow":["GET"]}}],"collection":[{"href":"https:\/\/yotavis.ch\/pl\/wp-json\/wp\/v2\/product"}],"about":[{"href":"https:\/\/yotavis.ch\/pl\/wp-json\/wp\/v2\/types\/product"}],"replies":[{"embeddable":true,"href":"https:\/\/yotavis.ch\/pl\/wp-json\/wp\/v2\/comments?post=3626"}],"wp:featuredmedia":[{"embeddable":true,"href":"https:\/\/yotavis.ch\/pl\/wp-json\/wp\/v2\/media\/5156"}],"wp:attachment":[{"href":"https:\/\/yotavis.ch\/pl\/wp-json\/wp\/v2\/media?parent=3626"}],"wp:term":[{"taxonomy":"product_brand","embeddable":true,"href":"https:\/\/yotavis.ch\/pl\/wp-json\/wp\/v2\/product_brand?post=3626"},{"taxonomy":"product_cat","embeddable":true,"href":"https:\/\/yotavis.ch\/pl\/wp-json\/wp\/v2\/product_cat?post=3626"},{"taxonomy":"product_tag","embeddable":true,"href":"https:\/\/yotavis.ch\/pl\/wp-json\/wp\/v2\/product_tag?post=3626"}],"curies":[{"name":"wp","href":"https:\/\/api.w.org\/{rel}","templated":true}]}}