{"id":3627,"date":"2025-10-09T00:00:00","date_gmt":"2025-10-08T22:00:00","guid":{"rendered":"https:\/\/yotavis.ch\/product\/ssg3032x-iqe\/"},"modified":"2026-04-24T13:27:49","modified_gmt":"2026-04-24T11:27:49","slug":"ssg3032x-iqe","status":"publish","type":"product","link":"https:\/\/yotavis.ch\/pl\/produkt\/ssg3032x-iqe\/","title":{"rendered":"SSG3032X-IQE"},"content":{"rendered":"<p>Siglent SSG3032X-IQE dzia\u0142a w zakresie cz\u0119stotliwo\u015bci do oko\u0142o 3,2 GHz i charakteryzuje si\u0119 rozdzielczo\u015bci\u0105 cz\u0119stotliwo\u015bci 0,01 Hz. Oferuje szum fazowy na poziomie -110 dBc\/Hz przy 1 GHz z przesuni\u0119ciem 20 kHz, zapewniaj\u0105c precyzyjne generowanie sygna\u0142u. Urz\u0105dzenie obs\u0142uguje zakres amplitudy od -110 dBm do +13 dBm, z maksymaln\u0105 amplitud\u0105 20 dBm. Jest wyposa\u017cony w 5-calowy ekran dotykowy TFT do interakcji z u\u017cytkownikiem i zawiera funkcj\u0119 EIQ do ulepszonej analizy sygna\u0142u. Szeroko\u015b\u0107 pasma IQ tego modelu wynosi 100 MHz, co pozwala na szczeg\u00f3\u0142ow\u0105 modulacj\u0119 i charakterystyk\u0119 sygna\u0142u. Produkt ten zosta\u0142 zaprojektowany przez Siglent, mark\u0119 znan\u0105 z elektronicznego sprz\u0119tu testowego.<\/p>","protected":false},"excerpt":{"rendered":"<p>9 K ~ 3,2 GHz; -110 dBm ~ +13 dBm; rozdzielczo\u015b\u0107 cz\u0119stotliwo\u015bci 0,01 Hz\uff0c-110 dBc\/Hz @1 Ghz, przesuni\u0119cie 20 kHz; 5-calowy ekran dotykowy TFT; z funkcj\u0105 EIQ<\/p>","protected":false},"featured_media":5159,"comment_status":"closed","ping_status":"closed","template":"","meta":{"_acf_changed":false,"slim_seo":{"title":"SSG3032X-IQE - YOTAVIS AG","description":"9 K ~ 3,2 GHz; -110 dBm ~ +13 dBm; rozdzielczo\u015b\u0107 cz\u0119stotliwo\u015bci 0,01 Hz\uff0c-110 dBc\/Hz @1 Ghz, przesuni\u0119cie 20 kHz; 5-calowy ekran dotykowy TFT; z funkcj\u0105 EIQ"}},"product_brand":[506],"product_cat":[513,522],"product_tag":[],"class_list":{"0":"post-3627","1":"product","2":"type-product","3":"status-publish","4":"has-post-thumbnail","6":"product_brand-siglent","7":"product_cat-generator","8":"product_cat-rf-vector-generator","9":"pa_amplitude-dbm-170","10":"pa_channels-384","11":"pa_frequency-mhz-173","12":"pa_iq-bandwidth-mhz-423","14":"first","15":"instock","16":"taxable","17":"shipping-taxable","18":"purchasable","19":"product-type-simple"},"acf":[],"_links":{"self":[{"href":"https:\/\/yotavis.ch\/pl\/wp-json\/wp\/v2\/product\/3627","targetHints":{"allow":["GET"]}}],"collection":[{"href":"https:\/\/yotavis.ch\/pl\/wp-json\/wp\/v2\/product"}],"about":[{"href":"https:\/\/yotavis.ch\/pl\/wp-json\/wp\/v2\/types\/product"}],"replies":[{"embeddable":true,"href":"https:\/\/yotavis.ch\/pl\/wp-json\/wp\/v2\/comments?post=3627"}],"wp:featuredmedia":[{"embeddable":true,"href":"https:\/\/yotavis.ch\/pl\/wp-json\/wp\/v2\/media\/5159"}],"wp:attachment":[{"href":"https:\/\/yotavis.ch\/pl\/wp-json\/wp\/v2\/media?parent=3627"}],"wp:term":[{"taxonomy":"product_brand","embeddable":true,"href":"https:\/\/yotavis.ch\/pl\/wp-json\/wp\/v2\/product_brand?post=3627"},{"taxonomy":"product_cat","embeddable":true,"href":"https:\/\/yotavis.ch\/pl\/wp-json\/wp\/v2\/product_cat?post=3627"},{"taxonomy":"product_tag","embeddable":true,"href":"https:\/\/yotavis.ch\/pl\/wp-json\/wp\/v2\/product_tag?post=3627"}],"curies":[{"name":"wp","href":"https:\/\/api.w.org\/{rel}","templated":true}]}}