{"id":3628,"date":"2025-10-09T00:00:00","date_gmt":"2025-10-08T22:00:00","guid":{"rendered":"https:\/\/yotavis.ch\/product\/ssg5040x\/"},"modified":"2026-04-24T13:27:50","modified_gmt":"2026-04-24T11:27:50","slug":"ssg5040x","status":"publish","type":"product","link":"https:\/\/yotavis.ch\/pl\/produkt\/ssg5040x\/","title":{"rendered":"SSG5040X"},"content":{"rendered":"<p>Siglent SSG5040X dzia\u0142a w zakresie cz\u0119stotliwo\u015bci od 9 kHz do 4 GHz, oferuj\u0105c maksymaln\u0105 cz\u0119stotliwo\u015b\u0107 4000 MHz. Charakteryzuje si\u0119 rozdzielczo\u015bci\u0105 cz\u0119stotliwo\u015bci 0,001 Hz, umo\u017cliwiaj\u0105c precyzyjne generowanie i analiz\u0119 sygna\u0142u. Urz\u0105dzenie charakteryzuje si\u0119 szumem fazowym na poziomie -120 dBc\/Hz przy 1 GHz z przesuni\u0119ciem 20 kHz, zapewniaj\u0105c stabilny i cichy sygna\u0142 wyj\u015bciowy. Jego zakres amplitudy rozci\u0105ga si\u0119 od -140 dBm do +26 dBm, z maksymaln\u0105 amplitud\u0105 26 dBm. SSG5040X jest wyposa\u017cony w 5-calowy ekran dotykowy TFT, zapewniaj\u0105cy intuicyjny interfejs do interakcji z u\u017cytkownikiem. Model ten zosta\u0142 zaprojektowany przez Siglent i jest oznaczony kodem produktu SSG5040X.<\/p>","protected":false},"excerpt":{"rendered":"<p>9 k &#8211; 4 GHz; -140 dBm ~ +26 dBm; 0.001Hz frequency resolution, Phase noise -120 dBc\/Hz @1 GHz, 20 kHz offset; 5 inch TFT touch-screen<\/p>","protected":false},"featured_media":5172,"comment_status":"closed","ping_status":"closed","template":"","meta":{"_acf_changed":false,"slim_seo":{"title":"SSG5040X - YOTAVIS AG","description":"9 k - 4 GHz; -140 dBm ~ +26 dBm; rozdzielczo\u015b\u0107 cz\u0119stotliwo\u015bci 0,001 Hz, szum fazowy -120 dBc\/Hz @1 GHz, offset 20 kHz; 5-calowy ekran dotykowy TFT"}},"product_brand":[506],"product_cat":[513,521],"product_tag":[],"class_list":{"0":"post-3628","1":"product","2":"type-product","3":"status-publish","4":"has-post-thumbnail","6":"product_brand-siglent","7":"product_cat-generator","8":"product_cat-rf-generator","9":"pa_amplitude-dbm-175","10":"pa_channels-384","11":"pa_frequency-mhz-174","13":"first","14":"instock","15":"taxable","16":"shipping-taxable","17":"purchasable","18":"product-type-simple"},"acf":[],"_links":{"self":[{"href":"https:\/\/yotavis.ch\/pl\/wp-json\/wp\/v2\/product\/3628","targetHints":{"allow":["GET"]}}],"collection":[{"href":"https:\/\/yotavis.ch\/pl\/wp-json\/wp\/v2\/product"}],"about":[{"href":"https:\/\/yotavis.ch\/pl\/wp-json\/wp\/v2\/types\/product"}],"replies":[{"embeddable":true,"href":"https:\/\/yotavis.ch\/pl\/wp-json\/wp\/v2\/comments?post=3628"}],"wp:featuredmedia":[{"embeddable":true,"href":"https:\/\/yotavis.ch\/pl\/wp-json\/wp\/v2\/media\/5172"}],"wp:attachment":[{"href":"https:\/\/yotavis.ch\/pl\/wp-json\/wp\/v2\/media?parent=3628"}],"wp:term":[{"taxonomy":"product_brand","embeddable":true,"href":"https:\/\/yotavis.ch\/pl\/wp-json\/wp\/v2\/product_brand?post=3628"},{"taxonomy":"product_cat","embeddable":true,"href":"https:\/\/yotavis.ch\/pl\/wp-json\/wp\/v2\/product_cat?post=3628"},{"taxonomy":"product_tag","embeddable":true,"href":"https:\/\/yotavis.ch\/pl\/wp-json\/wp\/v2\/product_tag?post=3628"}],"curies":[{"name":"wp","href":"https:\/\/api.w.org\/{rel}","templated":true}]}}