{"id":3630,"date":"2025-10-09T00:00:00","date_gmt":"2025-10-08T22:00:00","guid":{"rendered":"https:\/\/yotavis.ch\/product\/ssg5040x-v\/"},"modified":"2026-04-24T13:27:50","modified_gmt":"2026-04-24T11:27:50","slug":"ssg5040x-v","status":"publish","type":"product","link":"https:\/\/yotavis.ch\/pl\/produkt\/ssg5040x-v\/","title":{"rendered":"SSG5040X-V"},"content":{"rendered":"<p>SSG5040X-V firmy Siglent dzia\u0142a w zakresie cz\u0119stotliwo\u015bci od 9 kHz do 4 GHz, oferuj\u0105c maksymaln\u0105 cz\u0119stotliwo\u015b\u0107 4000 MHz. Charakteryzuje si\u0119 rozdzielczo\u015bci\u0105 cz\u0119stotliwo\u015bci 0,001 Hz i poziomem szumu fazowego -120 dBc\/Hz przy 1 GHz z przesuni\u0119ciem 20 kHz. Urz\u0105dzenie obs\u0142uguje zakres amplitudy od -140 dBm do +26 dBm, z maksymaln\u0105 amplitud\u0105 26 dBm. Zawiera 5-calowy ekran dotykowy TFT do interakcji z u\u017cytkownikiem i jest wyposa\u017cony w wewn\u0119trzn\u0105 modulacj\u0119 IQ 60 MHz. Szeroko\u015b\u0107 pasma IQ jest okre\u015blona na 150 MHz, co pozwala na szczeg\u00f3\u0142ow\u0105 analiz\u0119 sygna\u0142u. Ta kombinacja funkcji sprawia, \u017ce SSG5040X-V nadaje si\u0119 do precyzyjnego generowania cz\u0119stotliwo\u015bci i zada\u0144 modulacji.<\/p>","protected":false},"excerpt":{"rendered":"<p>9 k &#8211; 4 GHz; -140 dBm ~ +26 dBm; 0.001Hz frequency resolution, Phase noise -120 dBc\/Hz @1 GHz, 20 kHz offset; 5 inch TFT touch-screen; with 60 MHz internal IQ modulation<\/p>","protected":false},"featured_media":5165,"comment_status":"closed","ping_status":"closed","template":"","meta":{"_acf_changed":false,"slim_seo":{"title":"SSG5040X-V - YOTAVIS AG","description":"9 k - 4 GHz; -140 dBm ~ +26 dBm; 0.001Hz frequency resolution, Phase noise -120 dBc\/Hz @1 GHz, 20 kHz offset; 5 inch TFT touch-screen; with 60 MHz internal IQ m"}},"product_brand":[506],"product_cat":[513,522],"product_tag":[],"class_list":{"0":"post-3630","1":"product","2":"type-product","3":"status-publish","4":"has-post-thumbnail","6":"product_brand-siglent","7":"product_cat-generator","8":"product_cat-rf-vector-generator","9":"pa_amplitude-dbm-175","10":"pa_channels-384","11":"pa_frequency-mhz-174","12":"pa_iq-bandwidth-mhz-425","14":"first","15":"instock","16":"taxable","17":"shipping-taxable","18":"purchasable","19":"product-type-simple"},"acf":[],"_links":{"self":[{"href":"https:\/\/yotavis.ch\/pl\/wp-json\/wp\/v2\/product\/3630","targetHints":{"allow":["GET"]}}],"collection":[{"href":"https:\/\/yotavis.ch\/pl\/wp-json\/wp\/v2\/product"}],"about":[{"href":"https:\/\/yotavis.ch\/pl\/wp-json\/wp\/v2\/types\/product"}],"replies":[{"embeddable":true,"href":"https:\/\/yotavis.ch\/pl\/wp-json\/wp\/v2\/comments?post=3630"}],"wp:featuredmedia":[{"embeddable":true,"href":"https:\/\/yotavis.ch\/pl\/wp-json\/wp\/v2\/media\/5165"}],"wp:attachment":[{"href":"https:\/\/yotavis.ch\/pl\/wp-json\/wp\/v2\/media?parent=3630"}],"wp:term":[{"taxonomy":"product_brand","embeddable":true,"href":"https:\/\/yotavis.ch\/pl\/wp-json\/wp\/v2\/product_brand?post=3630"},{"taxonomy":"product_cat","embeddable":true,"href":"https:\/\/yotavis.ch\/pl\/wp-json\/wp\/v2\/product_cat?post=3630"},{"taxonomy":"product_tag","embeddable":true,"href":"https:\/\/yotavis.ch\/pl\/wp-json\/wp\/v2\/product_tag?post=3630"}],"curies":[{"name":"wp","href":"https:\/\/api.w.org\/{rel}","templated":true}]}}