{"id":3631,"date":"2025-10-09T00:00:00","date_gmt":"2025-10-08T22:00:00","guid":{"rendered":"https:\/\/yotavis.ch\/product\/ssg5060x-v\/"},"modified":"2026-04-24T13:27:51","modified_gmt":"2026-04-24T11:27:51","slug":"ssg5060x-v","status":"publish","type":"product","link":"https:\/\/yotavis.ch\/pl\/produkt\/ssg5060x-v\/","title":{"rendered":"SSG5060X-V"},"content":{"rendered":"<p>Siglent SSG5060X-V dzia\u0142a w zakresie cz\u0119stotliwo\u015bci od 9 kHz do 6 GHz, oferuj\u0105c rozdzielczo\u015b\u0107 cz\u0119stotliwo\u015bci 0,001 Hz. Charakteryzuje si\u0119 poziomem szumu fazowego -120 dBc\/Hz przy 1 GHz z przesuni\u0119ciem 20 kHz, zapewniaj\u0105c precyzyjne generowanie sygna\u0142u. Urz\u0105dzenie obs\u0142uguje zakres amplitudy od -140 dBm do +26 dBm, z maksymaln\u0105 amplitud\u0105 wyj\u015bciow\u0105 26 dBm. Jest wyposa\u017cony w 5-calowy ekran dotykowy TFT do interakcji z u\u017cytkownikiem i sterowania. Dodatkowo, SSG5060X-V posiada wewn\u0119trzn\u0105 modulacj\u0119 IQ 60 MHz i szeroko\u015b\u0107 pasma IQ 150 MHz. Ta kombinacja funkcji sprawia, \u017ce nadaje si\u0119 on do r\u00f3\u017cnych zastosowa\u0144 generowania sygna\u0142\u00f3w wymagaj\u0105cych wysokiej dok\u0142adno\u015bci i elastyczno\u015bci.<\/p>","protected":false},"excerpt":{"rendered":"<p>9 k &#8211; 6 GHz; -140 dBm ~ +26 dBm; 0.001Hz frequency resolution, Phase noise -120 dBc\/Hz @1 GHz, 20 kHz offset; 5 inch TFT touch-screen; with 60 MHz internal IQ modulation<\/p>","protected":false},"featured_media":5165,"comment_status":"closed","ping_status":"closed","template":"","meta":{"_acf_changed":false,"slim_seo":{"title":"SSG5060X-V - YOTAVIS AG","description":"9 k - 6 GHz; -140 dBm ~ +26 dBm; 0.001Hz frequency resolution, Phase noise -120 dBc\/Hz @1 GHz, 20 kHz offset; 5 inch TFT touch-screen; with 60 MHz internal IQ m"}},"product_brand":[506],"product_cat":[513,522],"product_tag":[],"class_list":{"0":"post-3631","1":"product","2":"type-product","3":"status-publish","4":"has-post-thumbnail","6":"product_brand-siglent","7":"product_cat-generator","8":"product_cat-rf-vector-generator","9":"pa_amplitude-dbm-175","10":"pa_channels-384","11":"pa_frequency-mhz-176","12":"pa_iq-bandwidth-mhz-425","14":"first","15":"instock","16":"taxable","17":"shipping-taxable","18":"purchasable","19":"product-type-simple"},"acf":[],"_links":{"self":[{"href":"https:\/\/yotavis.ch\/pl\/wp-json\/wp\/v2\/product\/3631","targetHints":{"allow":["GET"]}}],"collection":[{"href":"https:\/\/yotavis.ch\/pl\/wp-json\/wp\/v2\/product"}],"about":[{"href":"https:\/\/yotavis.ch\/pl\/wp-json\/wp\/v2\/types\/product"}],"replies":[{"embeddable":true,"href":"https:\/\/yotavis.ch\/pl\/wp-json\/wp\/v2\/comments?post=3631"}],"wp:featuredmedia":[{"embeddable":true,"href":"https:\/\/yotavis.ch\/pl\/wp-json\/wp\/v2\/media\/5165"}],"wp:attachment":[{"href":"https:\/\/yotavis.ch\/pl\/wp-json\/wp\/v2\/media?parent=3631"}],"wp:term":[{"taxonomy":"product_brand","embeddable":true,"href":"https:\/\/yotavis.ch\/pl\/wp-json\/wp\/v2\/product_brand?post=3631"},{"taxonomy":"product_cat","embeddable":true,"href":"https:\/\/yotavis.ch\/pl\/wp-json\/wp\/v2\/product_cat?post=3631"},{"taxonomy":"product_tag","embeddable":true,"href":"https:\/\/yotavis.ch\/pl\/wp-json\/wp\/v2\/product_tag?post=3631"}],"curies":[{"name":"wp","href":"https:\/\/api.w.org\/{rel}","templated":true}]}}