{"id":3632,"date":"2025-10-09T00:00:00","date_gmt":"2025-10-08T22:00:00","guid":{"rendered":"https:\/\/yotavis.ch\/product\/ssa3021x\/"},"modified":"2026-04-24T13:27:56","modified_gmt":"2026-04-24T11:27:56","slug":"ssa3021x","status":"publish","type":"product","link":"https:\/\/yotavis.ch\/pl\/produkt\/ssa3021x\/","title":{"rendered":"SSA3021X"},"content":{"rendered":"<p>Siglent SSA3021X dzia\u0142a w zakresie cz\u0119stotliwo\u015bci od 9 kHz do 2,1 GHz, zapewniaj\u0105c wszechstronne mo\u017cliwo\u015bci analizy widma. Charakteryzuje si\u0119 poziomem szumu fazowego poni\u017cej -98 dBc\/Hz, zapewniaj\u0105c precyzyjny pomiar sygna\u0142u. Szeroko\u015b\u0107 pasma rozdzielczo\u015bci (RBW) mo\u017cna regulowa\u0107 w zakresie od 10 Hz do 1 MHz, co pozwala na szczeg\u00f3\u0142ow\u0105 analiz\u0119 cz\u0119stotliwo\u015bci. Urz\u0105dzenie osi\u0105ga minimalny wy\u015bwietlany \u015bredni poziom szum\u00f3w (DANL) wynosz\u0105cy -161 dBm\/Hz, co umo\u017cliwia wykrywanie sygna\u0142\u00f3w o bardzo niskim poziomie. Jego ca\u0142kowita dok\u0142adno\u015b\u0107 amplitudy jest utrzymywana na poziomie poni\u017cej 0,7 dB, przyczyniaj\u0105c si\u0119 do wiarygodnych pomiar\u00f3w amplitudy. SSA3021X jest wyposa\u017cony w 10,1-calowy wy\u015bwietlacz WVGA o rozdzielczo\u015bci 1024 na 600 pikseli, zapewniaj\u0105cy wyra\u017an\u0105 wizualizacj\u0119 danych widma. Zosta\u0142 zaprojektowany jako przyrz\u0105d niepor\u0119czny i obejmuje szeroko\u015b\u0107 pasma analizy 1 MHz. Maksymalna cz\u0119stotliwo\u015b\u0107 wynosi 2,1 GHz, podczas gdy minimalna cz\u0119stotliwo\u015b\u0107 to 9 kHz, co obejmuje szeroki zakres cz\u0119stotliwo\u015bci sygna\u0142u dla r\u00f3\u017cnych zastosowa\u0144.<\/p>","protected":false},"excerpt":{"rendered":"<p>9KHz-2.1GHz, szum fazowy&lt;-98dBc\/Hz, RBW 10Hz-1MHz, Min. DANL -161dBm\/Hz, Dok\u0142adno\u015b\u0107 amplitudy ca\u0142kowitej&lt;0,7dB, 10,1-calowy wy\u015bwietlacz WVGA\uff081024x600\uff09\n<\/p>","protected":false},"featured_media":5185,"comment_status":"closed","ping_status":"closed","template":"","meta":{"_acf_changed":false,"slim_seo":{"title":"SSA3021X - YOTAVIS AG","description":"9KHz-2.1GHz, szum fazowy&lt;-98dBc\/Hz, RBW 10Hz-1MHz, Min. DANL -161dBm\/Hz, Dok\u0142adno\u015b\u0107 amplitudy ca\u0142kowitej&lt;0,7dB, 10,1-calowy wy\u015bwietlacz WVGA\uff081024x600\uff09"}},"product_brand":[506],"product_cat":[523,524],"product_tag":[],"class_list":{"0":"post-3632","1":"product","2":"type-product","3":"status-publish","4":"has-post-thumbnail","6":"product_brand-siglent","7":"product_cat-analyser","8":"product_cat-signal-spectrum-analyser","9":"pa_analysis-bandwidth-mhz-178","10":"pa_danl-dbm-hz-179","11":"pa_frequency-max-mhz-426","12":"pa_frequency-min-hz-177","13":"pa_handheld-no","14":"pa_rtsa-no","16":"first","17":"instock","18":"taxable","19":"shipping-taxable","20":"purchasable","21":"product-type-simple"},"acf":[],"_links":{"self":[{"href":"https:\/\/yotavis.ch\/pl\/wp-json\/wp\/v2\/product\/3632","targetHints":{"allow":["GET"]}}],"collection":[{"href":"https:\/\/yotavis.ch\/pl\/wp-json\/wp\/v2\/product"}],"about":[{"href":"https:\/\/yotavis.ch\/pl\/wp-json\/wp\/v2\/types\/product"}],"replies":[{"embeddable":true,"href":"https:\/\/yotavis.ch\/pl\/wp-json\/wp\/v2\/comments?post=3632"}],"wp:featuredmedia":[{"embeddable":true,"href":"https:\/\/yotavis.ch\/pl\/wp-json\/wp\/v2\/media\/5185"}],"wp:attachment":[{"href":"https:\/\/yotavis.ch\/pl\/wp-json\/wp\/v2\/media?parent=3632"}],"wp:term":[{"taxonomy":"product_brand","embeddable":true,"href":"https:\/\/yotavis.ch\/pl\/wp-json\/wp\/v2\/product_brand?post=3632"},{"taxonomy":"product_cat","embeddable":true,"href":"https:\/\/yotavis.ch\/pl\/wp-json\/wp\/v2\/product_cat?post=3632"},{"taxonomy":"product_tag","embeddable":true,"href":"https:\/\/yotavis.ch\/pl\/wp-json\/wp\/v2\/product_tag?post=3632"}],"curies":[{"name":"wp","href":"https:\/\/api.w.org\/{rel}","templated":true}]}}