{"id":3634,"date":"2025-10-09T00:00:00","date_gmt":"2025-10-08T22:00:00","guid":{"rendered":"https:\/\/yotavis.ch\/product\/ssa3015x-plus\/"},"modified":"2026-04-24T13:27:59","modified_gmt":"2026-04-24T11:27:59","slug":"ssa3015x-plus","status":"publish","type":"product","link":"https:\/\/yotavis.ch\/pl\/produkt\/ssa3015x-plus\/","title":{"rendered":"SSA3015X Plus"},"content":{"rendered":"<p>SSA3015X Plus firmy Siglent dzia\u0142a w zakresie cz\u0119stotliwo\u015bci od 9 kHz do 1,5 GHz, oferuj\u0105c maksymaln\u0105 cz\u0119stotliwo\u015b\u0107 1500 MHz i minimaln\u0105 cz\u0119stotliwo\u015b\u0107 9000 Hz. Charakteryzuje si\u0119 poziomem szum\u00f3w fazowych poni\u017cej -98 dBc\/Hz, z okre\u015blonym szumem fazowym -99 dBc\/Hz, zapewniaj\u0105c precyzyjn\u0105 analiz\u0119 sygna\u0142u. Urz\u0105dzenie zapewnia szeroko\u015b\u0107 pasma rozdzielczo\u015bci (RBW) regulowan\u0105 w zakresie od 1 Hz do 1 MHz i minimalny wy\u015bwietlany \u015bredni poziom szum\u00f3w (DANL) wynosz\u0105cy -161 dBm\/Hz, wspieraj\u0105c szczeg\u00f3\u0142owe wykrywanie sygna\u0142u. Jego ca\u0142kowita dok\u0142adno\u015b\u0107 amplitudy jest utrzymywana poni\u017cej 0,7 dB, przyczyniaj\u0105c si\u0119 do wiarygodnych wynik\u00f3w pomiar\u00f3w. SSA3015X Plus posiada 10,1-calowy ekran dotykowy WVGA o rozdzielczo\u015bci 1024\u00d7600, u\u0142atwiaj\u0105cy interakcj\u0119 z u\u017cytkownikiem i sterowanie. Szeroko\u015b\u0107 pasma analizy jest ustawiona na 1 MHz, a urz\u0105dzenie nie jest podr\u0119czne, co wskazuje na stacjonarn\u0105 konstrukcj\u0119. Wy\u015bwietlany DANL wynosi -156 dBm\/Hz, co uzupe\u0142nia jego mo\u017cliwo\u015bci w zakresie czu\u0142o\u015bci.<\/p>","protected":false},"excerpt":{"rendered":"<p>9 kHz-1,5 GHz, szum fazowy&lt;-98dBc\/Hz, RBW 1Hz-1MHz, Min. DANL -161dBm\/Hz, Dok\u0142adno\u015b\u0107 amplitudy ca\u0142kowitej&lt;0,7dB, 10,1-calowy ekran dotykowy WVGA (1024x600)\n<\/p>","protected":false},"featured_media":5190,"comment_status":"closed","ping_status":"closed","template":"","meta":{"_acf_changed":false,"slim_seo":{"title":"SSA3015X Plus - YOTAVIS AG","description":"9 kHz-1,5 GHz, szum fazowy&lt;-98dBc\/Hz, RBW 1Hz-1MHz, Min. DANL -161dBm\/Hz, Dok\u0142adno\u015b\u0107 amplitudy ca\u0142kowitej&lt;0,7dB, 10,1-calowy ekran dotykowy WVGA (1024x600)"}},"product_brand":[506],"product_cat":[523,524],"product_tag":[],"class_list":{"0":"post-3634","1":"product","2":"type-product","3":"status-publish","4":"has-post-thumbnail","6":"product_brand-siglent","7":"product_cat-analyser","8":"product_cat-signal-spectrum-analyser","9":"pa_analysis-bandwidth-mhz-178","10":"pa_danl-dbm-hz-183","11":"pa_frequency-max-mhz-430","12":"pa_frequency-min-hz-177","13":"pa_handheld-no","14":"pa_rtsa-no","16":"first","17":"instock","18":"taxable","19":"shipping-taxable","20":"purchasable","21":"product-type-simple"},"acf":[],"_links":{"self":[{"href":"https:\/\/yotavis.ch\/pl\/wp-json\/wp\/v2\/product\/3634","targetHints":{"allow":["GET"]}}],"collection":[{"href":"https:\/\/yotavis.ch\/pl\/wp-json\/wp\/v2\/product"}],"about":[{"href":"https:\/\/yotavis.ch\/pl\/wp-json\/wp\/v2\/types\/product"}],"replies":[{"embeddable":true,"href":"https:\/\/yotavis.ch\/pl\/wp-json\/wp\/v2\/comments?post=3634"}],"wp:featuredmedia":[{"embeddable":true,"href":"https:\/\/yotavis.ch\/pl\/wp-json\/wp\/v2\/media\/5190"}],"wp:attachment":[{"href":"https:\/\/yotavis.ch\/pl\/wp-json\/wp\/v2\/media?parent=3634"}],"wp:term":[{"taxonomy":"product_brand","embeddable":true,"href":"https:\/\/yotavis.ch\/pl\/wp-json\/wp\/v2\/product_brand?post=3634"},{"taxonomy":"product_cat","embeddable":true,"href":"https:\/\/yotavis.ch\/pl\/wp-json\/wp\/v2\/product_cat?post=3634"},{"taxonomy":"product_tag","embeddable":true,"href":"https:\/\/yotavis.ch\/pl\/wp-json\/wp\/v2\/product_tag?post=3634"}],"curies":[{"name":"wp","href":"https:\/\/api.w.org\/{rel}","templated":true}]}}