{"id":3635,"date":"2025-10-09T00:00:00","date_gmt":"2025-10-08T22:00:00","guid":{"rendered":"https:\/\/yotavis.ch\/product\/ssa3021x-plus\/"},"modified":"2026-04-24T13:28:00","modified_gmt":"2026-04-24T11:28:00","slug":"ssa3021x-plus","status":"publish","type":"product","link":"https:\/\/yotavis.ch\/pl\/produkt\/ssa3021x-plus\/","title":{"rendered":"SSA3021X Plus"},"content":{"rendered":"<p>SSA3021X Plus firmy Siglent dzia\u0142a w zakresie cz\u0119stotliwo\u015bci od 9 kHz do 2,1 GHz, zapewniaj\u0105c poziom szum\u00f3w fazowych poni\u017cej -98 dBc\/Hz. Charakteryzuje si\u0119 szeroko\u015bci\u0105 pasma rozdzielczo\u015bci (RBW) regulowan\u0105 w zakresie od 1 Hz do 1 MHz, umo\u017cliwiaj\u0105c szczeg\u00f3\u0142ow\u0105 analiz\u0119 sygna\u0142u. Urz\u0105dzenie oferuje minimalny wy\u015bwietlany \u015bredni poziom szum\u00f3w (DANL) wynosz\u0105cy -161 dBm\/Hz, zapewniaj\u0105c wysok\u0105 czu\u0142o\u015b\u0107 pomiar\u00f3w. Jego ca\u0142kowita dok\u0142adno\u015b\u0107 amplitudy jest utrzymywana poni\u017cej 0,7 dB, przyczyniaj\u0105c si\u0119 do precyzyjnych odczyt\u00f3w amplitudy. Przyrz\u0105d jest wyposa\u017cony w 10,1-calowy ekran dotykowy WVGA o rozdzielczo\u015bci 1024 na 600 pikseli, u\u0142atwiaj\u0105cy interakcj\u0119 z u\u017cytkownikiem i kontrol\u0119. Szeroko\u015b\u0107 pasma analizy jest ustawiona na 1 MHz, co pozwala na obs\u0142ug\u0119 r\u00f3\u017cnych zada\u0144 przetwarzania sygna\u0142u. Model ten nie jest r\u0119czny, co oznacza, \u017ce jest przeznaczony do u\u017cytku stacjonarnego w \u015brodowiskach laboratoryjnych lub przemys\u0142owych.<\/p>","protected":false},"excerpt":{"rendered":"<p>9KHz-2.1GHz, szum fazowy&lt;-98dBc\/Hz, RBW 1Hz-1MHz, Min. DANL -161dBm\/Hz, Dok\u0142adno\u015b\u0107 amplitudy ca\u0142kowitej&lt;0,7dB, 10,1-calowy ekran dotykowy WVGA (1024x600)\n<\/p>","protected":false},"featured_media":5192,"comment_status":"closed","ping_status":"closed","template":"","meta":{"_acf_changed":false,"slim_seo":{"title":"SSA3021X Plus - YOTAVIS AG","description":"9KHz-2.1GHz, szum fazowy&lt;-98dBc\/Hz, RBW 1Hz-1MHz, Min. DANL -161dBm\/Hz, Dok\u0142adno\u015b\u0107 amplitudy ca\u0142kowitej&lt;0,7dB, 10,1-calowy ekran dotykowy WVGA (1024x600)"}},"product_brand":[506],"product_cat":[523,524],"product_tag":[],"class_list":{"0":"post-3635","1":"product","2":"type-product","3":"status-publish","4":"has-post-thumbnail","6":"product_brand-siglent","7":"product_cat-analyser","8":"product_cat-signal-spectrum-analyser","9":"pa_analysis-bandwidth-mhz-178","10":"pa_danl-dbm-hz-179","11":"pa_frequency-max-mhz-426","12":"pa_frequency-min-hz-177","13":"pa_handheld-no","14":"pa_rtsa-no","16":"first","17":"instock","18":"taxable","19":"shipping-taxable","20":"purchasable","21":"product-type-simple"},"acf":[],"_links":{"self":[{"href":"https:\/\/yotavis.ch\/pl\/wp-json\/wp\/v2\/product\/3635","targetHints":{"allow":["GET"]}}],"collection":[{"href":"https:\/\/yotavis.ch\/pl\/wp-json\/wp\/v2\/product"}],"about":[{"href":"https:\/\/yotavis.ch\/pl\/wp-json\/wp\/v2\/types\/product"}],"replies":[{"embeddable":true,"href":"https:\/\/yotavis.ch\/pl\/wp-json\/wp\/v2\/comments?post=3635"}],"wp:featuredmedia":[{"embeddable":true,"href":"https:\/\/yotavis.ch\/pl\/wp-json\/wp\/v2\/media\/5192"}],"wp:attachment":[{"href":"https:\/\/yotavis.ch\/pl\/wp-json\/wp\/v2\/media?parent=3635"}],"wp:term":[{"taxonomy":"product_brand","embeddable":true,"href":"https:\/\/yotavis.ch\/pl\/wp-json\/wp\/v2\/product_brand?post=3635"},{"taxonomy":"product_cat","embeddable":true,"href":"https:\/\/yotavis.ch\/pl\/wp-json\/wp\/v2\/product_cat?post=3635"},{"taxonomy":"product_tag","embeddable":true,"href":"https:\/\/yotavis.ch\/pl\/wp-json\/wp\/v2\/product_tag?post=3635"}],"curies":[{"name":"wp","href":"https:\/\/api.w.org\/{rel}","templated":true}]}}