{"id":3636,"date":"2025-10-09T00:00:00","date_gmt":"2025-10-08T22:00:00","guid":{"rendered":"https:\/\/yotavis.ch\/product\/ssa3032x-plus\/"},"modified":"2026-04-24T13:28:00","modified_gmt":"2026-04-24T11:28:00","slug":"ssa3032x-plus","status":"publish","type":"product","link":"https:\/\/yotavis.ch\/pl\/produkt\/ssa3032x-plus\/","title":{"rendered":"SSA3032X Plus"},"content":{"rendered":"<p>SSA3032X Plus firmy Siglent dzia\u0142a w zakresie cz\u0119stotliwo\u015bci od 9 kHz do 3,2 GHz, zapewniaj\u0105c poziom szum\u00f3w fazowych poni\u017cej -98 dBc\/Hz. Charakteryzuje si\u0119 szeroko\u015bci\u0105 pasma rozdzielczo\u015bci (RBW) regulowan\u0105 w zakresie od 1 Hz do 1 MHz, co pozwala na szczeg\u00f3\u0142ow\u0105 analiz\u0119 sygna\u0142u. Urz\u0105dzenie osi\u0105ga minimalny wy\u015bwietlany \u015bredni poziom szum\u00f3w (DANL) -161 dBm\/Hz, wspieraj\u0105c wykrywanie sygna\u0142\u00f3w o bardzo niskim poziomie. Jego ca\u0142kowita dok\u0142adno\u015b\u0107 amplitudy jest utrzymywana na poziomie poni\u017cej 0,7 dB, zapewniaj\u0105c precyzyjne pomiary amplitudy. Przyrz\u0105d jest wyposa\u017cony w 10,1-calowy ekran dotykowy WVGA o rozdzielczo\u015bci 1024 na 600 pikseli, u\u0142atwiaj\u0105cy interakcj\u0119 z u\u017cytkownikiem i sterowanie. Szeroko\u015b\u0107 pasma analizy jest okre\u015blona na 1 MHz, co obs\u0142uguje r\u00f3\u017cne aplikacje przetwarzania sygna\u0142u. Model ten nie jest r\u0119czny, co oznacza, \u017ce jest przeznaczony do u\u017cytku stacjonarnego w \u015brodowiskach laboratoryjnych lub przemys\u0142owych.<\/p>","protected":false},"excerpt":{"rendered":"<p>9KHz-3.2GHz, szum fazowy&lt;-98dBc\/Hz, RBW 1Hz-1MHz, Min. DANL -161dBm\/Hz, Dok\u0142adno\u015b\u0107 amplitudy ca\u0142kowitej&lt;0,7 dB, 10,1-calowy ekran dotykowy WVGA \uff081024x600\uff09\n<\/p>","protected":false},"featured_media":5193,"comment_status":"closed","ping_status":"closed","template":"","meta":{"_acf_changed":false,"slim_seo":{"title":"SSA3032X Plus - YOTAVIS AG","description":"9KHz-3.2GHz, szum fazowy&lt;-98dBc\/Hz, RBW 1Hz-1MHz, Min. DANL -161dBm\/Hz, Dok\u0142adno\u015b\u0107 amplitudy ca\u0142kowitej&lt;0,7 dB, 10,1-calowy ekran dotykowy WVGA \uff081024x600\uff09"}},"product_brand":[506],"product_cat":[523,524],"product_tag":[],"class_list":{"0":"post-3636","1":"product","2":"type-product","3":"status-publish","4":"has-post-thumbnail","6":"product_brand-siglent","7":"product_cat-analyser","8":"product_cat-signal-spectrum-analyser","9":"pa_analysis-bandwidth-mhz-178","10":"pa_danl-dbm-hz-179","11":"pa_frequency-max-mhz-429","12":"pa_frequency-min-hz-177","13":"pa_handheld-no","14":"pa_rtsa-no","16":"first","17":"instock","18":"taxable","19":"shipping-taxable","20":"purchasable","21":"product-type-simple"},"acf":[],"_links":{"self":[{"href":"https:\/\/yotavis.ch\/pl\/wp-json\/wp\/v2\/product\/3636","targetHints":{"allow":["GET"]}}],"collection":[{"href":"https:\/\/yotavis.ch\/pl\/wp-json\/wp\/v2\/product"}],"about":[{"href":"https:\/\/yotavis.ch\/pl\/wp-json\/wp\/v2\/types\/product"}],"replies":[{"embeddable":true,"href":"https:\/\/yotavis.ch\/pl\/wp-json\/wp\/v2\/comments?post=3636"}],"wp:featuredmedia":[{"embeddable":true,"href":"https:\/\/yotavis.ch\/pl\/wp-json\/wp\/v2\/media\/5193"}],"wp:attachment":[{"href":"https:\/\/yotavis.ch\/pl\/wp-json\/wp\/v2\/media?parent=3636"}],"wp:term":[{"taxonomy":"product_brand","embeddable":true,"href":"https:\/\/yotavis.ch\/pl\/wp-json\/wp\/v2\/product_brand?post=3636"},{"taxonomy":"product_cat","embeddable":true,"href":"https:\/\/yotavis.ch\/pl\/wp-json\/wp\/v2\/product_cat?post=3636"},{"taxonomy":"product_tag","embeddable":true,"href":"https:\/\/yotavis.ch\/pl\/wp-json\/wp\/v2\/product_tag?post=3636"}],"curies":[{"name":"wp","href":"https:\/\/api.w.org\/{rel}","templated":true}]}}