{"id":3638,"date":"2025-10-09T00:00:00","date_gmt":"2025-10-08T22:00:00","guid":{"rendered":"https:\/\/yotavis.ch\/product\/ssa3032x-r\/"},"modified":"2026-04-24T13:28:04","modified_gmt":"2026-04-24T11:28:04","slug":"ssa3032x-r","status":"publish","type":"product","link":"https:\/\/yotavis.ch\/pl\/produkt\/ssa3032x-r\/","title":{"rendered":"SSA3032X-R"},"content":{"rendered":"<p>SSA3032X-R firmy Siglent dzia\u0142a w zakresie cz\u0119stotliwo\u015bci od 9 kHz do 3,2 GHz, zapewniaj\u0105c wszechstronne mo\u017cliwo\u015bci pomiarowe. Posiada funkcj\u0119 wektorowego analizatora sieci (VNA) obejmuj\u0105c\u0105 zakres od 100 kHz do 3,2 GHz, umo\u017cliwiaj\u0105c szczeg\u00f3\u0142ow\u0105 analiz\u0119 sieci. Szeroko\u015b\u0107 pasma rozdzielczo\u015bci (RBW) mo\u017cna regulowa\u0107 w zakresie od 1 Hz do 3 MHz, zapewniaj\u0105c precyzyjn\u0105 rozdzielczo\u015b\u0107 sygna\u0142u. Urz\u0105dzenie oferuje wy\u015bwietlany \u015bredni poziom szum\u00f3w (DANL) na poziomie -165 dBm\/Hz, zapewniaj\u0105c czu\u0142o\u015b\u0107 na sygna\u0142y o niskim poziomie. Szum fazowy jest oceniany na mniej ni\u017c -98 dBc\/Hz, przyczyniaj\u0105c si\u0119 do czysto\u015bci sygna\u0142u. Pasmo przenoszenia w czasie rzeczywistym jest dost\u0119pne na poziomie 25 MHz, z opcjonalnym rozszerzeniem do 40 MHz, umo\u017cliwiaj\u0105c kompleksow\u0105 analiz\u0119 widma w czasie rzeczywistym. Tryby pomiarowe analizatora widma w czasie rzeczywistym (RTSA) obejmuj\u0105 g\u0119sto\u015b\u0107, spektrogram, 3D i PvT, poprawiaj\u0105c wizualizacj\u0119 sygna\u0142u. Dodatkowo przyrz\u0105d obs\u0142uguje standardowe funkcje VNA i distance-to-fault (DTF), rozszerzaj\u0105c zakres jego zastosowa\u0144. Maksymalna cz\u0119stotliwo\u015b\u0107 pracy wynosi 3,2 GHz, a minimalna 9 kHz. Model ten nie jest przeno\u015bny i posiada pasmo analizy wynosz\u0105ce 40 MHz.<\/p>","protected":false},"excerpt":{"rendered":"<p>SA 9 kHz &#8211; 3.2 GHz; VNA 100kHz~3.2GHz; RBW 1 Hz &#8211; 3 MHz; DANL -165 dBm\/Hz; Phase Noise &lt;-98 dBc\/Hz; Szeroko\u015b\u0107 pasma w czasie rzeczywistym 25 MHz (opcja 40 MHz); Pomiar RTSA: G\u0119sto\u015b\u0107, spektrogram, 3D, PvT\uff0c Standardowa funkcja VNA i DTF\n<\/p>","protected":false},"featured_media":5202,"comment_status":"closed","ping_status":"closed","template":"","meta":{"_acf_changed":false,"slim_seo":{"title":"SSA3032X-R - YOTAVIS AG","description":"SA 9 kHz - 3,2 GHz; VNA 100 kHz ~ 3,2 GHz; RBW 1 Hz - 3 MHz; DANL -165 dBm\/Hz; szum fazowy <-98 dBc\/Hz; Real Time Band Width 25 MHz(Option 40 MHz); RTSA Measurement"}},"product_brand":[506],"product_cat":[523,524],"product_tag":[],"class_list":{"0":"post-3638","1":"product","2":"type-product","3":"status-publish","4":"has-post-thumbnail","6":"product_brand-siglent","7":"product_cat-analyser","8":"product_cat-signal-spectrum-analyser","9":"pa_analysis-bandwidth-mhz-185","10":"pa_danl-dbm-hz-184","11":"pa_frequency-max-mhz-429","12":"pa_frequency-min-hz-177","13":"pa_handheld-no","14":"pa_rtsa-opt","16":"first","17":"instock","18":"taxable","19":"shipping-taxable","20":"purchasable","21":"product-type-simple"},"acf":[],"_links":{"self":[{"href":"https:\/\/yotavis.ch\/pl\/wp-json\/wp\/v2\/product\/3638","targetHints":{"allow":["GET"]}}],"collection":[{"href":"https:\/\/yotavis.ch\/pl\/wp-json\/wp\/v2\/product"}],"about":[{"href":"https:\/\/yotavis.ch\/pl\/wp-json\/wp\/v2\/types\/product"}],"replies":[{"embeddable":true,"href":"https:\/\/yotavis.ch\/pl\/wp-json\/wp\/v2\/comments?post=3638"}],"wp:featuredmedia":[{"embeddable":true,"href":"https:\/\/yotavis.ch\/pl\/wp-json\/wp\/v2\/media\/5202"}],"wp:attachment":[{"href":"https:\/\/yotavis.ch\/pl\/wp-json\/wp\/v2\/media?parent=3638"}],"wp:term":[{"taxonomy":"product_brand","embeddable":true,"href":"https:\/\/yotavis.ch\/pl\/wp-json\/wp\/v2\/product_brand?post=3638"},{"taxonomy":"product_cat","embeddable":true,"href":"https:\/\/yotavis.ch\/pl\/wp-json\/wp\/v2\/product_cat?post=3638"},{"taxonomy":"product_tag","embeddable":true,"href":"https:\/\/yotavis.ch\/pl\/wp-json\/wp\/v2\/product_tag?post=3638"}],"curies":[{"name":"wp","href":"https:\/\/api.w.org\/{rel}","templated":true}]}}