{"id":3639,"date":"2025-10-09T00:00:00","date_gmt":"2025-10-08T22:00:00","guid":{"rendered":"https:\/\/yotavis.ch\/product\/ssa3050x-r\/"},"modified":"2026-04-24T13:28:05","modified_gmt":"2026-04-24T11:28:05","slug":"ssa3050x-r","status":"publish","type":"product","link":"https:\/\/yotavis.ch\/pl\/produkt\/ssa3050x-r\/","title":{"rendered":"SSA3050X-R"},"content":{"rendered":"<p>The SSA3050X-R by Siglent operates over a frequency range from 9 kHz to 5 GHz, providing a versatile spectrum analysis capability. It features a resolution bandwidth (RBW) adjustable from 1 Hz to 3 MHz, allowing for detailed signal examination. The device offers a displayed average noise level (DANL) of -165 dBm\/Hz, ensuring sensitivity to low-level signals. Phase noise performance is rated at less than -98 dBc\/Hz, contributing to signal clarity. Real-time bandwidth options include 25 MHz and 40 MHz, supporting advanced real-time spectrum analysis (RTSA) measurements such as density, spectrogram, 3D, PvT, as well as standard vector network analyzer (VNA) and distance-to-fault (DTF) functions. The analysis bandwidth is specified at 40 MHz, enhancing the device&#8217;s capability to capture and analyze wideband signals. This model is not handheld, indicating it is designed for benchtop or fixed installation use.<\/p>","protected":false},"excerpt":{"rendered":"<p>SA 9 kHz &#8211; 5 GHz; RBW 1 Hz &#8211; 3 MHz; DANL -165 dBm\/Hz; Phase Noise &lt;-98 dBc\/Hz; Szeroko\u015b\u0107 pasma w czasie rzeczywistym 25 MHz, 40 MHz; Pomiar RTSA: G\u0119sto\u015b\u0107, spektrogram, 3D, PvT, standardowa funkcja VNA i DTF\n<\/p>","protected":false},"featured_media":5205,"comment_status":"closed","ping_status":"closed","template":"","meta":{"_acf_changed":false,"slim_seo":{"title":"SSA3050X-R - YOTAVIS AG","description":"SA 9 kHz - 5 GHz; RBW 1 Hz - 3 MHz; DANL -165 dBm\/Hz; szum fazowy <-98 dBc\/Hz; Real Time Band Width 25 MHz, 40 MHz; RTSA Measurement: Density, Spectrogram, 3D,"}},"product_brand":[506],"product_cat":[523,524],"product_tag":[],"class_list":{"0":"post-3639","1":"product","2":"type-product","3":"status-publish","4":"has-post-thumbnail","6":"product_brand-siglent","7":"product_cat-analyser","8":"product_cat-signal-spectrum-analyser","9":"pa_analysis-bandwidth-mhz-185","10":"pa_danl-dbm-hz-184","11":"pa_frequency-max-mhz-432","12":"pa_frequency-min-hz-177","13":"pa_handheld-no","14":"pa_rtsa-opt","16":"first","17":"instock","18":"taxable","19":"shipping-taxable","20":"purchasable","21":"product-type-simple"},"acf":[],"_links":{"self":[{"href":"https:\/\/yotavis.ch\/pl\/wp-json\/wp\/v2\/product\/3639","targetHints":{"allow":["GET"]}}],"collection":[{"href":"https:\/\/yotavis.ch\/pl\/wp-json\/wp\/v2\/product"}],"about":[{"href":"https:\/\/yotavis.ch\/pl\/wp-json\/wp\/v2\/types\/product"}],"replies":[{"embeddable":true,"href":"https:\/\/yotavis.ch\/pl\/wp-json\/wp\/v2\/comments?post=3639"}],"wp:featuredmedia":[{"embeddable":true,"href":"https:\/\/yotavis.ch\/pl\/wp-json\/wp\/v2\/media\/5205"}],"wp:attachment":[{"href":"https:\/\/yotavis.ch\/pl\/wp-json\/wp\/v2\/media?parent=3639"}],"wp:term":[{"taxonomy":"product_brand","embeddable":true,"href":"https:\/\/yotavis.ch\/pl\/wp-json\/wp\/v2\/product_brand?post=3639"},{"taxonomy":"product_cat","embeddable":true,"href":"https:\/\/yotavis.ch\/pl\/wp-json\/wp\/v2\/product_cat?post=3639"},{"taxonomy":"product_tag","embeddable":true,"href":"https:\/\/yotavis.ch\/pl\/wp-json\/wp\/v2\/product_tag?post=3639"}],"curies":[{"name":"wp","href":"https:\/\/api.w.org\/{rel}","templated":true}]}}