{"id":3640,"date":"2025-10-09T00:00:00","date_gmt":"2025-10-08T22:00:00","guid":{"rendered":"https:\/\/yotavis.ch\/product\/ssa3075x-r\/"},"modified":"2026-04-24T13:28:05","modified_gmt":"2026-04-24T11:28:05","slug":"ssa3075x-r","status":"publish","type":"product","link":"https:\/\/yotavis.ch\/pl\/produkt\/ssa3075x-r\/","title":{"rendered":"SSA3075X-R"},"content":{"rendered":"<p>SSA3075X-R firmy Siglent dzia\u0142a w zakresie cz\u0119stotliwo\u015bci od 9 kHz do 7,5 GHz, oferuj\u0105c szeroko\u015b\u0107 pasma rozdzielczo\u015bci (RBW) regulowan\u0105 w zakresie od 1 Hz do 3 MHz. Charakteryzuje si\u0119 wy\u015bwietlanym \u015brednim poziomem szum\u00f3w (DANL) wynosz\u0105cym -165 dBm\/Hz, zapewniaj\u0105c niski poziom szum\u00f3w podczas analizy sygna\u0142u. Szum fazowy jest okre\u015blony na mniej ni\u017c -98 dBc\/Hz, przyczyniaj\u0105c si\u0119 do czysto\u015bci sygna\u0142u podczas pomiar\u00f3w. Model ten obs\u0142uguje opcje przepustowo\u015bci w czasie rzeczywistym 25 MHz i 40 MHz, umo\u017cliwiaj\u0105c szczeg\u00f3\u0142owe przechwytywanie i analiz\u0119 sygna\u0142u. Mo\u017cliwo\u015bci pomiarowe analizatora widma w czasie rzeczywistym (RTSA) obejmuj\u0105 g\u0119sto\u015b\u0107, spektrogram, 3D, PvT, a tak\u017ce standardowe funkcje wektorowego analizatora sieci (VNA) i odleg\u0142o\u015bci do usterki (DTF). Maksymalna obs\u0142ugiwana cz\u0119stotliwo\u015b\u0107 wynosi 7,5 GHz, a minimalna 9 kHz. Szeroko\u015b\u0107 pasma analizy wynosi 40 MHz, co pozwala na kompleksowe badanie charakterystyki sygna\u0142u w szerokim spektrum. Przyrz\u0105d ten nie jest r\u0119czny, co oznacza, \u017ce jest przeznaczony do u\u017cytku stacjonarnego.<\/p>","protected":false},"excerpt":{"rendered":"<p>SA 9 kHz &#8211; 7.5 GHz; RBW 1 Hz &#8211; 3 MHz; DANL -165 dBm\/Hz; Phase Noise &lt;-98 dBc\/Hz; Szeroko\u015b\u0107 pasma w czasie rzeczywistym 25 MHz, 40 MHz; Pomiar RTSA: G\u0119sto\u015b\u0107, spektrogram, 3D, PvT, standardowa funkcja VNA i DTF\n<\/p>","protected":false},"featured_media":5205,"comment_status":"closed","ping_status":"closed","template":"","meta":{"_acf_changed":false,"slim_seo":{"title":"SSA3075X-R - YOTAVIS AG","description":"SA 9 kHz - 7,5 GHz; RBW 1 Hz - 3 MHz; DANL -165 dBm\/Hz; szum fazowy <-98 dBc\/Hz; Real Time Band Width 25 MHz, 40 MHz; RTSA Measurement: Density, Spectrogram, 3D"}},"product_brand":[506],"product_cat":[523,524],"product_tag":[],"class_list":{"0":"post-3640","1":"product","2":"type-product","3":"status-publish","4":"has-post-thumbnail","6":"product_brand-siglent","7":"product_cat-analyser","8":"product_cat-signal-spectrum-analyser","9":"pa_analysis-bandwidth-mhz-185","10":"pa_danl-dbm-hz-184","11":"pa_frequency-max-mhz-431","12":"pa_frequency-min-hz-177","13":"pa_handheld-no","14":"pa_rtsa-opt","16":"first","17":"instock","18":"taxable","19":"shipping-taxable","20":"purchasable","21":"product-type-simple"},"acf":[],"_links":{"self":[{"href":"https:\/\/yotavis.ch\/pl\/wp-json\/wp\/v2\/product\/3640","targetHints":{"allow":["GET"]}}],"collection":[{"href":"https:\/\/yotavis.ch\/pl\/wp-json\/wp\/v2\/product"}],"about":[{"href":"https:\/\/yotavis.ch\/pl\/wp-json\/wp\/v2\/types\/product"}],"replies":[{"embeddable":true,"href":"https:\/\/yotavis.ch\/pl\/wp-json\/wp\/v2\/comments?post=3640"}],"wp:featuredmedia":[{"embeddable":true,"href":"https:\/\/yotavis.ch\/pl\/wp-json\/wp\/v2\/media\/5205"}],"wp:attachment":[{"href":"https:\/\/yotavis.ch\/pl\/wp-json\/wp\/v2\/media?parent=3640"}],"wp:term":[{"taxonomy":"product_brand","embeddable":true,"href":"https:\/\/yotavis.ch\/pl\/wp-json\/wp\/v2\/product_brand?post=3640"},{"taxonomy":"product_cat","embeddable":true,"href":"https:\/\/yotavis.ch\/pl\/wp-json\/wp\/v2\/product_cat?post=3640"},{"taxonomy":"product_tag","embeddable":true,"href":"https:\/\/yotavis.ch\/pl\/wp-json\/wp\/v2\/product_tag?post=3640"}],"curies":[{"name":"wp","href":"https:\/\/api.w.org\/{rel}","templated":true}]}}