{"id":3642,"date":"2025-10-09T00:00:00","date_gmt":"2025-10-08T22:00:00","guid":{"rendered":"https:\/\/yotavis.ch\/product\/sva1032x\/"},"modified":"2026-04-24T13:28:06","modified_gmt":"2026-04-24T11:28:06","slug":"sva1032x","status":"publish","type":"product","link":"https:\/\/yotavis.ch\/pl\/produkt\/sva1032x\/","title":{"rendered":"SVA1032X"},"content":{"rendered":"<p>Siglent SVA1032X dzia\u0142a w zakresie cz\u0119stotliwo\u015bci od 9 kHz do 3,2 GHz, \u0142\u0105cz\u0105c analizator widma i wektorowy analizator sieci z zakresem cz\u0119stotliwo\u015bci od 100 kHz do 3,2 GHz. Charakteryzuje si\u0119 poziomem szumu fazowego poni\u017cej -98 dBc\/Hz i oferuje szeroko\u015b\u0107 pasma rozdzielczo\u015bci (RBW) regulowan\u0105 w zakresie od 1 Hz do 1 MHz. Urz\u0105dzenie osi\u0105ga minimalny wy\u015bwietlany \u015bredni poziom szum\u00f3w (DANL) wynosz\u0105cy -161 dBm\/Hz, zapewniaj\u0105c wysok\u0105 czu\u0142o\u015b\u0107 wykrywania sygna\u0142u. Jego ca\u0142kowita dok\u0142adno\u015b\u0107 amplitudy jest utrzymywana poni\u017cej 0,7 dB, wspieraj\u0105c precyzyjne pomiary amplitudy. Analizator obs\u0142uguje funkcj\u0119 generatora \u015bledz\u0105cego (TG), zwi\u0119kszaj\u0105c jego mo\u017cliwo\u015bci testowe. Dzi\u0119ki zakresowi dynamiki 90 dB i dw\u00f3m dost\u0119pnym portom, SVA1032X jest przeznaczony do wszechstronnych zastosowa\u0144 analizy sygna\u0142u. Model ten nie jest przeno\u015bny i obejmuje maksymaln\u0105 cz\u0119stotliwo\u015b\u0107 3,2 GHz, dzi\u0119ki czemu nadaje si\u0119 do szerokiego zakresu scenariuszy testowania RF.<\/p>","protected":false},"excerpt":{"rendered":"<p>9 KHz &#8211; 3.2 GHz SA, 100kHz-3.2GHz VNA, Phase Noise &lt; -98 dBc\/Hz, RBW 1 Hz - 1 MHz, Min. DANL -161 dBm\/Hz, Dok\u0142adno\u015b\u0107 amplitudy ca\u0142kowitej&lt;0,7 dB, Wsparcie TG;\n<\/p>","protected":false},"featured_media":5210,"comment_status":"closed","ping_status":"closed","template":"","meta":{"_acf_changed":false,"slim_seo":{"title":"SVA1032X - YOTAVIS AG","description":"9 kHz - 3,2 GHz SA, 100 kHz - 3,2 GHz VNA, szum fazowy &lt; -98 dBc\/Hz, RBW 1 Hz - 1 MHz, Min. DANL -161 dBm\/Hz, Dok\u0142adno\u015b\u0107 amplitudy ca\u0142kowitej&lt;0,7 dB, Wsparcie TG;"}},"product_brand":[506],"product_cat":[523,525],"product_tag":[],"class_list":{"0":"post-3642","1":"product","2":"type-product","3":"status-publish","4":"has-post-thumbnail","6":"product_brand-siglent","7":"product_cat-analyser","8":"product_cat-vna","9":"pa_dynamic-range-db-187","10":"pa_frequency-max-mhz-429","11":"pa_frequency-min-hz-177","12":"pa_handheld-no","13":"pa_ports-188","15":"first","16":"instock","17":"taxable","18":"shipping-taxable","19":"purchasable","20":"product-type-simple"},"acf":[],"_links":{"self":[{"href":"https:\/\/yotavis.ch\/pl\/wp-json\/wp\/v2\/product\/3642","targetHints":{"allow":["GET"]}}],"collection":[{"href":"https:\/\/yotavis.ch\/pl\/wp-json\/wp\/v2\/product"}],"about":[{"href":"https:\/\/yotavis.ch\/pl\/wp-json\/wp\/v2\/types\/product"}],"replies":[{"embeddable":true,"href":"https:\/\/yotavis.ch\/pl\/wp-json\/wp\/v2\/comments?post=3642"}],"wp:featuredmedia":[{"embeddable":true,"href":"https:\/\/yotavis.ch\/pl\/wp-json\/wp\/v2\/media\/5210"}],"wp:attachment":[{"href":"https:\/\/yotavis.ch\/pl\/wp-json\/wp\/v2\/media?parent=3642"}],"wp:term":[{"taxonomy":"product_brand","embeddable":true,"href":"https:\/\/yotavis.ch\/pl\/wp-json\/wp\/v2\/product_brand?post=3642"},{"taxonomy":"product_cat","embeddable":true,"href":"https:\/\/yotavis.ch\/pl\/wp-json\/wp\/v2\/product_cat?post=3642"},{"taxonomy":"product_tag","embeddable":true,"href":"https:\/\/yotavis.ch\/pl\/wp-json\/wp\/v2\/product_tag?post=3642"}],"curies":[{"name":"wp","href":"https:\/\/api.w.org\/{rel}","templated":true}]}}