{"id":3643,"date":"2025-10-09T00:00:00","date_gmt":"2025-10-08T22:00:00","guid":{"rendered":"https:\/\/yotavis.ch\/product\/sva1075x\/"},"modified":"2026-04-24T13:28:07","modified_gmt":"2026-04-24T11:28:07","slug":"sva1075x","status":"publish","type":"product","link":"https:\/\/yotavis.ch\/pl\/produkt\/sva1075x\/","title":{"rendered":"SVA1075X"},"content":{"rendered":"<p>Siglent SVA1075X dzia\u0142a w zakresie cz\u0119stotliwo\u015bci od 9 kHz do 7,5 GHz, \u0142\u0105cz\u0105c analizator widma i wektorowy analizator sieci z zakresem cz\u0119stotliwo\u015bci od 100 kHz do 7,5 GHz. Charakteryzuje si\u0119 poziomem szumu fazowego poni\u017cej -98 dBc\/Hz, zapewniaj\u0105c precyzyjn\u0105 analiz\u0119 sygna\u0142u. Szeroko\u015b\u0107 pasma rozdzielczo\u015bci (RBW) mo\u017cna regulowa\u0107 w zakresie od 1 Hz do 1 MHz, co pozwala na szczeg\u00f3\u0142ow\u0105 rozdzielczo\u015b\u0107 cz\u0119stotliwo\u015bci. Urz\u0105dzenie osi\u0105ga minimalny wy\u015bwietlany \u015bredni poziom szum\u00f3w (DANL) wynosz\u0105cy -165 dBm\/Hz, co przyczynia si\u0119 do jego czu\u0142o\u015bci w wykrywaniu sygna\u0142\u00f3w o niskim poziomie. Ca\u0142kowita dok\u0142adno\u015b\u0107 amplitudy jest utrzymywana na poziomie poni\u017cej 0,7 dB, co zapewnia niezawodne pomiary amplitudy. SVA1075X obs\u0142uguje generator \u015bledz\u0105cy (TG), zwi\u0119kszaj\u0105c jego mo\u017cliwo\u015bci w zakresie testowania i pomiar\u00f3w. Zawiera dwa porty i oferuje zakres dynamiki 90 dB, odpowiedni do r\u00f3\u017cnych zada\u0144 analizy sygna\u0142u. Model ten nie jest przeno\u015bny i obejmuje zakres cz\u0119stotliwo\u015bci od 9000 Hz do 7500 MHz.<\/p>","protected":false},"excerpt":{"rendered":"<p>9 KHz &#8211; 7.5 GHz SA, 100kHz-7.5GHz VNA, Phase Noise &lt; -98 dBc\/Hz, RBW 1 Hz - 1 MHz, Min. DANL -165 dBm\/Hz, Dok\u0142adno\u015b\u0107 amplitudy ca\u0142kowitej&lt;0,7 dB, Wsparcie TG;\n<\/p>","protected":false},"featured_media":5216,"comment_status":"closed","ping_status":"closed","template":"","meta":{"_acf_changed":false,"slim_seo":{"title":"SVA1075X - YOTAVIS AG","description":"9 kHz - 7,5 GHz SA, 100 kHz - 7,5 GHz VNA, szum fazowy &lt; -98 dBc\/Hz, RBW 1 Hz - 1 MHz, Min. DANL -165 dBm\/Hz, Dok\u0142adno\u015b\u0107 amplitudy ca\u0142kowitej&lt;0,7 dB, Wsparcie TG;"}},"product_brand":[506],"product_cat":[523,525],"product_tag":[],"class_list":{"0":"post-3643","1":"product","2":"type-product","3":"status-publish","4":"has-post-thumbnail","6":"product_brand-siglent","7":"product_cat-analyser","8":"product_cat-vna","9":"pa_dynamic-range-db-187","10":"pa_frequency-max-mhz-431","11":"pa_frequency-min-hz-177","12":"pa_handheld-no","13":"pa_ports-188","15":"first","16":"instock","17":"taxable","18":"shipping-taxable","19":"purchasable","20":"product-type-simple"},"acf":[],"_links":{"self":[{"href":"https:\/\/yotavis.ch\/pl\/wp-json\/wp\/v2\/product\/3643","targetHints":{"allow":["GET"]}}],"collection":[{"href":"https:\/\/yotavis.ch\/pl\/wp-json\/wp\/v2\/product"}],"about":[{"href":"https:\/\/yotavis.ch\/pl\/wp-json\/wp\/v2\/types\/product"}],"replies":[{"embeddable":true,"href":"https:\/\/yotavis.ch\/pl\/wp-json\/wp\/v2\/comments?post=3643"}],"wp:featuredmedia":[{"embeddable":true,"href":"https:\/\/yotavis.ch\/pl\/wp-json\/wp\/v2\/media\/5216"}],"wp:attachment":[{"href":"https:\/\/yotavis.ch\/pl\/wp-json\/wp\/v2\/media?parent=3643"}],"wp:term":[{"taxonomy":"product_brand","embeddable":true,"href":"https:\/\/yotavis.ch\/pl\/wp-json\/wp\/v2\/product_brand?post=3643"},{"taxonomy":"product_cat","embeddable":true,"href":"https:\/\/yotavis.ch\/pl\/wp-json\/wp\/v2\/product_cat?post=3643"},{"taxonomy":"product_tag","embeddable":true,"href":"https:\/\/yotavis.ch\/pl\/wp-json\/wp\/v2\/product_tag?post=3643"}],"curies":[{"name":"wp","href":"https:\/\/api.w.org\/{rel}","templated":true}]}}