{"id":3644,"date":"2025-10-09T00:00:00","date_gmt":"2025-10-08T22:00:00","guid":{"rendered":"https:\/\/yotavis.ch\/product\/sha851a\/"},"modified":"2026-04-24T13:28:08","modified_gmt":"2026-04-24T11:28:08","slug":"sha851a","status":"publish","type":"product","link":"https:\/\/yotavis.ch\/pl\/produkt\/sha851a\/","title":{"rendered":"SHA851A"},"content":{"rendered":"<p>SHA851A firmy Siglent to r\u0119czny analizator widma, kt\u00f3ry dzia\u0142a w zakresie cz\u0119stotliwo\u015bci od 9 kHz do 3,6 GHz. Dzia\u0142a r\u00f3wnie\u017c jako analizator kabli i anten obejmuj\u0105cy cz\u0119stotliwo\u015bci od 100 kHz do 3,6 GHz. Urz\u0105dzenie charakteryzuje si\u0119 wy\u015bwietlanym \u015brednim poziomem szum\u00f3w wynosz\u0105cym -165 dBm\/Hz, co pozwala na czu\u0142e wykrywanie sygna\u0142u. Jego szum fazowy jest oceniany na -104 dBc\/Hz, co przyczynia si\u0119 do jego precyzji pomiaru. Maksymalna cz\u0119stotliwo\u015b\u0107 obs\u0142ugiwana przez analizator wynosi 3600 MHz, a minimalna 9000 Hz. Szeroko\u015b\u0107 pasma analizy wynosi 3 MHz, co definiuje zakres cz\u0119stotliwo\u015bci, kt\u00f3re mo\u017ce analizowa\u0107 jednocze\u015bnie. Zaprojektowany z my\u015bl\u0105 o przeno\u015bno\u015bci, SHA851A jest r\u0119czny, dzi\u0119ki czemu nadaje si\u0119 do u\u017cytku w terenie i testowania na miejscu bez potrzeby stosowania dodatkowego sprz\u0119tu.<\/p>","protected":false},"excerpt":{"rendered":"<p>R\u0119czny analizator widma 9 kHz~3,6 GHz, analizator kablowy i antenowy 100 kHz~3,6 GHz, -165 dBm\/Hz Wy\u015bwietlana warto\u015b\u0107 \u015brednia<\/p>","protected":false},"featured_media":14327,"comment_status":"closed","ping_status":"closed","template":"","meta":{"_acf_changed":false,"slim_seo":{"title":"SHA851A - YOTAVIS AG","description":"R\u0119czny analizator widma 9 kHz~3,6 GHz, analizator kablowy i antenowy 100 kHz~3,6 GHz, -165 dBm\/Hz Wy\u015bwietlana warto\u015b\u0107 \u015brednia"}},"product_brand":[506],"product_cat":[523,524],"product_tag":[],"class_list":{"0":"post-3644","1":"product","2":"type-product","3":"status-publish","4":"has-post-thumbnail","6":"product_brand-siglent","7":"product_cat-analyser","8":"product_cat-signal-spectrum-analyser","9":"pa_analysis-bandwidth-mhz-191","10":"pa_danl-dbm-hz-184","11":"pa_frequency-max-mhz-434","12":"pa_frequency-min-hz-177","13":"pa_handheld-yes","14":"pa_rtsa-no","16":"first","17":"instock","18":"taxable","19":"shipping-taxable","20":"purchasable","21":"product-type-simple"},"acf":[],"_links":{"self":[{"href":"https:\/\/yotavis.ch\/pl\/wp-json\/wp\/v2\/product\/3644","targetHints":{"allow":["GET"]}}],"collection":[{"href":"https:\/\/yotavis.ch\/pl\/wp-json\/wp\/v2\/product"}],"about":[{"href":"https:\/\/yotavis.ch\/pl\/wp-json\/wp\/v2\/types\/product"}],"replies":[{"embeddable":true,"href":"https:\/\/yotavis.ch\/pl\/wp-json\/wp\/v2\/comments?post=3644"}],"wp:featuredmedia":[{"embeddable":true,"href":"https:\/\/yotavis.ch\/pl\/wp-json\/wp\/v2\/media\/14327"}],"wp:attachment":[{"href":"https:\/\/yotavis.ch\/pl\/wp-json\/wp\/v2\/media?parent=3644"}],"wp:term":[{"taxonomy":"product_brand","embeddable":true,"href":"https:\/\/yotavis.ch\/pl\/wp-json\/wp\/v2\/product_brand?post=3644"},{"taxonomy":"product_cat","embeddable":true,"href":"https:\/\/yotavis.ch\/pl\/wp-json\/wp\/v2\/product_cat?post=3644"},{"taxonomy":"product_tag","embeddable":true,"href":"https:\/\/yotavis.ch\/pl\/wp-json\/wp\/v2\/product_tag?post=3644"}],"curies":[{"name":"wp","href":"https:\/\/api.w.org\/{rel}","templated":true}]}}