{"id":3645,"date":"2025-10-09T00:00:00","date_gmt":"2025-10-08T22:00:00","guid":{"rendered":"https:\/\/yotavis.ch\/product\/sha852a\/"},"modified":"2026-04-24T13:28:10","modified_gmt":"2026-04-24T11:28:10","slug":"sha852a","status":"publish","type":"product","link":"https:\/\/yotavis.ch\/pl\/produkt\/sha852a\/","title":{"rendered":"SHA852A"},"content":{"rendered":"<p>Siglent SHA852A to r\u0119czny analizator widma, kt\u00f3ry dzia\u0142a w zakresie cz\u0119stotliwo\u015bci od 9 kHz do 7,5 GHz, zapewniaj\u0105c wszechstronne mo\u017cliwo\u015bci analizy r\u00f3\u017cnych typ\u00f3w sygna\u0142\u00f3w. Dzia\u0142a r\u00f3wnie\u017c jako analizator kabli i anten obejmuj\u0105cy cz\u0119stotliwo\u015bci od 100 kHz do 7,5 GHz. Urz\u0105dzenie charakteryzuje si\u0119 wy\u015bwietlanym \u015brednim poziomem szum\u00f3w wynosz\u0105cym -165 dBm\/Hz, co pozwala na czu\u0142e wykrywanie sygna\u0142u. Jego szum fazowy wynosi -104 dBc\/Hz, przyczyniaj\u0105c si\u0119 do dok\u0142adnych pomiar\u00f3w cz\u0119stotliwo\u015bci. Analizator obs\u0142uguje pasmo analizy 3 MHz, umo\u017cliwiaj\u0105c szczeg\u00f3\u0142owe badanie charakterystyki sygna\u0142u. Zaprojektowany z my\u015bl\u0105 o przeno\u015bno\u015bci, SHA852A jest r\u0119czny, dzi\u0119ki czemu nadaje si\u0119 do u\u017cytku w terenie. Maksymalna cz\u0119stotliwo\u015b\u0107, jak\u0105 mo\u017ce zmierzy\u0107 wynosi 7,5 GHz, podczas gdy minimalna cz\u0119stotliwo\u015b\u0107 to 9 kHz. Ta kombinacja funkcji sprawia, \u017ce SHA852A jest wszechstronnym narz\u0119dziem do analizy widma i kabli.<\/p>","protected":false},"excerpt":{"rendered":"<p>9 kHz~7,5 GHz r\u0119czny analizator widma, 100 kHz~7,5 GHz analizator kablowy i antenowy, -165 dBm\/Hz wy\u015bwietlana \u015brednia<\/p>","protected":false},"featured_media":5224,"comment_status":"closed","ping_status":"closed","template":"","meta":{"_acf_changed":false,"slim_seo":{"title":"SHA852A - YOTAVIS AG","description":"9 kHz~7,5 GHz r\u0119czny analizator widma, 100 kHz~7,5 GHz analizator kablowy i antenowy, -165 dBm\/Hz wy\u015bwietlana \u015brednia"}},"product_brand":[506],"product_cat":[523,524],"product_tag":[],"class_list":{"0":"post-3645","1":"product","2":"type-product","3":"status-publish","4":"has-post-thumbnail","6":"product_brand-siglent","7":"product_cat-analyser","8":"product_cat-signal-spectrum-analyser","9":"pa_analysis-bandwidth-mhz-191","10":"pa_danl-dbm-hz-184","11":"pa_frequency-max-mhz-431","12":"pa_frequency-min-hz-177","13":"pa_handheld-yes","14":"pa_rtsa-no","16":"first","17":"instock","18":"taxable","19":"shipping-taxable","20":"purchasable","21":"product-type-simple"},"acf":[],"_links":{"self":[{"href":"https:\/\/yotavis.ch\/pl\/wp-json\/wp\/v2\/product\/3645","targetHints":{"allow":["GET"]}}],"collection":[{"href":"https:\/\/yotavis.ch\/pl\/wp-json\/wp\/v2\/product"}],"about":[{"href":"https:\/\/yotavis.ch\/pl\/wp-json\/wp\/v2\/types\/product"}],"replies":[{"embeddable":true,"href":"https:\/\/yotavis.ch\/pl\/wp-json\/wp\/v2\/comments?post=3645"}],"wp:featuredmedia":[{"embeddable":true,"href":"https:\/\/yotavis.ch\/pl\/wp-json\/wp\/v2\/media\/5224"}],"wp:attachment":[{"href":"https:\/\/yotavis.ch\/pl\/wp-json\/wp\/v2\/media?parent=3645"}],"wp:term":[{"taxonomy":"product_brand","embeddable":true,"href":"https:\/\/yotavis.ch\/pl\/wp-json\/wp\/v2\/product_brand?post=3645"},{"taxonomy":"product_cat","embeddable":true,"href":"https:\/\/yotavis.ch\/pl\/wp-json\/wp\/v2\/product_cat?post=3645"},{"taxonomy":"product_tag","embeddable":true,"href":"https:\/\/yotavis.ch\/pl\/wp-json\/wp\/v2\/product_tag?post=3645"}],"curies":[{"name":"wp","href":"https:\/\/api.w.org\/{rel}","templated":true}]}}