{"id":3648,"date":"2025-10-09T00:00:00","date_gmt":"2025-10-08T22:00:00","guid":{"rendered":"https:\/\/yotavis.ch\/product\/ant-da11\/"},"modified":"2026-04-24T13:28:14","modified_gmt":"2026-04-24T11:28:14","slug":"ant-da11","status":"publish","type":"product","link":"https:\/\/yotavis.ch\/pl\/produkt\/ant-da11\/","title":{"rendered":"ANT-DA11"},"content":{"rendered":"<p>ANT-DA11 firmy Siglent zawiera uchwyt wzmacniacza i anten\u0119 od 10 MHz do 200 MHz. Typowy zysk anteny wynosi 10 dB, co zapewnia skuteczny odbi\u00f3r sygna\u0142u w zakresie cz\u0119stotliwo\u015bci. Antena ma wsp\u00f3\u0142czynnik fali stoj\u0105cej (SWR) mniejszy ni\u017c 1:1,9, co jest typow\u0105 warto\u015bci\u0105 wskazuj\u0105c\u0105 na skuteczne dopasowanie impedancji. Zosta\u0142a zaprojektowana z impedancj\u0105 50\u03a9 i wykorzystuje z\u0142\u0105cze \u017ce\u0144skie typu N dla bezpiecznych i niezawodnych po\u0142\u0105cze\u0144. Antena obs\u0142uguje zar\u00f3wno poziomy, jak i pionowy kierunek polaryzacji, umo\u017cliwiaj\u0105c wszechstronny odbi\u00f3r sygna\u0142u w zale\u017cno\u015bci od orientacji. Ta kombinacja cech sprawia, \u017ce ANT-DA11 nadaje si\u0119 do zastosowa\u0144 wymagaj\u0105cych szerokiego zakresu cz\u0119stotliwo\u015bci i elastycznych opcji polaryzacji.<\/p>","protected":false},"excerpt":{"rendered":"<p>Zawiera uchwyt wzmacniacza i anten\u0119 10 MHz ~ 200 MHz. Wzmocnienie anteny 10dB (warto\u015b\u0107 typowa); SWR &lt;1_1,9 (warto\u015b\u0107 typowa); typ 50\u03a9\/N, \u017ce\u0144ski; kierunek polaryzacji poziomy i pionowy\n<\/p>","protected":false},"featured_media":5242,"comment_status":"closed","ping_status":"closed","template":"","meta":{"_acf_changed":false,"slim_seo":{"title":"ANT-DA11 - YOTAVIS AG","description":"Zawiera uchwyt wzmacniacza i anten\u0119 10 MHz ~ 200 MHz. Wzmocnienie anteny 10dB (warto\u015b\u0107 typowa); SWR <1_1.9 (typical value); 50\u03a9\/N type, female; polarization direction"}},"product_brand":[506],"product_cat":[526,527],"product_tag":[],"class_list":{"0":"post-3648","1":"product","2":"type-product","3":"status-publish","4":"has-post-thumbnail","6":"product_brand-siglent","7":"product_cat-accessories","8":"product_cat-antenna-en","10":"first","11":"instock","12":"taxable","13":"shipping-taxable","14":"purchasable","15":"product-type-simple"},"acf":[],"_links":{"self":[{"href":"https:\/\/yotavis.ch\/pl\/wp-json\/wp\/v2\/product\/3648","targetHints":{"allow":["GET"]}}],"collection":[{"href":"https:\/\/yotavis.ch\/pl\/wp-json\/wp\/v2\/product"}],"about":[{"href":"https:\/\/yotavis.ch\/pl\/wp-json\/wp\/v2\/types\/product"}],"replies":[{"embeddable":true,"href":"https:\/\/yotavis.ch\/pl\/wp-json\/wp\/v2\/comments?post=3648"}],"wp:featuredmedia":[{"embeddable":true,"href":"https:\/\/yotavis.ch\/pl\/wp-json\/wp\/v2\/media\/5242"}],"wp:attachment":[{"href":"https:\/\/yotavis.ch\/pl\/wp-json\/wp\/v2\/media?parent=3648"}],"wp:term":[{"taxonomy":"product_brand","embeddable":true,"href":"https:\/\/yotavis.ch\/pl\/wp-json\/wp\/v2\/product_brand?post=3648"},{"taxonomy":"product_cat","embeddable":true,"href":"https:\/\/yotavis.ch\/pl\/wp-json\/wp\/v2\/product_cat?post=3648"},{"taxonomy":"product_tag","embeddable":true,"href":"https:\/\/yotavis.ch\/pl\/wp-json\/wp\/v2\/product_tag?post=3648"}],"curies":[{"name":"wp","href":"https:\/\/api.w.org\/{rel}","templated":true}]}}